{"id":1436,"date":"2022-07-11T07:51:00","date_gmt":"2022-07-11T07:51:00","guid":{"rendered":"http:\/\/artvisionsculptures.com\/?post_type=product&#038;p=1436"},"modified":"2024-01-16T08:01:13","modified_gmt":"2024-01-16T08:01:13","slug":"mirror-polished-number-stainless-steel-sculpture","status":"publish","type":"product","link":"https:\/\/artvisionsculptures.com\/es\/producto\/mirror-polished-number-stainless-steel-sculpture\/","title":{"rendered":"Escultura de acero inoxidable pulido espejo"},"content":{"rendered":"<p>El Centro de Exposiciones Digital China de Fuzhou se complet\u00f3 en 2019. Fuera del recinto, la escultura tridimensional en forma de n\u00famero atrae la atenci\u00f3n de los transe\u00fantes. Es una escultura abstracta en forma de n\u00famero ocho colocada horizontalmente. Est\u00e1 hecha de acero inoxidable 316L con acabado pulido espejo en una altura de 3 metros. La escultura ya es un s\u00edmbolo del Centro de Exposiciones y refleja el tema de Digital China.<\/p>","protected":false},"excerpt":{"rendered":"<p><strong>Informaci\u00f3n b\u00e1sica:<\/strong><\/p>\n<p>Material: acero inoxidable 316L<\/p>\n<p>Dimensi\u00f3n: H3m<\/p>\n<p>Tratamiento de Superficie: Pulido Espejo<\/p>\n<p>&nbsp;<\/p>","protected":false},"featured_media":1438,"template":"","meta":[],"product_cat":[46],"product_tag":[],"class_list":{"0":"post-1436","1":"product","2":"type-product","3":"status-publish","4":"has-post-thumbnail","6":"product_cat-stainless-steel-sculpture","8":"first","9":"instock","10":"shipping-taxable","11":"product-type-simple"},"_links":{"self":[{"href":"https:\/\/artvisionsculptures.com\/es\/wp-json\/wp\/v2\/product\/1436","targetHints":{"allow":["GET"]}}],"collection":[{"href":"https:\/\/artvisionsculptures.com\/es\/wp-json\/wp\/v2\/product"}],"about":[{"href":"https:\/\/artvisionsculptures.com\/es\/wp-json\/wp\/v2\/types\/product"}],"version-history":[{"count":1,"href":"https:\/\/artvisionsculptures.com\/es\/wp-json\/wp\/v2\/product\/1436\/revisions"}],"predecessor-version":[{"id":1440,"href":"https:\/\/artvisionsculptures.com\/es\/wp-json\/wp\/v2\/product\/1436\/revisions\/1440"}],"wp:featuredmedia":[{"embeddable":true,"href":"https:\/\/artvisionsculptures.com\/es\/wp-json\/wp\/v2\/media\/1438"}],"wp:attachment":[{"href":"https:\/\/artvisionsculptures.com\/es\/wp-json\/wp\/v2\/media?parent=1436"}],"wp:term":[{"taxonomy":"product_cat","embeddable":true,"href":"https:\/\/artvisionsculptures.com\/es\/wp-json\/wp\/v2\/product_cat?post=1436"},{"taxonomy":"product_tag","embeddable":true,"href":"https:\/\/artvisionsculptures.com\/es\/wp-json\/wp\/v2\/product_tag?post=1436"}],"curies":[{"name":"wp","href":"https:\/\/api.w.org\/{rel}","templated":true}]}}