{"id":1441,"date":"2023-11-11T08:06:45","date_gmt":"2023-11-11T08:06:45","guid":{"rendered":"http:\/\/artvisionsculptures.com\/?post_type=product&#038;p=1441"},"modified":"2024-01-16T08:13:37","modified_gmt":"2024-01-16T08:13:37","slug":"abstracted-casting-mirrored-stainless-steel-sculpture","status":"publish","type":"product","link":"https:\/\/artvisionsculptures.com\/es\/producto\/abstracted-casting-mirrored-stainless-steel-sculpture\/","title":{"rendered":"Escultura de acero inoxidable espejada y fundida de forma abstracta"},"content":{"rendered":"<p>La escultura del Arquero se inspira en figuras humanas abstractas, representando una pose de tiro con arco elegante. Fabricada en acero inoxidable de alta calidad 316L, esta deslumbrante obra de arte presenta una superficie pulida como un espejo, con un alto nivel de reflectividad, y exhibe l\u00edneas suaves y din\u00e1micas.<\/p>\n<p>Con una altura de 70cm, esta brillante escultura se crea mediante un proceso de fundici\u00f3n tradicional, garantizando precisi\u00f3n y reproducci\u00f3n fiel del dise\u00f1o original del artista. Es adecuada tanto para interiores como para exteriores, encontrando su lugar en jardines, patios, vest\u00edbulos o colecciones privadas, armonizando sin esfuerzo con entornos naturales y arquitectura moderna.<\/p>","protected":false},"excerpt":{"rendered":"<p><strong>Informaci\u00f3n b\u00e1sica:<\/strong><\/p>\n<p>Material: Acero inoxidable 316L<\/p>\n<p>Dimensi\u00f3n: H70cm<\/p>\n<p>Tratamiento de Superficie: Pulido Espejo<\/p>","protected":false},"featured_media":1443,"template":"","meta":[],"product_cat":[46],"product_tag":[],"class_list":{"0":"post-1441","1":"product","2":"type-product","3":"status-publish","4":"has-post-thumbnail","6":"product_cat-stainless-steel-sculpture","8":"first","9":"instock","10":"shipping-taxable","11":"product-type-simple"},"_links":{"self":[{"href":"https:\/\/artvisionsculptures.com\/es\/wp-json\/wp\/v2\/product\/1441","targetHints":{"allow":["GET"]}}],"collection":[{"href":"https:\/\/artvisionsculptures.com\/es\/wp-json\/wp\/v2\/product"}],"about":[{"href":"https:\/\/artvisionsculptures.com\/es\/wp-json\/wp\/v2\/types\/product"}],"version-history":[{"count":1,"href":"https:\/\/artvisionsculptures.com\/es\/wp-json\/wp\/v2\/product\/1441\/revisions"}],"predecessor-version":[{"id":1447,"href":"https:\/\/artvisionsculptures.com\/es\/wp-json\/wp\/v2\/product\/1441\/revisions\/1447"}],"wp:featuredmedia":[{"embeddable":true,"href":"https:\/\/artvisionsculptures.com\/es\/wp-json\/wp\/v2\/media\/1443"}],"wp:attachment":[{"href":"https:\/\/artvisionsculptures.com\/es\/wp-json\/wp\/v2\/media?parent=1441"}],"wp:term":[{"taxonomy":"product_cat","embeddable":true,"href":"https:\/\/artvisionsculptures.com\/es\/wp-json\/wp\/v2\/product_cat?post=1441"},{"taxonomy":"product_tag","embeddable":true,"href":"https:\/\/artvisionsculptures.com\/es\/wp-json\/wp\/v2\/product_tag?post=1441"}],"curies":[{"name":"wp","href":"https:\/\/api.w.org\/{rel}","templated":true}]}}