{"id":2632,"date":"2025-05-23T07:32:27","date_gmt":"2025-05-23T07:32:27","guid":{"rendered":"https:\/\/artvisionsculptures.com\/?post_type=product&#038;p=2632"},"modified":"2025-05-23T07:45:55","modified_gmt":"2025-05-23T07:45:55","slug":"stunning-patina-brass-statue","status":"publish","type":"product","link":"https:\/\/artvisionsculptures.com\/es\/producto\/stunning-patina-brass-statue\/","title":{"rendered":"Impresionante Estatua de Lat\u00f3n con Patina"},"content":{"rendered":"<p><span style=\"font-family: arial, helvetica, sans-serif;\">Como fabricante de esculturas de metal de confianza, nos enorgullece presentar nuestra \u00faltima obra maestra: una impresionante escultura de lat\u00f3n forjada a mano que combina arte con significado cultural. Con una altura de 1.8 metros, esta pieza exquisita muestra la fusi\u00f3n perfecta de tri\u00e1ngulos arquitect\u00f3nicos y la forma elegante del nudo chino, simbolizando suerte, unidad y felicidad.<\/span><\/p>\n<p><span style=\"font-family: arial, helvetica, sans-serif;\">Elaborada por artesanos expertos, cada curva y \u00e1ngulo se moldea meticulosamente mediante t\u00e9cnicas tradicionales de forjado a mano, garantizando durabilidad y un acabado atemporal. El c\u00e1lido brillo del lat\u00f3n de alta calidad a\u00f1ade sofisticaci\u00f3n, convirti\u00e9ndola en un centro de atenci\u00f3n llamativo para hogares, hoteles o espacios p\u00fablicos.<\/span><\/p>\n<p><span style=\"font-family: arial, helvetica, sans-serif;\">Lo que nos distingue como un fabricante l\u00edder de esculturas es nuestra dedicaci\u00f3n a esculturas de metal personalizadas. Ya sea que busques un dise\u00f1o \u00fanico o un tama\u00f1o a medida, colaboramos estrechamente con los clientes para dar vida a sus ideas.<\/span><\/p>\n<p><span style=\"font-family: arial, helvetica, sans-serif;\">Esta escultura no es solo decoraci\u00f3n, es una historia de artesan\u00eda y armon\u00eda cultural. Eleva tu espacio con un s\u00edmbolo de belleza y positividad.<\/span><\/p>\n<p><span style=\"font-family: arial, helvetica, sans-serif;\">\u00bfInteresado en arte personalizado en lat\u00f3n? \u00a1Cont\u00e1ctanos hoy!<\/span><\/p>","protected":false},"excerpt":{"rendered":"<p><span style=\"font-family: arial, helvetica, sans-serif;\">Informaci\u00f3n b\u00e1sica\uff1a<\/span><\/p>\n<p><span style=\"font-family: arial, helvetica, sans-serif;\">Material: Lat\u00f3n<\/span><\/p>\n<p><span style=\"font-family: arial, helvetica, sans-serif;\">Dimensi\u00f3n: H180cm<\/span><\/p>\n<p><span style=\"font-family: arial, helvetica, sans-serif;\">Tratamiento de superficie: P\u00e1tina<\/span><\/p>","protected":false},"featured_media":2634,"template":"","meta":[],"product_cat":[64],"product_tag":[],"class_list":{"0":"post-2632","1":"product","2":"type-product","3":"status-publish","4":"has-post-thumbnail","6":"product_cat-brass-sculptures","8":"first","9":"instock","10":"shipping-taxable","11":"product-type-simple"},"_links":{"self":[{"href":"https:\/\/artvisionsculptures.com\/es\/wp-json\/wp\/v2\/product\/2632","targetHints":{"allow":["GET"]}}],"collection":[{"href":"https:\/\/artvisionsculptures.com\/es\/wp-json\/wp\/v2\/product"}],"about":[{"href":"https:\/\/artvisionsculptures.com\/es\/wp-json\/wp\/v2\/types\/product"}],"version-history":[{"count":3,"href":"https:\/\/artvisionsculptures.com\/es\/wp-json\/wp\/v2\/product\/2632\/revisions"}],"predecessor-version":[{"id":4598,"href":"https:\/\/artvisionsculptures.com\/es\/wp-json\/wp\/v2\/product\/2632\/revisions\/4598"}],"wp:featuredmedia":[{"embeddable":true,"href":"https:\/\/artvisionsculptures.com\/es\/wp-json\/wp\/v2\/media\/2634"}],"wp:attachment":[{"href":"https:\/\/artvisionsculptures.com\/es\/wp-json\/wp\/v2\/media?parent=2632"}],"wp:term":[{"taxonomy":"product_cat","embeddable":true,"href":"https:\/\/artvisionsculptures.com\/es\/wp-json\/wp\/v2\/product_cat?post=2632"},{"taxonomy":"product_tag","embeddable":true,"href":"https:\/\/artvisionsculptures.com\/es\/wp-json\/wp\/v2\/product_tag?post=2632"}],"curies":[{"name":"wp","href":"https:\/\/api.w.org\/{rel}","templated":true}]}}