{"id":2649,"date":"2025-05-15T07:40:22","date_gmt":"2025-05-15T07:40:22","guid":{"rendered":"https:\/\/artvisionsculptures.com\/?post_type=product&#038;p=2649"},"modified":"2025-05-23T07:44:08","modified_gmt":"2025-05-23T07:44:08","slug":"timeless-brass-art-sculpture","status":"publish","type":"product","link":"https:\/\/artvisionsculptures.com\/es\/producto\/timeless-brass-art-sculpture\/","title":{"rendered":"Escultura de Arte en Lat\u00f3n Atemporal"},"content":{"rendered":"<p><span style=\"font-family: arial, helvetica, sans-serif;\">En Artvision, nos enorgullece crear exquisitas esculturas de lat\u00f3n forjadas a mano que combinan arte y artesan\u00eda. Nuestra \u00faltima obra maestra es una impresionante escultura de lat\u00f3n de 1.9 metros de altura, meticulosamente moldeada por artesanos expertos.<\/span><\/p>\n<p><span style=\"font-family: arial, helvetica, sans-serif;\">Fabricadas con lat\u00f3n de alta calidad, nuestras esculturas ofrecen durabilidad, un c\u00e1lido tono dorado y un atractivo atemporal. A diferencia de las piezas producidas en masa, cada escultura es forjada a mano, asegurando texturas \u00fanicas y detalles finos que solo la artesan\u00eda tradicional puede lograr.<\/span><\/p>\n<p><span style=\"font-family: arial, helvetica, sans-serif;\">Crear una escultura de metal personalizada es un trabajo de amor. Aqu\u00ed tienes un vistazo a nuestro proceso:<\/span><br \/>\n<span style=\"font-family: arial, helvetica, sans-serif;\">Dise\u00f1o y Concepto \u2013 Colaboramos con los clientes o nos basamos en bocetos originales para dar forma a la visi\u00f3n.<\/span><br \/>\n<span style=\"font-family: arial, helvetica, sans-serif;\">Selecci\u00f3n de Material \u2013 Se eligen l\u00e1minas de lat\u00f3n de primera calidad por su maleabilidad y acabado rico.<\/span><br \/>\n<span style=\"font-family: arial, helvetica, sans-serif;\">Martillado a Mano \u2013 Los artesanos moldean cuidadosamente el metal utilizando t\u00e9cnicas de forjado ancestrales, dando car\u00e1cter distintivo a cada pieza.<\/span><br \/>\n<span style=\"font-family: arial, helvetica, sans-serif;\">Toques Finales \u2013 La escultura se pule, patina y sella para mejorar su durabilidad.<\/span><\/p>\n<p><span style=\"font-family: arial, helvetica, sans-serif;\">Perfecto para Personalizaci\u00f3n<\/span><br \/>\n<span style=\"font-family: arial, helvetica, sans-serif;\">Ya sea que necesites una escultura de metal a medida para un vest\u00edbulo de hotel, jard\u00edn o colecci\u00f3n privada, adaptamos los dise\u00f1os para que encajen con tu est\u00e9tica. Nuestra escultura de lat\u00f3n de 1.9 m hace una declaraci\u00f3n audaz, pero tambi\u00e9n fabricamos piezas m\u00e1s peque\u00f1as o m\u00e1s grandes bajo pedido.<\/span><\/p>","protected":false},"excerpt":{"rendered":"<p><span style=\"font-family: arial, helvetica, sans-serif;\">Informaci\u00f3n b\u00e1sica:<\/span><\/p>\n<p><span style=\"font-family: arial, helvetica, sans-serif;\">Material: Lat\u00f3n<\/span><\/p>\n<p><span style=\"font-family: arial, helvetica, sans-serif;\">Dimensi\u00f3n: H190cm<\/span><\/p>\n<p><span style=\"font-family: arial, helvetica, sans-serif;\">Tratamiento de superficie: P\u00e1tina<\/span><\/p>","protected":false},"featured_media":2639,"template":"","meta":[],"product_cat":[64],"product_tag":[],"class_list":{"0":"post-2649","1":"product","2":"type-product","3":"status-publish","4":"has-post-thumbnail","6":"product_cat-brass-sculptures","8":"first","9":"instock","10":"shipping-taxable","11":"product-type-simple"},"_links":{"self":[{"href":"https:\/\/artvisionsculptures.com\/es\/wp-json\/wp\/v2\/product\/2649","targetHints":{"allow":["GET"]}}],"collection":[{"href":"https:\/\/artvisionsculptures.com\/es\/wp-json\/wp\/v2\/product"}],"about":[{"href":"https:\/\/artvisionsculptures.com\/es\/wp-json\/wp\/v2\/types\/product"}],"version-history":[{"count":1,"href":"https:\/\/artvisionsculptures.com\/es\/wp-json\/wp\/v2\/product\/2649\/revisions"}],"predecessor-version":[{"id":2650,"href":"https:\/\/artvisionsculptures.com\/es\/wp-json\/wp\/v2\/product\/2649\/revisions\/2650"}],"wp:featuredmedia":[{"embeddable":true,"href":"https:\/\/artvisionsculptures.com\/es\/wp-json\/wp\/v2\/media\/2639"}],"wp:attachment":[{"href":"https:\/\/artvisionsculptures.com\/es\/wp-json\/wp\/v2\/media?parent=2649"}],"wp:term":[{"taxonomy":"product_cat","embeddable":true,"href":"https:\/\/artvisionsculptures.com\/es\/wp-json\/wp\/v2\/product_cat?post=2649"},{"taxonomy":"product_tag","embeddable":true,"href":"https:\/\/artvisionsculptures.com\/es\/wp-json\/wp\/v2\/product_tag?post=2649"}],"curies":[{"name":"wp","href":"https:\/\/api.w.org\/{rel}","templated":true}]}}