{"id":2653,"date":"2025-05-18T09:13:56","date_gmt":"2025-05-18T09:13:56","guid":{"rendered":"https:\/\/artvisionsculptures.com\/?post_type=product&#038;p=2653"},"modified":"2025-05-24T13:25:58","modified_gmt":"2025-05-24T13:25:58","slug":"monumental-matte-stainless-steel-sculpture","status":"publish","type":"product","link":"https:\/\/artvisionsculptures.com\/es\/producto\/monumental-matte-stainless-steel-sculpture\/","title":{"rendered":"Escultura monumental de acero inoxidable mate"},"content":{"rendered":"<p><span style=\"font-family: arial, helvetica, sans-serif;\">Como fabricante l\u00edder de esculturas de metal en China, nos enorgullece crear esculturas excepcionales de acero inoxidable que combinan arte y ingenier\u00eda. Nuestra \u00faltima pieza monumental\u2014una impresionante escultura de metal personalizada de 3 metros de altura y 15 metros de longitud\u2014muestra la perfecta fusi\u00f3n de la artesan\u00eda moderna y la t\u00e9cnica atemporal.<\/span><\/p>\n<p><span style=\"font-family: arial, helvetica, sans-serif;\">Forjada en acero inoxidable 304 de primera calidad, esta escultura encarna durabilidad y elegancia. La resistencia a la corrosi\u00f3n del material garantiza longevidad, lo que la hace ideal para instalaciones de arte p\u00fablico tanto en interiores como en exteriores. Nuestros artesanos expertos emplean una combinaci\u00f3n \u00fanica de forjado a mano y fundici\u00f3n tradicional en cera perdida, un proceso meticuloso que comienza con la escultura de un modelo de cera detallado, su encasado en un molde de cer\u00e1mica y luego el vertido de metal fundido para capturar cada detalle intrincado.<\/span><\/p>\n<p><span style=\"font-family: arial, helvetica, sans-serif;\">Inspirada en el movimiento fluido de las remos de las embarcaciones de canal\u2014donde las curvas r\u00edtmicas imitan el flujo del agua y la vitalidad similar a la de un drag\u00f3n\u2014esta obra de arte contempor\u00e1nea presenta una serie de formas repetitivas y progresivas que crean una sensaci\u00f3n hipn\u00f3tica de movimiento. La interacci\u00f3n de la luz y la sombra en sus superficies pulidas realza su profundidad visual.<\/span><\/p>\n<p><span style=\"font-family: arial, helvetica, sans-serif;\">Como fabricante confiable de esculturas de arte moderno, nos especializamos en creaciones met\u00e1licas a medida adaptadas a tu visi\u00f3n. Ya sea para paisajes urbanos, espacios corporativos o monumentos culturales, nuestras esculturas redefinen los entornos con dise\u00f1os audaces e imaginativos. Colabora con nosotros para dar vida a tus aspiraciones art\u00edsticas con precisi\u00f3n, pasi\u00f3n y una artesan\u00eda inigualable.<\/span><\/p>\n<p><span style=\"font-family: arial, helvetica, sans-serif;\">Vamos a moldear el futuro del arte p\u00fablico\u2014juntos.<\/span><\/p>","protected":false},"excerpt":{"rendered":"<p><span style=\"font-family: arial, helvetica, sans-serif;\">Informaci\u00f3n b\u00e1sica:<\/span><\/p>\n<p><span style=\"font-family: arial, helvetica, sans-serif;\">Material: acero inoxidable 304<\/span><\/p>\n<p><span style=\"font-family: arial, helvetica, sans-serif;\">Dimensi\u00f3n: H3m x L15m<\/span><\/p>\n<p><span style=\"font-family: arial, helvetica, sans-serif;\">Tratamiento de superficie: Mate<\/span><\/p>","protected":false},"featured_media":2654,"template":"","meta":[],"product_cat":[46],"product_tag":[],"class_list":{"0":"post-2653","1":"product","2":"type-product","3":"status-publish","4":"has-post-thumbnail","6":"product_cat-stainless-steel-sculpture","8":"first","9":"instock","10":"shipping-taxable","11":"product-type-simple"},"_links":{"self":[{"href":"https:\/\/artvisionsculptures.com\/es\/wp-json\/wp\/v2\/product\/2653","targetHints":{"allow":["GET"]}}],"collection":[{"href":"https:\/\/artvisionsculptures.com\/es\/wp-json\/wp\/v2\/product"}],"about":[{"href":"https:\/\/artvisionsculptures.com\/es\/wp-json\/wp\/v2\/types\/product"}],"version-history":[{"count":1,"href":"https:\/\/artvisionsculptures.com\/es\/wp-json\/wp\/v2\/product\/2653\/revisions"}],"predecessor-version":[{"id":2664,"href":"https:\/\/artvisionsculptures.com\/es\/wp-json\/wp\/v2\/product\/2653\/revisions\/2664"}],"wp:featuredmedia":[{"embeddable":true,"href":"https:\/\/artvisionsculptures.com\/es\/wp-json\/wp\/v2\/media\/2654"}],"wp:attachment":[{"href":"https:\/\/artvisionsculptures.com\/es\/wp-json\/wp\/v2\/media?parent=2653"}],"wp:term":[{"taxonomy":"product_cat","embeddable":true,"href":"https:\/\/artvisionsculptures.com\/es\/wp-json\/wp\/v2\/product_cat?post=2653"},{"taxonomy":"product_tag","embeddable":true,"href":"https:\/\/artvisionsculptures.com\/es\/wp-json\/wp\/v2\/product_tag?post=2653"}],"curies":[{"name":"wp","href":"https:\/\/api.w.org\/{rel}","templated":true}]}}