{"id":2806,"date":"2025-06-07T06:06:38","date_gmt":"2025-06-07T06:06:38","guid":{"rendered":"https:\/\/artvisionsculptures.com\/?post_type=product&#038;p=2806"},"modified":"2025-06-19T06:29:56","modified_gmt":"2025-06-19T06:29:56","slug":"timeless-elegance-armless-bronze-buddha-sculpture","status":"publish","type":"product","link":"https:\/\/artvisionsculptures.com\/es\/producto\/timeless-elegance-armless-bronze-buddha-sculpture\/","title":{"rendered":"Elegancia Atemporal Escultura de Buda de Bronce sin Brazos"},"content":{"rendered":"<p class=\"ds-markdown-paragraph\"><span style=\"font-family: arial, helvetica, sans-serif; font-size: 12pt;\">Como fabricante l\u00edder de esculturas de metal en China, nos enorgullece presentar esta impresionante obra maestra de bronce: una estatua de Buda sin brazos y con aspecto envejecido que encarna la serenidad espiritual y la excelencia art\u00edstica. Elaborada utilizando t\u00e9cnicas tradicionales de fundici\u00f3n a la cera perdida, esta escultura muestra la perfecta uni\u00f3n entre la artesan\u00eda tradicional y la visi\u00f3n art\u00edstica contempor\u00e1nea.<\/span><\/p>\n<p class=\"ds-markdown-paragraph\"><span style=\"font-family: arial, helvetica, sans-serif; font-size: 14pt;\"><strong>Excelencia artesanal en cada detalle<\/strong><\/span><br \/>\n<span style=\"font-family: arial, helvetica, sans-serif; font-size: 12pt;\">Nuestros artesanos expertos comienzan creando meticulosamente un modelo de arcilla, capturando cada contorno sutil de la expresi\u00f3n tranquila del Buda. A trav\u00e9s de m\u00faltiples etapas de perfeccionamiento, ajustamos las proporciones antes de crear una r\u00e9plica de cera. Luego, el antiguo proceso de fundici\u00f3n a la cera perdida transforma esta forma temporal en bronce duradero, con metal fundido que fluye en cada detalle intrincado de nuestro molde personalizado.<\/span><\/p>\n<p class=\"ds-markdown-paragraph\"><span style=\"font-family: arial, helvetica, sans-serif; font-size: 12pt;\">El distintivo p\u00e1tina verde de la escultura se logra mediante procesos de oxidaci\u00f3n cuidadosamente controlados, creando tonos de verdigris de aspecto natural que sugieren siglos de existencia pac\u00edfica. Este efecto de envejecimiento intencionado a\u00f1ade car\u00e1cter profundo mientras mantiene la durabilidad inherente del bronce, un testimonio de nuestro compromiso con la artesan\u00eda de calidad.<\/span><\/p>\n<p class=\"ds-markdown-paragraph\"><span style=\"font-family: arial, helvetica, sans-serif; font-size: 14pt;\"><strong>Servicio completo desde el concepto hasta la instalaci\u00f3n<\/strong><\/span><br \/>\n<span style=\"font-family: arial, helvetica, sans-serif; font-size: 12pt;\">Como su fabricante de esculturas en China de confianza, ofrecemos soluciones integrales:<\/span><\/p>\n<ul>\n<li>\n<p class=\"ds-markdown-paragraph\"><span style=\"font-family: arial, helvetica, sans-serif; font-size: 12pt;\">Asesoramiento en dise\u00f1o personalizado y optimizaci\u00f3n de modelos 3D<\/span><\/p>\n<\/li>\n<li>\n<p class=\"ds-markdown-paragraph\"><span style=\"font-family: arial, helvetica, sans-serif; font-size: 12pt;\">Fabricaci\u00f3n de precisi\u00f3n con control de calidad estricto<\/span><\/p>\n<\/li>\n<li>\n<p class=\"ds-markdown-paragraph\"><span style=\"font-family: arial, helvetica, sans-serif; font-size: 12pt;\">Embalaje protector de grado muse\u00edstico que cumple con est\u00e1ndares internacionales de exportaci\u00f3n<\/span><\/p>\n<\/li>\n<li>\n<p class=\"ds-markdown-paragraph\"><span style=\"font-family: arial, helvetica, sans-serif; font-size: 12pt;\">Coordinaci\u00f3n log\u00edstica mundial<\/span><\/p>\n<\/li>\n<li>\n<p class=\"ds-markdown-paragraph\"><span style=\"font-family: arial, helvetica, sans-serif; font-size: 12pt;\">Asesoramiento profesional en instalaci\u00f3n en sitio<\/span><\/p>\n<\/li>\n<\/ul>\n<p class=\"ds-markdown-paragraph\"><span style=\"font-family: arial, helvetica, sans-serif; font-size: 12pt;\">Nuestros servicios de esculturas de metal personalizadas van m\u00e1s all\u00e1 de la simple producci\u00f3n. Colaboramos estrechamente con los clientes para asegurar que cada pieza se adapte perfectamente a su espacio previsto, ya sea para jardines privados de meditaci\u00f3n, vest\u00edbulos de hoteles o instalaciones de arte p\u00fablico.<\/span><\/p>\n<p class=\"ds-markdown-paragraph\"><span style=\"font-family: arial, helvetica, sans-serif; font-size: 14pt;\"><strong>\u00bfPor qu\u00e9 elegir nuestras esculturas de bronce?<\/strong><\/span><\/p>\n<ul>\n<li><span style=\"font-family: arial, helvetica, sans-serif; font-size: 12pt;\"><strong>\u00a0Integridad del material<\/strong>: Utilizando aleaciones de bronce de primera calidad que resisten los elementos exteriores<\/span><\/li>\n<li><span style=\"font-family: arial, helvetica, sans-serif; font-size: 12pt;\"><strong>\u00a0T\u00e9cnicas hist\u00f3ricas<\/strong>: Preservando m\u00e9todos de fundici\u00f3n de hace 3.000 a\u00f1os con precisi\u00f3n moderna<\/span><\/li>\n<li><span style=\"font-family: arial, helvetica, sans-serif; font-size: 12pt;\"><strong>\u00a0Sensibilidad art\u00edstica<\/strong>: Cada pieza recibe atenci\u00f3n individual de maestros artesanos<\/span><\/li>\n<li><span style=\"font-family: arial, helvetica, sans-serif; font-size: 12pt;\"><strong>\u00a0Normas globales<\/strong>: Cumplimiento de requisitos internacionales de exportaci\u00f3n e instalaci\u00f3n de arte<\/span><\/li>\n<\/ul>\n<p class=\"ds-markdown-paragraph\"><span style=\"font-family: arial, helvetica, sans-serif; font-size: 12pt;\">Este Buda sin brazos representa m\u00e1s que iconograf\u00eda religiosa; es una meditaci\u00f3n sobre la imperfecci\u00f3n y la iluminaci\u00f3n. La ausencia deliberada de brazos invita a los espectadores a proyectar su propio significado, mientras que la superficie envejecida cuenta una historia silenciosa de resistencia.<\/span><\/p>\n<p class=\"ds-markdown-paragraph\"><span style=\"font-family: arial, helvetica, sans-serif; font-size: 12pt;\">Como fabricante de esculturas de arte moderno con profundas ra\u00edces en m\u00e9todos tradicionales, conectamos la antig\u00fcedad art\u00edstica con espacios contempor\u00e1neos. Ya sea que busques una pieza central para retiros espirituales, instituciones culturales o residencias de lujo, nuestro equipo entrega esculturas de metal excepcionales con servicio de atenci\u00f3n personalizada.<\/span><\/p>\n<p class=\"ds-markdown-paragraph\"><span style=\"font-family: arial, helvetica, sans-serif; font-size: 12pt;\">Perm\u00edtenos dar vida a tu visi\u00f3n en bronce duradero; contacta hoy con nuestra f\u00e1brica de esculturas de metal en China para discutir encargos personalizados o explorar nuestro portafolio de piezas listas para env\u00edo. Desde los bocetos iniciales hasta la instalaci\u00f3n final, manejamos cada detalle para que puedas concentrarte en el poder transformador del arte en tu espacio.<\/span><\/p>","protected":false},"excerpt":{"rendered":"<p><span style=\"font-family: arial, helvetica, sans-serif; font-size: 12pt;\"><strong>Informaci\u00f3n b\u00e1sica:<\/strong><\/span><\/p>\n<p><span style=\"font-family: arial, helvetica, sans-serif; font-size: 12pt;\">Material: Bronce<\/span><\/p>\n<p><span style=\"font-family: arial, helvetica, sans-serif; font-size: 12pt;\">Tama\u00f1o: Personalizado<\/span><\/p>\n<p><span style=\"font-family: arial, helvetica, sans-serif; font-size: 12pt;\">Tratamiento de superficie: P\u00e1tina<\/span><\/p>\n<p>&nbsp;<\/p>","protected":false},"featured_media":2808,"template":"","meta":[],"product_cat":[47],"product_tag":[56,57,61,60,59],"class_list":{"0":"post-2806","1":"product","2":"type-product","3":"status-publish","4":"has-post-thumbnail","6":"product_cat-bronze-sculpture","7":"product_tag-bronze-sculpture","8":"product_tag-casting-sculpture","9":"product_tag-outdoor-sculpture","10":"product_tag-public-art","11":"product_tag-sculpture-factory","13":"first","14":"instock","15":"shipping-taxable","16":"product-type-simple"},"_links":{"self":[{"href":"https:\/\/artvisionsculptures.com\/es\/wp-json\/wp\/v2\/product\/2806","targetHints":{"allow":["GET"]}}],"collection":[{"href":"https:\/\/artvisionsculptures.com\/es\/wp-json\/wp\/v2\/product"}],"about":[{"href":"https:\/\/artvisionsculptures.com\/es\/wp-json\/wp\/v2\/types\/product"}],"version-history":[{"count":6,"href":"https:\/\/artvisionsculptures.com\/es\/wp-json\/wp\/v2\/product\/2806\/revisions"}],"predecessor-version":[{"id":2818,"href":"https:\/\/artvisionsculptures.com\/es\/wp-json\/wp\/v2\/product\/2806\/revisions\/2818"}],"wp:featuredmedia":[{"embeddable":true,"href":"https:\/\/artvisionsculptures.com\/es\/wp-json\/wp\/v2\/media\/2808"}],"wp:attachment":[{"href":"https:\/\/artvisionsculptures.com\/es\/wp-json\/wp\/v2\/media?parent=2806"}],"wp:term":[{"taxonomy":"product_cat","embeddable":true,"href":"https:\/\/artvisionsculptures.com\/es\/wp-json\/wp\/v2\/product_cat?post=2806"},{"taxonomy":"product_tag","embeddable":true,"href":"https:\/\/artvisionsculptures.com\/es\/wp-json\/wp\/v2\/product_tag?post=2806"}],"curies":[{"name":"wp","href":"https:\/\/api.w.org\/{rel}","templated":true}]}}