{"id":2832,"date":"2025-06-07T05:58:11","date_gmt":"2025-06-07T05:58:11","guid":{"rendered":"https:\/\/artvisionsculptures.com\/?post_type=product&#038;p=2832"},"modified":"2025-06-20T06:08:16","modified_gmt":"2025-06-20T06:08:16","slug":"hand-painted-stainless-steel-globe-sculpture","status":"publish","type":"product","link":"https:\/\/artvisionsculptures.com\/es\/producto\/hand-painted-stainless-steel-globe-sculpture\/","title":{"rendered":"Escultura de globo terr\u00e1queo de acero inoxidable pintada a mano"},"content":{"rendered":"<p><span style=\"font-family: arial, helvetica, sans-serif; font-size: 12pt;\">La escultura Artvision es un fabricante profesional de esculturas de metal con sede en China, especializado en esculturas personalizadas de acero inoxidable para arte p\u00fablico, espacios urbanos e instalaciones contempor\u00e1neas. Esta escultura es una de nuestras obras recientes que combina la artesan\u00eda avanzada con un dise\u00f1o reflexivo.<\/span><\/p>\n<p><span style=\"font-family: arial, helvetica, sans-serif; font-size: 12pt;\">Esta pieza es una escultura de acero inoxidable de 1,5 metros de di\u00e1metro, que representa una media-globo estilizada. Est\u00e1 hecha de acero inoxidable de alta calidad 304, elegido por su excelente durabilidad y resistencia a la corrosi\u00f3n, lo que la hace ideal para exhibiciones al aire libre en todas las condiciones clim\u00e1ticas. La forma general es una semiesfera limpia, con detalles en la superficie que la distinguen de las esculturas esf\u00e9ricas t\u00edpicas.<\/span><\/p>\n<p><span style=\"font-family: arial, helvetica, sans-serif; font-size: 12pt;\">La parte superior de la semiesfera presenta dos zonas decorativas, cada una simbolizando diferentes texturas geol\u00f3gicas. Estos anillos han sido dise\u00f1ados no solo para enriquecer la experiencia visual sino tambi\u00e9n para evocar un sentido de descubrimiento en capas, como explorar diferentes estratos de la tierra. Las texturas exteriores no son mapas literales, sino interpretaciones escult\u00f3ricas, creadas para invitar a la curiosidad sobre los diversos paisajes del mundo. El concepto est\u00e1 inspirado de manera vaga en la exploraci\u00f3n geogr\u00e1fica, aunque la obra final se sostiene por s\u00ed misma como una pieza de arte moderno.<\/span><\/p>\n<p><span style=\"font-family: arial, helvetica, sans-serif; font-size: 12pt;\">Cada parte de esta escultura ha sido creada utilizando un proceso tradicional de forjado a mano. Nuestros artesanos experimentados comienzan moldeando l\u00e1minas de acero inoxidable, martillando y refinando la forma gradualmente sobre una estructura base hecha a medida. A diferencia de los art\u00edculos producidos en masa, cada curva y contorno se moldea con cuidado para lograr un equilibrio visual y una resistencia f\u00edsica. Las \u00e1reas texturizadas se desarrollan mediante dibujo a mano, aplicado a mano para asegurar que cada detalle sea n\u00edtido y expresivo.<\/span><\/p>\n<p><span style=\"font-family: arial, helvetica, sans-serif; font-size: 12pt;\">Como f\u00e1brica de esculturas de metal en China, nos enfocamos en combinar precisi\u00f3n t\u00e9cnica con creatividad est\u00e9tica. Nuestro equipo de fabricadores y dise\u00f1adores trabaja en estrecha colaboraci\u00f3n para garantizar que cada pieza, ya sea destinada a una plaza urbana, un parque o un entorno institucional, se convierta en un s\u00edmbolo duradero de arte p\u00fablico. Esta escultura puede adaptarse a diferentes acabados de superficie, como satinado cepillado o pulido espejo, dependiendo del entorno y la iluminaci\u00f3n de su proyecto.<\/span><\/p>\n<p><span style=\"font-family: arial, helvetica, sans-serif; font-size: 12pt;\">Estamos orgullosos de ser uno de los pocos fabricantes de esculturas de arte moderno que puede ofrecer un alto nivel de personalizaci\u00f3n, experiencia en materiales y sensibilidad art\u00edstica bajo un mismo techo. Nuestros clientes incluyen arquitectos paisajistas, planificadores urbanos, curadores y coleccionistas privados que buscan esculturas de metal personalizadas, duraderas y profundamente expresivas.<\/span><\/p>\n<p><span style=\"font-family: arial, helvetica, sans-serif; font-size: 12pt;\">Esta escultura en forma de semiesfera es un ejemplo s\u00f3lido de lo que hacemos mejor: escultura de acero inoxidable que combina forma significativa, artesan\u00eda experta y material moderno en una obra que trasciende culturas. No es solo un globo, es un iniciador de conversaciones, un ancla visual para espacios abiertos y una reflexi\u00f3n del pensamiento global en el dise\u00f1o contempor\u00e1neo.<\/span><\/p>","protected":false},"excerpt":{"rendered":"<p>Informaci\u00f3n b\u00e1sica:<\/p>\n<p>Material: acero inoxidable 304<\/p>\n<p>Tama\u00f1o: Di\u00e1metro 150cm<\/p>\n<p>Tratamiento de superficie: Pintado<\/p>","protected":false},"featured_media":2839,"template":"","meta":[],"product_cat":[46],"product_tag":[83,84,61,60,59,58],"class_list":{"0":"post-2832","1":"product","2":"type-product","3":"status-publish","4":"has-post-thumbnail","6":"product_cat-stainless-steel-sculpture","7":"product_tag-contemporarysculpture","8":"product_tag-fineart","9":"product_tag-outdoor-sculpture","10":"product_tag-public-art","11":"product_tag-sculpture-factory","12":"product_tag-stainless-steel-sculpture","14":"first","15":"instock","16":"shipping-taxable","17":"product-type-simple"},"_links":{"self":[{"href":"https:\/\/artvisionsculptures.com\/es\/wp-json\/wp\/v2\/product\/2832","targetHints":{"allow":["GET"]}}],"collection":[{"href":"https:\/\/artvisionsculptures.com\/es\/wp-json\/wp\/v2\/product"}],"about":[{"href":"https:\/\/artvisionsculptures.com\/es\/wp-json\/wp\/v2\/types\/product"}],"version-history":[{"count":1,"href":"https:\/\/artvisionsculptures.com\/es\/wp-json\/wp\/v2\/product\/2832\/revisions"}],"predecessor-version":[{"id":2841,"href":"https:\/\/artvisionsculptures.com\/es\/wp-json\/wp\/v2\/product\/2832\/revisions\/2841"}],"wp:featuredmedia":[{"embeddable":true,"href":"https:\/\/artvisionsculptures.com\/es\/wp-json\/wp\/v2\/media\/2839"}],"wp:attachment":[{"href":"https:\/\/artvisionsculptures.com\/es\/wp-json\/wp\/v2\/media?parent=2832"}],"wp:term":[{"taxonomy":"product_cat","embeddable":true,"href":"https:\/\/artvisionsculptures.com\/es\/wp-json\/wp\/v2\/product_cat?post=2832"},{"taxonomy":"product_tag","embeddable":true,"href":"https:\/\/artvisionsculptures.com\/es\/wp-json\/wp\/v2\/product_tag?post=2832"}],"curies":[{"name":"wp","href":"https:\/\/api.w.org\/{rel}","templated":true}]}}