{"id":4436,"date":"2025-09-29T03:23:14","date_gmt":"2025-09-29T03:23:14","guid":{"rendered":"https:\/\/artvisionsculptures.com\/?post_type=product&#038;p=4436"},"modified":"2025-09-29T03:24:02","modified_gmt":"2025-09-29T03:24:02","slug":"elegance-in-steel-a-sandblasted-stainless-masterpiece","status":"publish","type":"product","link":"https:\/\/artvisionsculptures.com\/es\/producto\/elegance-in-steel-a-sandblasted-stainless-masterpiece\/","title":{"rendered":"Una obra maestra de acero inoxidable arenado"},"content":{"rendered":"<p><span style=\"font-family: arial, helvetica, sans-serif;\">Esta escultura contempor\u00e1nea de metal est\u00e1 elaborada con acero inoxidable 316L con un acabado mate arenado refinado. El proceso de arenado crea una superficie suave y no reflectante que suaviza el brillo natural del acero inoxidable, otorgando a la obra una elegancia tranquila y discreta, adem\u00e1s de mejorar su durabilidad en entornos exteriores.<\/span><\/p>\n<p><span style=\"font-family: arial, helvetica, sans-serif;\">Con una altura de 245 cm, la escultura est\u00e1 instalada en la entrada de un edificio emblem\u00e1tico en Espa\u00f1a.<\/span><\/p>\n<p><span style=\"font-family: arial, helvetica, sans-serif;\">La pieza fue creada mediante un meticuloso proceso de forjado a mano, combinando la artesan\u00eda tradicional con el dise\u00f1o moderno. Cada etapa\u2014desde el concepto y el dise\u00f1o, hasta la forma y el acabado\u2014refleja tanto precisi\u00f3n como arte, resultando en una escultura que armoniza durabilidad con sencillez elegante.<\/span><\/p>","protected":false},"excerpt":{"rendered":"<p><span style=\"font-family: arial, helvetica, sans-serif;\">Informaci\u00f3n b\u00e1sica:<\/span><\/p>\n<p><span style=\"font-family: arial, helvetica, sans-serif;\">Material: acero inoxidable 316L<\/span><\/p>\n<p><span style=\"font-family: arial, helvetica, sans-serif;\">Dimensi\u00f3n: H245cm<\/span><\/p>\n<p><span style=\"font-family: arial, helvetica, sans-serif;\">Tratamiento de superficie: Mate arenado<\/span><\/p>","protected":false},"featured_media":4443,"template":"","meta":[],"product_cat":[46],"product_tag":[],"class_list":{"0":"post-4436","1":"product","2":"type-product","3":"status-publish","4":"has-post-thumbnail","6":"product_cat-stainless-steel-sculpture","8":"first","9":"instock","10":"shipping-taxable","11":"product-type-simple"},"_links":{"self":[{"href":"https:\/\/artvisionsculptures.com\/es\/wp-json\/wp\/v2\/product\/4436","targetHints":{"allow":["GET"]}}],"collection":[{"href":"https:\/\/artvisionsculptures.com\/es\/wp-json\/wp\/v2\/product"}],"about":[{"href":"https:\/\/artvisionsculptures.com\/es\/wp-json\/wp\/v2\/types\/product"}],"version-history":[{"count":2,"href":"https:\/\/artvisionsculptures.com\/es\/wp-json\/wp\/v2\/product\/4436\/revisions"}],"predecessor-version":[{"id":4449,"href":"https:\/\/artvisionsculptures.com\/es\/wp-json\/wp\/v2\/product\/4436\/revisions\/4449"}],"wp:featuredmedia":[{"embeddable":true,"href":"https:\/\/artvisionsculptures.com\/es\/wp-json\/wp\/v2\/media\/4443"}],"wp:attachment":[{"href":"https:\/\/artvisionsculptures.com\/es\/wp-json\/wp\/v2\/media?parent=4436"}],"wp:term":[{"taxonomy":"product_cat","embeddable":true,"href":"https:\/\/artvisionsculptures.com\/es\/wp-json\/wp\/v2\/product_cat?post=4436"},{"taxonomy":"product_tag","embeddable":true,"href":"https:\/\/artvisionsculptures.com\/es\/wp-json\/wp\/v2\/product_tag?post=4436"}],"curies":[{"name":"wp","href":"https:\/\/api.w.org\/{rel}","templated":true}]}}