{"id":472,"date":"2023-11-26T06:47:16","date_gmt":"2023-11-26T06:47:16","guid":{"rendered":"http:\/\/artvisionsculptures.com\/?post_type=product&#038;p=472"},"modified":"2024-01-16T06:47:36","modified_gmt":"2024-01-16T06:47:36","slug":"large-modern-painting-stainless-steel-sculpture","status":"publish","type":"product","link":"https:\/\/artvisionsculptures.com\/es\/producto\/large-modern-painting-stainless-steel-sculpture\/","title":{"rendered":"Escultura moderna de acero inoxidable de gran tama\u00f1o"},"content":{"rendered":"<p>La 81\u00aa Convenci\u00f3n Mundial de Ciencia Ficci\u00f3n se celebr\u00f3 en Chengdu, China, en octubre. Artvision estaba emocionada y honrada de ser uno de los fabricantes de esta escultura de instalaci\u00f3n gigante, llamada Benben, de una pel\u00edcula de ciencia ficci\u00f3n china.<\/p>\n<p>Esta gran escultura de acero inoxidable tard\u00f3 tres meses en fabricarse e instalarse en el sitio. Nuestro equipo fue principalmente responsable de las partes de las patas de la escultura, as\u00ed como de las piezas de acero inoxidable pulido espejo a las que est\u00e1n unidas las patas. Los dise\u00f1adores utilizaron tecnolog\u00eda 3D para dividir con precisi\u00f3n la escultura en secciones para su fabricaci\u00f3n y luego ensamblaron y soldaron cuidadosamente cada secci\u00f3n al completar. El proceso de producci\u00f3n fue desafiante. Para una escultura grande de acero inoxidable, el interior necesita estar soportado por una estructura lo suficientemente fuerte. Nuestros ingenieros dise\u00f1aron la estructura principal y la subestructura seg\u00fan an\u00e1lisis de fuerzas y c\u00e1lculos. La estructura principal garantiza la estabilidad y seguridad de la escultura, mientras que la subestructura asegura que los paneles est\u00e9n planos y no se deformen. La estructura general tambi\u00e9n est\u00e1 hecha de acero inoxidable de alta calidad y altamente resistente a la corrosi\u00f3n como material principal.<\/p>\n<p>Adem\u00e1s, el equipo de Artvision tambi\u00e9n fue responsable del transporte y la instalaci\u00f3n en el sitio de la escultura despu\u00e9s de su finalizaci\u00f3n. La instalaci\u00f3n no es solo una escultura, sino tambi\u00e9n una obra de arte cient\u00edfico moderna. Tambi\u00e9n vale la pena destacar que incorpora tecnolog\u00eda de proyecci\u00f3n, que proyecta diversos estilos de im\u00e1genes de ciencia ficci\u00f3n sobre la pieza, lo cual es muy impresionante y espectacular.<\/p>\n<p>Bienvenido a encontrar el futuro en Chengdu.<\/p>","protected":false},"excerpt":{"rendered":"<p><strong>Informaci\u00f3n b\u00e1sica:<\/strong><\/p>\n<p>Material: Acero inoxidable 304<\/p>\n<p>Dimensi\u00f3n: H900cm x L1230cm x W1140cm<\/p>\n<p>Tratamiento superficial: Pintura en spray<\/p>\n<p>&nbsp;<\/p>","protected":false},"featured_media":477,"template":"","meta":[],"product_cat":[46],"product_tag":[61,60,59,58],"class_list":{"0":"post-472","1":"product","2":"type-product","3":"status-publish","4":"has-post-thumbnail","6":"product_cat-stainless-steel-sculpture","7":"product_tag-outdoor-sculpture","8":"product_tag-public-art","9":"product_tag-sculpture-factory","10":"product_tag-stainless-steel-sculpture","12":"first","13":"instock","14":"shipping-taxable","15":"product-type-simple"},"_links":{"self":[{"href":"https:\/\/artvisionsculptures.com\/es\/wp-json\/wp\/v2\/product\/472","targetHints":{"allow":["GET"]}}],"collection":[{"href":"https:\/\/artvisionsculptures.com\/es\/wp-json\/wp\/v2\/product"}],"about":[{"href":"https:\/\/artvisionsculptures.com\/es\/wp-json\/wp\/v2\/types\/product"}],"version-history":[{"count":2,"href":"https:\/\/artvisionsculptures.com\/es\/wp-json\/wp\/v2\/product\/472\/revisions"}],"predecessor-version":[{"id":1248,"href":"https:\/\/artvisionsculptures.com\/es\/wp-json\/wp\/v2\/product\/472\/revisions\/1248"}],"wp:featuredmedia":[{"embeddable":true,"href":"https:\/\/artvisionsculptures.com\/es\/wp-json\/wp\/v2\/media\/477"}],"wp:attachment":[{"href":"https:\/\/artvisionsculptures.com\/es\/wp-json\/wp\/v2\/media?parent=472"}],"wp:term":[{"taxonomy":"product_cat","embeddable":true,"href":"https:\/\/artvisionsculptures.com\/es\/wp-json\/wp\/v2\/product_cat?post=472"},{"taxonomy":"product_tag","embeddable":true,"href":"https:\/\/artvisionsculptures.com\/es\/wp-json\/wp\/v2\/product_tag?post=472"}],"curies":[{"name":"wp","href":"https:\/\/api.w.org\/{rel}","templated":true}]}}