{"id":484,"date":"2023-07-18T07:18:18","date_gmt":"2023-07-18T07:18:18","guid":{"rendered":"http:\/\/artvisionsculptures.com\/?post_type=product&#038;p=484"},"modified":"2025-09-26T10:06:51","modified_gmt":"2025-09-26T10:06:51","slug":"large-urban-stailnless-steel-sculpture","status":"publish","type":"product","link":"https:\/\/artvisionsculptures.com\/es\/producto\/large-urban-stailnless-steel-sculpture\/","title":{"rendered":"Gran escultura urbana de acero inoxidable"},"content":{"rendered":"<div id=\"smv_tem_28_34\" class=\"esmartMargin smartAbs expandFlag\">\n<div class=\"yibuFrameContent tem_28_34 area_Style1\">\n<div class=\"w-container\" data-effect-name=\"enterTop\">\n<div id=\"smc_Area0\" class=\"smAreaC expandFlag\">\n<div id=\"smv_tem_25_25\" class=\"smartRecpt esmartMargin smartAbs\">\n<div class=\"yibuFrameContent tem_25_25 productContentBind_Style1\">\n<div id=\"tem_25_25_txt\" class=\"w-detailcontent\">\n<div class=\"w-detail\">\n<p>Como un tipo de escultura urbana, las grandes esculturas de acero inoxidable no solo enriquecen los paisajes urbanos, sino que tambi\u00e9n muestran el patrimonio cultural de las ciudades a las personas. Esta escultura de acero inoxidable mide 12 metros de altura, est\u00e1 hecha de acero inoxidable 304, con dos tipos de acabado: pulido espejo y mate. Las l\u00edneas de la escultura son suaves, concisas, din\u00e1micas y llenas de vitalidad, reflejando perfectamente el ambiente y las caracter\u00edsticas de las ciudades modernas.<\/p>\n<p>Toda la escultura se completa mediante procesos de forjado a mano, desde el dise\u00f1o, la optimizaci\u00f3n del modelo, la producci\u00f3n, el transporte hasta la instalaci\u00f3n en el sitio, todo llevado a cabo por nuestro equipo. Para garantizar que esta escultura de acero inoxidable pueda mantenerse estable, nuestros ingenieros colaboraron con institutos de investigaci\u00f3n profesionales para analizar y calcular cuidadosamente la estructura interna. Esto garantiza que la estructura cumpla con las normas de construcci\u00f3n, proporcionando seguridad y estabilidad a largo plazo.<\/p>\n<p>Esta escultura de acero inoxidable forjada no solo es una escultura, sino tambi\u00e9n una obra de arte, que a\u00f1ade belleza y sorpresa infinita a la ciudad.<\/p>\n<\/div>\n<\/div>\n<\/div>\n<\/div>\n<\/div>\n<\/div>\n<\/div>\n<\/div>\n<div id=\"smv_tem_26_2\" class=\"esmartMargin smartAbs\">\n<div class=\"yibuFrameContent tem_26_2 fullpageSlide_Style1\">\n<div id=\"lider_smv_tem_26_2_wrapper\">\n<div id=\"slider_smv_tem_26_2\" class=\"w-slide\" data-jssor-slider=\"1\">\n<div>\n<div data-scale-ratio=\"1\">\n<div class=\"w-slide-inner\" data-u=\"slides\"><\/div>\n<\/div>\n<\/div>\n<\/div>\n<\/div>\n<\/div>\n<\/div>","protected":false},"excerpt":{"rendered":"<p><strong>Informaci\u00f3n b\u00e1sica:<\/strong><\/p>\n<p>Material: Acero inoxidable 316L<\/p>\n<p>Dimensi\u00f3n: H100cm(3.3ft)<\/p>\n<p>Tratamiento de Superficie: Pulido Espejo<\/p>","protected":false},"featured_media":491,"template":"","meta":[],"product_cat":[46],"product_tag":[],"class_list":{"0":"post-484","1":"product","2":"type-product","3":"status-publish","4":"has-post-thumbnail","6":"product_cat-stainless-steel-sculpture","8":"first","9":"instock","10":"shipping-taxable","11":"product-type-simple"},"_links":{"self":[{"href":"https:\/\/artvisionsculptures.com\/es\/wp-json\/wp\/v2\/product\/484","targetHints":{"allow":["GET"]}}],"collection":[{"href":"https:\/\/artvisionsculptures.com\/es\/wp-json\/wp\/v2\/product"}],"about":[{"href":"https:\/\/artvisionsculptures.com\/es\/wp-json\/wp\/v2\/types\/product"}],"version-history":[{"count":3,"href":"https:\/\/artvisionsculptures.com\/es\/wp-json\/wp\/v2\/product\/484\/revisions"}],"predecessor-version":[{"id":4430,"href":"https:\/\/artvisionsculptures.com\/es\/wp-json\/wp\/v2\/product\/484\/revisions\/4430"}],"wp:featuredmedia":[{"embeddable":true,"href":"https:\/\/artvisionsculptures.com\/es\/wp-json\/wp\/v2\/media\/491"}],"wp:attachment":[{"href":"https:\/\/artvisionsculptures.com\/es\/wp-json\/wp\/v2\/media?parent=484"}],"wp:term":[{"taxonomy":"product_cat","embeddable":true,"href":"https:\/\/artvisionsculptures.com\/es\/wp-json\/wp\/v2\/product_cat?post=484"},{"taxonomy":"product_tag","embeddable":true,"href":"https:\/\/artvisionsculptures.com\/es\/wp-json\/wp\/v2\/product_tag?post=484"}],"curies":[{"name":"wp","href":"https:\/\/api.w.org\/{rel}","templated":true}]}}