{"id":497,"date":"2023-02-16T08:55:22","date_gmt":"2023-02-16T08:55:22","guid":{"rendered":"http:\/\/artvisionsculptures.com\/?post_type=product&#038;p=497"},"modified":"2024-01-15T08:14:26","modified_gmt":"2024-01-15T08:14:26","slug":"mirror-polished-stainless-steel-dragon-sculpture","status":"publish","type":"product","link":"https:\/\/artvisionsculptures.com\/es\/producto\/mirror-polished-stainless-steel-dragon-sculpture\/","title":{"rendered":"Escultura de Drag\u00f3n de Acero Inoxidable Pulido en Espejo"},"content":{"rendered":"<p>Es una escultura pulida en forma de espejo curvada con una altura de 2 metros, y est\u00e1 hecha de acero inoxidable 316L de alta calidad. Esta hermosa escultura proviene de un excelente artista chino y est\u00e1 interconectada con curvas redondeadas para presentar una forma abstracta de drag\u00f3n en suspensi\u00f3n de manera natural y c\u00f3moda.<\/p>","protected":false},"excerpt":{"rendered":"<p><strong>Informaci\u00f3n b\u00e1sica:<\/strong><\/p>\n<p>Material: acero inoxidable 316L<\/p>\n<p>Dimensi\u00f3n: H2m<\/p>\n<p>Tratamiento de superficie: Pulido a espejo<\/p>","protected":false},"featured_media":499,"template":"","meta":[],"product_cat":[46],"product_tag":[],"class_list":{"0":"post-497","1":"product","2":"type-product","3":"status-publish","4":"has-post-thumbnail","6":"product_cat-stainless-steel-sculpture","8":"first","9":"instock","10":"featured","11":"shipping-taxable","12":"product-type-simple"},"_links":{"self":[{"href":"https:\/\/artvisionsculptures.com\/es\/wp-json\/wp\/v2\/product\/497","targetHints":{"allow":["GET"]}}],"collection":[{"href":"https:\/\/artvisionsculptures.com\/es\/wp-json\/wp\/v2\/product"}],"about":[{"href":"https:\/\/artvisionsculptures.com\/es\/wp-json\/wp\/v2\/types\/product"}],"version-history":[{"count":2,"href":"https:\/\/artvisionsculptures.com\/es\/wp-json\/wp\/v2\/product\/497\/revisions"}],"predecessor-version":[{"id":1117,"href":"https:\/\/artvisionsculptures.com\/es\/wp-json\/wp\/v2\/product\/497\/revisions\/1117"}],"wp:featuredmedia":[{"embeddable":true,"href":"https:\/\/artvisionsculptures.com\/es\/wp-json\/wp\/v2\/media\/499"}],"wp:attachment":[{"href":"https:\/\/artvisionsculptures.com\/es\/wp-json\/wp\/v2\/media?parent=497"}],"wp:term":[{"taxonomy":"product_cat","embeddable":true,"href":"https:\/\/artvisionsculptures.com\/es\/wp-json\/wp\/v2\/product_cat?post=497"},{"taxonomy":"product_tag","embeddable":true,"href":"https:\/\/artvisionsculptures.com\/es\/wp-json\/wp\/v2\/product_tag?post=497"}],"curies":[{"name":"wp","href":"https:\/\/api.w.org\/{rel}","templated":true}]}}