{"id":507,"date":"2023-04-05T08:59:28","date_gmt":"2023-04-05T08:59:28","guid":{"rendered":"http:\/\/artvisionsculptures.com\/?post_type=product&#038;p=507"},"modified":"2024-01-12T09:10:55","modified_gmt":"2024-01-12T09:10:55","slug":"mirrored-stainless-steel-sea-wave-sculpture","status":"publish","type":"product","link":"https:\/\/artvisionsculptures.com\/es\/producto\/mirrored-stainless-steel-sea-wave-sculpture\/","title":{"rendered":"Escultura de ola marina de acero inoxidable con acabado espejo"},"content":{"rendered":"<p>Como esculturas decorativas exteriores, las esculturas de acero inoxidable con acabado espejo juegan un papel cada vez m\u00e1s importante en la sociedad moderna. Esta escultura est\u00e1 hecha de acero inoxidable de alta calidad 316L y se asemeja a una columna de agua y olas en el mar. La inspiraci\u00f3n de su dise\u00f1o proviene del paisaje magn\u00edfico del oc\u00e9ano. Tambi\u00e9n hay varias gaviotas blancas en la escultura, extendiendo sus alas y volando, mientras las olas amarillas ruedan junto con la columna de agua, a\u00f1adiendo colores vivos a toda la escultura. Todas est\u00e1n hechas de acero inoxidable de alta calidad y han sido tratadas con pintura en la superficie.<\/p>\n<p>En t\u00e9rminos de producci\u00f3n, esta escultura abstracta combina el proceso tradicional de fundici\u00f3n a la cera perdida con el proceso moderno de forjado a mano, mostrando perfectamente los detalles y la delicadeza de la obra de arte. Adem\u00e1s, como decoraci\u00f3n exterior, las esculturas de acero inoxidable son un tipo de obra art\u00edstica con caracter\u00edsticas decorativas, resistentes a la corrosi\u00f3n, f\u00e1ciles de mantener y respetuosas con el medio ambiente, lo que las convierte en una opci\u00f3n ideal para la decoraci\u00f3n de espacios p\u00fablicos y embellecimiento urbano.<\/p>","protected":false},"excerpt":{"rendered":"<p class=\"p\"><strong>Informaci\u00f3n b\u00e1sica:<\/strong><\/p>\n<p class=\"p\">Material: Acero inoxidable 316L<\/p>\n<p class=\"p\">Dimensi\u00f3n: H6m (19,68 pies)<\/p>\n<p class=\"p\">Acabado de superficie: Pulido espejo y pintura en spray<\/p>","protected":false},"featured_media":508,"template":"","meta":[],"product_cat":[46],"product_tag":[],"class_list":{"0":"post-507","1":"product","2":"type-product","3":"status-publish","4":"has-post-thumbnail","6":"product_cat-stainless-steel-sculpture","8":"first","9":"instock","10":"shipping-taxable","11":"product-type-simple"},"_links":{"self":[{"href":"https:\/\/artvisionsculptures.com\/es\/wp-json\/wp\/v2\/product\/507","targetHints":{"allow":["GET"]}}],"collection":[{"href":"https:\/\/artvisionsculptures.com\/es\/wp-json\/wp\/v2\/product"}],"about":[{"href":"https:\/\/artvisionsculptures.com\/es\/wp-json\/wp\/v2\/types\/product"}],"version-history":[{"count":2,"href":"https:\/\/artvisionsculptures.com\/es\/wp-json\/wp\/v2\/product\/507\/revisions"}],"predecessor-version":[{"id":1115,"href":"https:\/\/artvisionsculptures.com\/es\/wp-json\/wp\/v2\/product\/507\/revisions\/1115"}],"wp:featuredmedia":[{"embeddable":true,"href":"https:\/\/artvisionsculptures.com\/es\/wp-json\/wp\/v2\/media\/508"}],"wp:attachment":[{"href":"https:\/\/artvisionsculptures.com\/es\/wp-json\/wp\/v2\/media?parent=507"}],"wp:term":[{"taxonomy":"product_cat","embeddable":true,"href":"https:\/\/artvisionsculptures.com\/es\/wp-json\/wp\/v2\/product_cat?post=507"},{"taxonomy":"product_tag","embeddable":true,"href":"https:\/\/artvisionsculptures.com\/es\/wp-json\/wp\/v2\/product_tag?post=507"}],"curies":[{"name":"wp","href":"https:\/\/api.w.org\/{rel}","templated":true}]}}