{"id":512,"date":"2023-05-08T09:02:17","date_gmt":"2023-05-08T09:02:17","guid":{"rendered":"http:\/\/artvisionsculptures.com\/?post_type=product&#038;p=512"},"modified":"2024-01-12T09:13:40","modified_gmt":"2024-01-12T09:13:40","slug":"512","status":"publish","type":"product","link":"https:\/\/artvisionsculptures.com\/es\/producto\/512\/","title":{"rendered":"Escultura de beso en acero inoxidable pulido"},"content":{"rendered":"<p class=\"p\">Existen muchos tipos de piezas de danza para dos personas, interpretadas por dos actores, que est\u00e1n completamente estructuradas y tienen temas separados. Esta escultura se llama\u00a0Beso, fue dise\u00f1ada\u00a0por el conocido artista chino Mr. Xu Hongfei. El hombre sostiene suavemente a su delgada pareja femenina, que con los brazos estirados hacia atr\u00e1s, combina de manera v\u00edvida movimiento e imagen.<\/p>\n<p>La escultura en su conjunto est\u00e1 hecha de acero inoxidable 316L y tiene una altura de 1,2 metros. Su superficie est\u00e1 acabada con un pulido de espejo incompleto. Una base de acero inoxidable est\u00e1 unida en la parte inferior de la escultura, permitiendo que toda la escultura se mantenga por s\u00ed sola, facilitando su movimiento y transporte.<\/p>","protected":false},"excerpt":{"rendered":"<p class=\"p\"><strong><span class=\"15\">Informaci\u00f3n b\u00e1sica:<\/span><\/strong><\/p>\n<p class=\"p\">Material: Acero inoxidable 316L<\/p>\n<p class=\"p\">Dimensi\u00f3n: H1.2m<\/p>\n<p class=\"p\">Tratamiento de superficie: Pulido<\/p>","protected":false},"featured_media":515,"template":"","meta":[],"product_cat":[46],"product_tag":[],"class_list":{"0":"post-512","1":"product","2":"type-product","3":"status-publish","4":"has-post-thumbnail","6":"product_cat-stainless-steel-sculpture","8":"first","9":"instock","10":"shipping-taxable","11":"product-type-simple"},"_links":{"self":[{"href":"https:\/\/artvisionsculptures.com\/es\/wp-json\/wp\/v2\/product\/512","targetHints":{"allow":["GET"]}}],"collection":[{"href":"https:\/\/artvisionsculptures.com\/es\/wp-json\/wp\/v2\/product"}],"about":[{"href":"https:\/\/artvisionsculptures.com\/es\/wp-json\/wp\/v2\/types\/product"}],"version-history":[{"count":3,"href":"https:\/\/artvisionsculptures.com\/es\/wp-json\/wp\/v2\/product\/512\/revisions"}],"predecessor-version":[{"id":1114,"href":"https:\/\/artvisionsculptures.com\/es\/wp-json\/wp\/v2\/product\/512\/revisions\/1114"}],"wp:featuredmedia":[{"embeddable":true,"href":"https:\/\/artvisionsculptures.com\/es\/wp-json\/wp\/v2\/media\/515"}],"wp:attachment":[{"href":"https:\/\/artvisionsculptures.com\/es\/wp-json\/wp\/v2\/media?parent=512"}],"wp:term":[{"taxonomy":"product_cat","embeddable":true,"href":"https:\/\/artvisionsculptures.com\/es\/wp-json\/wp\/v2\/product_cat?post=512"},{"taxonomy":"product_tag","embeddable":true,"href":"https:\/\/artvisionsculptures.com\/es\/wp-json\/wp\/v2\/product_tag?post=512"}],"curies":[{"name":"wp","href":"https:\/\/api.w.org\/{rel}","templated":true}]}}