{"id":520,"date":"2023-04-06T09:06:32","date_gmt":"2023-04-06T09:06:32","guid":{"rendered":"http:\/\/artvisionsculptures.com\/?post_type=product&#038;p=520"},"modified":"2024-01-12T09:04:15","modified_gmt":"2024-01-12T09:04:15","slug":"520","status":"publish","type":"product","link":"https:\/\/artvisionsculptures.com\/es\/producto\/520\/","title":{"rendered":"Escultura de arte Hulu de acero inoxidable con acabado espejo"},"content":{"rendered":"<p>\u201cHulu\u201d, una escultura ejemplar de acero inoxidable pulido por el reconocido artista chino Huang Yulong, captura bellamente la esencia de la armon\u00eda y la conexi\u00f3n. Fabricada con acero inoxidable de alta calidad 316L y meticulosamente pulida para lograr un acabado en espejo, la escultura representa a un adulto sentado con las piernas cruzadas, con un ni\u00f1o montado en su cuello y sus dedos delicadamente entrelazados.<\/p>\n<p>El proceso intrincado de fundici\u00f3n de esculturas de acero inoxidable implica derretir el acero inoxidable mediante el m\u00e9todo tradicional de fundici\u00f3n a la cera perdida. Este metal fundido se vierte cuidadosamente en moldes, avanzando a trav\u00e9s de varias etapas como moldes de arcilla, moldes de silicona y moldes de arena. El resultado es una escultura con una forma y estructura espec\u00edficas despu\u00e9s de enfriarse y solidificarse. Para lograr la forma deseada, la escultura se funde en varias secciones, que posteriormente se ensamblan y soldan seg\u00fan el modelo.<\/p>\n<p>El paso final y, posiblemente, el m\u00e1s desafiante radica en el tratamiento de la superficie. Las esculturas de acero inoxidable fundido suelen presentar detalles superficiales intrincados, requiriendo un enfoque paciente y meticuloso en el proceso de pulido y acabado. Gracias a su material robusto y su resistencia excepcional a la corrosi\u00f3n, las esculturas de acero inoxidable fundido encuentran una amplia aplicaci\u00f3n en instalaciones de arte p\u00fablico, esculturas urbanas y dise\u00f1o de paisajes. Su durabilidad las hace especialmente adecuadas para su conservaci\u00f3n a largo plazo en entornos exteriores, donde pueden seguir enriqueciendo y embelleciendo los espacios p\u00fablicos.<\/p>","protected":false},"excerpt":{"rendered":"<p class=\"p\"><strong><span class=\"15\">Informaci\u00f3n b\u00e1sica:<\/span><\/strong><\/p>\n<p class=\"p\">Material: Acero inoxidable 316L<\/p>\n<p class=\"p\">Dimensi\u00f3n: H100cm(3.3ft)<\/p>\n<p class=\"p\">Tratamiento de Superficie: Pulido Espejo<\/p>","protected":false},"featured_media":523,"template":"","meta":[],"product_cat":[46],"product_tag":[],"class_list":{"0":"post-520","1":"product","2":"type-product","3":"status-publish","4":"has-post-thumbnail","6":"product_cat-stainless-steel-sculpture","8":"first","9":"instock","10":"shipping-taxable","11":"product-type-simple"},"_links":{"self":[{"href":"https:\/\/artvisionsculptures.com\/es\/wp-json\/wp\/v2\/product\/520","targetHints":{"allow":["GET"]}}],"collection":[{"href":"https:\/\/artvisionsculptures.com\/es\/wp-json\/wp\/v2\/product"}],"about":[{"href":"https:\/\/artvisionsculptures.com\/es\/wp-json\/wp\/v2\/types\/product"}],"version-history":[{"count":5,"href":"https:\/\/artvisionsculptures.com\/es\/wp-json\/wp\/v2\/product\/520\/revisions"}],"predecessor-version":[{"id":1198,"href":"https:\/\/artvisionsculptures.com\/es\/wp-json\/wp\/v2\/product\/520\/revisions\/1198"}],"wp:featuredmedia":[{"embeddable":true,"href":"https:\/\/artvisionsculptures.com\/es\/wp-json\/wp\/v2\/media\/523"}],"wp:attachment":[{"href":"https:\/\/artvisionsculptures.com\/es\/wp-json\/wp\/v2\/media?parent=520"}],"wp:term":[{"taxonomy":"product_cat","embeddable":true,"href":"https:\/\/artvisionsculptures.com\/es\/wp-json\/wp\/v2\/product_cat?post=520"},{"taxonomy":"product_tag","embeddable":true,"href":"https:\/\/artvisionsculptures.com\/es\/wp-json\/wp\/v2\/product_tag?post=520"}],"curies":[{"name":"wp","href":"https:\/\/api.w.org\/{rel}","templated":true}]}}