{"id":528,"date":"2022-12-11T09:08:11","date_gmt":"2022-12-11T09:08:11","guid":{"rendered":"http:\/\/artvisionsculptures.com\/?post_type=product&#038;p=528"},"modified":"2024-01-12T08:49:30","modified_gmt":"2024-01-12T08:49:30","slug":"painted-stainless-steel-desk-sculpture","status":"publish","type":"product","link":"https:\/\/artvisionsculptures.com\/es\/producto\/painted-stainless-steel-desk-sculpture\/","title":{"rendered":"Escultura de escritorio de acero inoxidable pintada"},"content":{"rendered":"<p class=\"p\" align=\"justify\">En Weihai, provincia de Shandong, un escritorio gigante de 6.8 metros de altura est\u00e1 inclinado en el mar. Peque\u00f1os escritorios llenos de preguntas est\u00e1n alineados y organizados seg\u00fan una l\u00ednea de tiempo. Para concienciar sobre la importancia de las emisiones de carbono, el grupo Yili se ha unido con la Not Gallery para crear un examen que pronto ser\u00e1 inundado en la costa, haciendo un llamado a cada persona en la Tierra para reducir las emisiones de carbono y ofrecer una respuesta satisfactoria al planeta en 2050. Cada acci\u00f3n cero carbono conducir\u00e1 a un futuro mejor.<\/p>","protected":false},"excerpt":{"rendered":"<p class=\"p\" align=\"justify\"><strong>Informaci\u00f3n b\u00e1sica:<\/strong><\/p>\n<p class=\"p\" align=\"justify\">Material: acero inoxidable 316L<\/p>\n<p class=\"p\" align=\"justify\">Dimensi\u00f3n: H6.8m<\/p>\n<p class=\"p\" align=\"justify\">Tratamiento superficial: Pintura en spray<\/p>","protected":false},"featured_media":533,"template":"","meta":[],"product_cat":[46],"product_tag":[],"class_list":{"0":"post-528","1":"product","2":"type-product","3":"status-publish","4":"has-post-thumbnail","6":"product_cat-stainless-steel-sculpture","8":"first","9":"instock","10":"shipping-taxable","11":"product-type-simple"},"_links":{"self":[{"href":"https:\/\/artvisionsculptures.com\/es\/wp-json\/wp\/v2\/product\/528","targetHints":{"allow":["GET"]}}],"collection":[{"href":"https:\/\/artvisionsculptures.com\/es\/wp-json\/wp\/v2\/product"}],"about":[{"href":"https:\/\/artvisionsculptures.com\/es\/wp-json\/wp\/v2\/types\/product"}],"version-history":[{"count":2,"href":"https:\/\/artvisionsculptures.com\/es\/wp-json\/wp\/v2\/product\/528\/revisions"}],"predecessor-version":[{"id":1111,"href":"https:\/\/artvisionsculptures.com\/es\/wp-json\/wp\/v2\/product\/528\/revisions\/1111"}],"wp:featuredmedia":[{"embeddable":true,"href":"https:\/\/artvisionsculptures.com\/es\/wp-json\/wp\/v2\/media\/533"}],"wp:attachment":[{"href":"https:\/\/artvisionsculptures.com\/es\/wp-json\/wp\/v2\/media?parent=528"}],"wp:term":[{"taxonomy":"product_cat","embeddable":true,"href":"https:\/\/artvisionsculptures.com\/es\/wp-json\/wp\/v2\/product_cat?post=528"},{"taxonomy":"product_tag","embeddable":true,"href":"https:\/\/artvisionsculptures.com\/es\/wp-json\/wp\/v2\/product_tag?post=528"}],"curies":[{"name":"wp","href":"https:\/\/api.w.org\/{rel}","templated":true}]}}