{"id":535,"date":"2023-02-23T09:09:13","date_gmt":"2023-02-23T09:09:13","guid":{"rendered":"http:\/\/artvisionsculptures.com\/?post_type=product&#038;p=535"},"modified":"2024-01-12T08:42:49","modified_gmt":"2024-01-12T08:42:49","slug":"perforated-stainless-steel-fairy-sculpture","status":"publish","type":"product","link":"https:\/\/artvisionsculptures.com\/es\/producto\/perforated-stainless-steel-fairy-sculpture\/","title":{"rendered":"Escultura de Hada de Acero Inoxidable Perforado"},"content":{"rendered":"<p>La escultura sentada est\u00e1 hecha de acero inoxidable de alta calidad con un acabado de espejo s\u00faper brillante en una altura de 1.2 m. Es una escultura de un hada de la mitolog\u00eda y la leyenda con dos alas ligeras en su espalda y algunas mariposas bonitas agrupadas a su alrededor, es verdaderamente hermosa, ligera y delgada.<\/p>\n<p>Las placas perforadas y las cuerdas de alambre tambi\u00e9n se usan a menudo en la producci\u00f3n de esculturas de metal. Finamente pulidas paso a paso utilizando la t\u00e9cnica de forja a mano. Comienza con un modelo de espuma, luego toda la escultura se divide en secciones, se cortan las placas de acero perforado y se forjan en la forma correcta antes de ensamblarlas y soldarlas, y el \u00faltimo paso es realizar el tratamiento superficial. Cuando se termina, las marcas de soldadura en la superficie son invisibles, lo que tambi\u00e9n requiere la alta habilidad del artesano.<\/p>","protected":false},"excerpt":{"rendered":"<p><strong>Informaci\u00f3n b\u00e1sica:<\/strong><\/p>\n<p>Material: acero inoxidable 316L<\/p>\n<p>Dimensi\u00f3n: H1.2m<\/p>\n<p>Tratamiento de superficie: Pulido a espejo<\/p>","protected":false},"featured_media":537,"template":"","meta":[],"product_cat":[46],"product_tag":[],"class_list":{"0":"post-535","1":"product","2":"type-product","3":"status-publish","4":"has-post-thumbnail","6":"product_cat-stainless-steel-sculpture","8":"first","9":"instock","10":"shipping-taxable","11":"product-type-simple"},"_links":{"self":[{"href":"https:\/\/artvisionsculptures.com\/es\/wp-json\/wp\/v2\/product\/535","targetHints":{"allow":["GET"]}}],"collection":[{"href":"https:\/\/artvisionsculptures.com\/es\/wp-json\/wp\/v2\/product"}],"about":[{"href":"https:\/\/artvisionsculptures.com\/es\/wp-json\/wp\/v2\/types\/product"}],"version-history":[{"count":2,"href":"https:\/\/artvisionsculptures.com\/es\/wp-json\/wp\/v2\/product\/535\/revisions"}],"predecessor-version":[{"id":1110,"href":"https:\/\/artvisionsculptures.com\/es\/wp-json\/wp\/v2\/product\/535\/revisions\/1110"}],"wp:featuredmedia":[{"embeddable":true,"href":"https:\/\/artvisionsculptures.com\/es\/wp-json\/wp\/v2\/media\/537"}],"wp:attachment":[{"href":"https:\/\/artvisionsculptures.com\/es\/wp-json\/wp\/v2\/media?parent=535"}],"wp:term":[{"taxonomy":"product_cat","embeddable":true,"href":"https:\/\/artvisionsculptures.com\/es\/wp-json\/wp\/v2\/product_cat?post=535"},{"taxonomy":"product_tag","embeddable":true,"href":"https:\/\/artvisionsculptures.com\/es\/wp-json\/wp\/v2\/product_tag?post=535"}],"curies":[{"name":"wp","href":"https:\/\/api.w.org\/{rel}","templated":true}]}}