{"id":549,"date":"2023-06-25T09:13:22","date_gmt":"2023-06-25T09:13:22","guid":{"rendered":"http:\/\/artvisionsculptures.com\/?post_type=product&#038;p=549"},"modified":"2024-01-12T08:38:04","modified_gmt":"2024-01-12T08:38:04","slug":"mirror-polished-cast-stainless-steel-sculpture","status":"publish","type":"product","link":"https:\/\/artvisionsculptures.com\/es\/producto\/mirror-polished-cast-stainless-steel-sculpture\/","title":{"rendered":"Escultura de acero inoxidable pulido espejo"},"content":{"rendered":"<div id=\"smv_tem_28_34\" class=\"esmartMargin smartAbs expandFlag\">\n<div class=\"yibuFrameContent tem_28_34 area_Style1\">\n<div class=\"w-container\" data-effect-name=\"enterTop\">\n<div id=\"smc_Area0\" class=\"smAreaC expandFlag\">\n<div id=\"smv_tem_25_25\" class=\"smartRecpt esmartMargin smartAbs\">\n<div class=\"yibuFrameContent tem_25_25 productContentBind_Style1\">\n<div id=\"tem_25_25_txt\" class=\"w-detailcontent\">\n<div class=\"w-detail\">\n<p>Esta es una impresionante escultura de acero inoxidable dise\u00f1ada por un reconocido artista chino, con una altura de 80cm. La escultura est\u00e1 compuesta por dos partes: la parte frontal presenta una figura humana abstracta con una corona en la cabeza, mientras que la parte trasera est\u00e1 decorada con una gran cantidad de burbujas. El estilo \u00fanico de la figura humana, que ha sido tratada con coloraci\u00f3n, a\u00f1ade un toque de personalidad a la escultura. La corona en la parte superior de la cabeza de la figura simboliza poder y realeza, otorgando a la obra un sentido de majestuosidad. Las burbujas en la parte trasera de la escultura est\u00e1n pulidas como espejos, reflejando a las personas y el entorno circundante, creando un contraste llamativo. Esto tambi\u00e9n encarna la fusi\u00f3n del arte tradicional y moderno.<\/p>\n<p>La escultura est\u00e1 hecha de acero inoxidable de alta calidad 316L y se realiza mediante un proceso de fundici\u00f3n integral, desde el dise\u00f1o y el molde de silicona hasta la fundici\u00f3n en acero inoxidable y el tratamiento de superficie con color. Prestamos atenci\u00f3n a cada detalle para garantizar la m\u00e1xima calidad del producto final.<\/p>\n<\/div>\n<\/div>\n<\/div>\n<\/div>\n<\/div>\n<\/div>\n<\/div>\n<\/div>\n<div id=\"smv_tem_26_2\" class=\"esmartMargin smartAbs\">\n<div class=\"yibuFrameContent tem_26_2 fullpageSlide_Style1\">\n<div id=\"lider_smv_tem_26_2_wrapper\">\n<div id=\"slider_smv_tem_26_2\" class=\"w-slide\" data-jssor-slider=\"1\">\n<div>\n<div data-scale-ratio=\"1\">\n<div class=\"w-slide-inner\" data-u=\"slides\"><\/div>\n<\/div>\n<\/div>\n<\/div>\n<\/div>\n<\/div>\n<\/div>","protected":false},"excerpt":{"rendered":"<p class=\"p\"><strong><span class=\"15\">Informaci\u00f3n b\u00e1sica:<\/span><\/strong><\/p>\n<p class=\"p\">Material: Acero inoxidable 316L<\/p>\n<p class=\"p\">Dimensi\u00f3n: H80cm(2.75ft)<\/p>\n<p class=\"p\">Tratamiento de Superficie: Pulido Espejo<\/p>","protected":false},"featured_media":550,"template":"","meta":[],"product_cat":[46],"product_tag":[],"class_list":{"0":"post-549","1":"product","2":"type-product","3":"status-publish","4":"has-post-thumbnail","6":"product_cat-stainless-steel-sculpture","8":"first","9":"instock","10":"shipping-taxable","11":"product-type-simple"},"_links":{"self":[{"href":"https:\/\/artvisionsculptures.com\/es\/wp-json\/wp\/v2\/product\/549","targetHints":{"allow":["GET"]}}],"collection":[{"href":"https:\/\/artvisionsculptures.com\/es\/wp-json\/wp\/v2\/product"}],"about":[{"href":"https:\/\/artvisionsculptures.com\/es\/wp-json\/wp\/v2\/types\/product"}],"version-history":[{"count":2,"href":"https:\/\/artvisionsculptures.com\/es\/wp-json\/wp\/v2\/product\/549\/revisions"}],"predecessor-version":[{"id":1108,"href":"https:\/\/artvisionsculptures.com\/es\/wp-json\/wp\/v2\/product\/549\/revisions\/1108"}],"wp:featuredmedia":[{"embeddable":true,"href":"https:\/\/artvisionsculptures.com\/es\/wp-json\/wp\/v2\/media\/550"}],"wp:attachment":[{"href":"https:\/\/artvisionsculptures.com\/es\/wp-json\/wp\/v2\/media?parent=549"}],"wp:term":[{"taxonomy":"product_cat","embeddable":true,"href":"https:\/\/artvisionsculptures.com\/es\/wp-json\/wp\/v2\/product_cat?post=549"},{"taxonomy":"product_tag","embeddable":true,"href":"https:\/\/artvisionsculptures.com\/es\/wp-json\/wp\/v2\/product_tag?post=549"}],"curies":[{"name":"wp","href":"https:\/\/api.w.org\/{rel}","templated":true}]}}