{"id":557,"date":"2023-09-20T09:14:55","date_gmt":"2023-09-20T09:14:55","guid":{"rendered":"http:\/\/artvisionsculptures.com\/?post_type=product&#038;p=557"},"modified":"2024-01-12T08:23:33","modified_gmt":"2024-01-12T08:23:33","slug":"painting-fiberglass-hand-and-figure-sculpture","status":"publish","type":"product","link":"https:\/\/artvisionsculptures.com\/es\/producto\/painting-fiberglass-hand-and-figure-sculpture\/","title":{"rendered":"Pintura de escultura de mano y figura en fibra de vidrio"},"content":{"rendered":"<div id=\"smv_tem_28_34\" class=\"esmartMargin smartAbs expandFlag\">\n<div class=\"yibuFrameContent tem_28_34 area_Style1\">\n<div class=\"w-container\" data-effect-name=\"enterTop\">\n<div id=\"smc_Area0\" class=\"smAreaC expandFlag\">\n<div id=\"smv_tem_25_25\" class=\"smartRecpt esmartMargin smartAbs\">\n<div class=\"yibuFrameContent tem_25_25 productContentBind_Style1\">\n<div id=\"tem_25_25_txt\" class=\"w-detailcontent\">\n<div class=\"w-detail\">\n<p>La fibra de vidrio es uno de los materiales principales y populares utilizados en la producci\u00f3n de esculturas al aire libre. Esta instalaci\u00f3n art\u00edstica, que consiste en una mano grande, una figura y la sombra de la mano. La figura humanoide y la mano est\u00e1n hechas de fibra de vidrio, mientras que la sombra de la mano est\u00e1 hecha de acero inoxidable 304. Su altura es de 3 metros. Esta combinaci\u00f3n garantiza una apariencia coherente y proporciona estabilidad y seguridad para la escultura en general.<\/p>\n<p>Durante el proceso de producci\u00f3n, basado en el dise\u00f1o del modelo 3D, primero se crea un modelo de espuma a escala 1:1. Luego, la fibra de vidrio se moldea en secciones seg\u00fan el modelo. Debido a la naturaleza especial de la fibra de vidrio, el proceso de moldeo requiere m\u00faltiples repeticiones para asegurar que la fibra de vidrio llene completamente el molde y forme la forma deseada, seguido de enfriamiento y desmoldeo. Para fortalecer a\u00fan m\u00e1s la escultura, se instala una estructura de acero inoxidable en su interior como soporte, asegurando su resistencia y aumentando su vida \u00fatil.<\/p>\n<p>Esta es una nueva obra del Sr. Andy Lau y del artista Wong Yulong, exhibida en el Freespace del Distrito Cultural de Hong Kong. Ha atra\u00eddo la atenci\u00f3n de muchos entusiastas del arte.<\/p>\n<\/div>\n<\/div>\n<\/div>\n<\/div>\n<\/div>\n<\/div>\n<\/div>\n<\/div>\n<div id=\"smv_tem_26_2\" class=\"esmartMargin smartAbs\">\n<div class=\"yibuFrameContent tem_26_2 fullpageSlide_Style1\">\n<div id=\"lider_smv_tem_26_2_wrapper\">\n<div id=\"slider_smv_tem_26_2\" class=\"w-slide\" data-jssor-slider=\"1\">\n<div>\n<div data-scale-ratio=\"1\">\n<div class=\"w-slide-inner\" data-u=\"slides\"><\/div>\n<\/div>\n<\/div>\n<\/div>\n<\/div>\n<\/div>\n<\/div>","protected":false},"excerpt":{"rendered":"<p><strong>Informaci\u00f3n b\u00e1sica:<\/strong><\/p>\n<p>Material: acero inoxidable 304 y fibra de vidrio<\/p>\n<p>Dimensi\u00f3n: H300cm(9.8ft)<\/p>\n<p>Tratamiento superficial: Pintura en spray<\/p>","protected":false},"featured_media":967,"template":"","meta":[],"product_cat":[49],"product_tag":[],"class_list":{"0":"post-557","1":"product","2":"type-product","3":"status-publish","4":"has-post-thumbnail","6":"product_cat-fiberglass-sculpture","8":"first","9":"instock","10":"shipping-taxable","11":"product-type-simple"},"_links":{"self":[{"href":"https:\/\/artvisionsculptures.com\/es\/wp-json\/wp\/v2\/product\/557","targetHints":{"allow":["GET"]}}],"collection":[{"href":"https:\/\/artvisionsculptures.com\/es\/wp-json\/wp\/v2\/product"}],"about":[{"href":"https:\/\/artvisionsculptures.com\/es\/wp-json\/wp\/v2\/types\/product"}],"version-history":[{"count":2,"href":"https:\/\/artvisionsculptures.com\/es\/wp-json\/wp\/v2\/product\/557\/revisions"}],"predecessor-version":[{"id":1107,"href":"https:\/\/artvisionsculptures.com\/es\/wp-json\/wp\/v2\/product\/557\/revisions\/1107"}],"wp:featuredmedia":[{"embeddable":true,"href":"https:\/\/artvisionsculptures.com\/es\/wp-json\/wp\/v2\/media\/967"}],"wp:attachment":[{"href":"https:\/\/artvisionsculptures.com\/es\/wp-json\/wp\/v2\/media?parent=557"}],"wp:term":[{"taxonomy":"product_cat","embeddable":true,"href":"https:\/\/artvisionsculptures.com\/es\/wp-json\/wp\/v2\/product_cat?post=557"},{"taxonomy":"product_tag","embeddable":true,"href":"https:\/\/artvisionsculptures.com\/es\/wp-json\/wp\/v2\/product_tag?post=557"}],"curies":[{"name":"wp","href":"https:\/\/api.w.org\/{rel}","templated":true}]}}