{"id":564,"date":"2022-11-10T09:17:41","date_gmt":"2022-11-10T09:17:41","guid":{"rendered":"http:\/\/artvisionsculptures.com\/?post_type=product&#038;p=564"},"modified":"2024-01-12T08:18:16","modified_gmt":"2024-01-12T08:18:16","slug":"golden-bronze-heaven-and-earth-sculpture","status":"publish","type":"product","link":"https:\/\/artvisionsculptures.com\/es\/producto\/golden-bronze-heaven-and-earth-sculpture\/","title":{"rendered":"Escultura de Cielo y Tierra en Bronce Dorado"},"content":{"rendered":"<p>Esta elegante escultura de bronce est\u00e1 hecha de bronce fundido. Tiene un acabado en hoja de oro, que es una capa protectora que puede durar cientos de a\u00f1os si se mantiene adecuadamente. La hermosa escultura de una figura se\u00f1alando al cielo es un s\u00edmbolo com\u00fan de inspiraci\u00f3n y esperanza. Cuando llenas tu hogar con esta obra de arte decorativa, est\u00e1s aportando energ\u00eda positiva.<\/p>","protected":false},"excerpt":{"rendered":"<p><strong>Informaci\u00f3n b\u00e1sica:<\/strong><\/p>\n<p>Material: Bronce<\/p>\n<p>Dimensi\u00f3n: H53\/103cm<\/p>\n<p>Tratamiento de superficie: P\u00e1tina y hoja de oro<\/p>","protected":false},"featured_media":565,"template":"","meta":[],"product_cat":[47],"product_tag":[],"class_list":{"0":"post-564","1":"product","2":"type-product","3":"status-publish","4":"has-post-thumbnail","6":"product_cat-bronze-sculpture","8":"first","9":"instock","10":"shipping-taxable","11":"product-type-simple"},"_links":{"self":[{"href":"https:\/\/artvisionsculptures.com\/es\/wp-json\/wp\/v2\/product\/564","targetHints":{"allow":["GET"]}}],"collection":[{"href":"https:\/\/artvisionsculptures.com\/es\/wp-json\/wp\/v2\/product"}],"about":[{"href":"https:\/\/artvisionsculptures.com\/es\/wp-json\/wp\/v2\/types\/product"}],"version-history":[{"count":2,"href":"https:\/\/artvisionsculptures.com\/es\/wp-json\/wp\/v2\/product\/564\/revisions"}],"predecessor-version":[{"id":1105,"href":"https:\/\/artvisionsculptures.com\/es\/wp-json\/wp\/v2\/product\/564\/revisions\/1105"}],"wp:featuredmedia":[{"embeddable":true,"href":"https:\/\/artvisionsculptures.com\/es\/wp-json\/wp\/v2\/media\/565"}],"wp:attachment":[{"href":"https:\/\/artvisionsculptures.com\/es\/wp-json\/wp\/v2\/media?parent=564"}],"wp:term":[{"taxonomy":"product_cat","embeddable":true,"href":"https:\/\/artvisionsculptures.com\/es\/wp-json\/wp\/v2\/product_cat?post=564"},{"taxonomy":"product_tag","embeddable":true,"href":"https:\/\/artvisionsculptures.com\/es\/wp-json\/wp\/v2\/product_tag?post=564"}],"curies":[{"name":"wp","href":"https:\/\/api.w.org\/{rel}","templated":true}]}}