{"id":583,"date":"2022-10-18T09:24:36","date_gmt":"2022-10-18T09:24:36","guid":{"rendered":"http:\/\/artvisionsculptures.com\/?post_type=product&#038;p=583"},"modified":"2024-01-12T08:00:12","modified_gmt":"2024-01-12T08:00:12","slug":"patina-bronze-mocking-bird-sculpture","status":"publish","type":"product","link":"https:\/\/artvisionsculptures.com\/es\/producto\/patina-bronze-mocking-bird-sculpture\/","title":{"rendered":"Escultura de p\u00e1jaro burl\u00f3n de bronce con patina"},"content":{"rendered":"<div id=\"smv_tem_28_34\" class=\"esmartMargin smartAbs expandFlag\">\n<div class=\"yibuFrameContent tem_28_34 area_Style1\">\n<div class=\"w-container\" data-effect-name=\"enterTop\">\n<div id=\"smc_Area0\" class=\"smAreaC expandFlag\">\n<div id=\"smv_tem_25_25\" class=\"smartRecpt esmartMargin smartAbs\">\n<div class=\"yibuFrameContent tem_25_25 productContentBind_Style1\">\n<div id=\"tem_25_25_txt\" class=\"w-detailcontent\">\n<div class=\"w-detail\">\n<p>Sin rostro con un sombrero y vistiendo ropa suelta es una de las caracter\u00edsticas principales del trabajo de Huang Yulong, un artista contempor\u00e1neo chino. Esta es una versi\u00f3n infantil de la figura con un toque de hip-hop, hecha de bronce con un acabado de p\u00e1tina en la superficie del cuerpo y un acabado de hoja de oro en el interior del sombrero. La cara est\u00e1 ligeramente inclinada hacia abajo y las manos se aferran a los lados del pantal\u00f3n en una imagen v\u00edvida.<\/p>\n<p>La fundici\u00f3n a la cera perdida es una de las formas m\u00e1s comunes de fabricar trabajos en metal, lo cual requiere un alto nivel de habilidad por parte del trabajador. Se divide en varias etapas de producci\u00f3n, como moldes de arcilla, moldes de cera, pel\u00edcula de silicona, cascarones de arena, fundir el bronce, verter el bronce en piezas, dejar enfriar antes de que cada parte de la escultura sea ensamblada y soldada seg\u00fan la forma, y finalmente pulida finamente para el acabado.<\/p>\n<\/div>\n<\/div>\n<\/div>\n<\/div>\n<\/div>\n<\/div>\n<\/div>\n<\/div>\n<div id=\"smv_tem_26_2\" class=\"esmartMargin smartAbs\">\n<div class=\"yibuFrameContent tem_26_2 fullpageSlide_Style1\">\n<div id=\"lider_smv_tem_26_2_wrapper\">\n<div id=\"slider_smv_tem_26_2\" class=\"w-slide\" data-jssor-slider=\"1\">\n<div>\n<div data-scale-ratio=\"1\">\n<div class=\"w-slide-inner\" data-u=\"slides\"><\/div>\n<\/div>\n<\/div>\n<\/div>\n<\/div>\n<\/div>\n<\/div>","protected":false},"excerpt":{"rendered":"<p><strong>Informaci\u00f3n b\u00e1sica:<\/strong><\/p>\n<p>Material: Bronce<\/p>\n<p>Dimensi\u00f3n: H103cm<\/p>\n<p>Tratamiento de superficie: P\u00e1tina y hoja de oro<\/p>","protected":false},"featured_media":586,"template":"","meta":[],"product_cat":[47],"product_tag":[],"class_list":{"0":"post-583","1":"product","2":"type-product","3":"status-publish","4":"has-post-thumbnail","6":"product_cat-bronze-sculpture","8":"first","9":"instock","10":"shipping-taxable","11":"product-type-simple"},"_links":{"self":[{"href":"https:\/\/artvisionsculptures.com\/es\/wp-json\/wp\/v2\/product\/583","targetHints":{"allow":["GET"]}}],"collection":[{"href":"https:\/\/artvisionsculptures.com\/es\/wp-json\/wp\/v2\/product"}],"about":[{"href":"https:\/\/artvisionsculptures.com\/es\/wp-json\/wp\/v2\/types\/product"}],"version-history":[{"count":2,"href":"https:\/\/artvisionsculptures.com\/es\/wp-json\/wp\/v2\/product\/583\/revisions"}],"predecessor-version":[{"id":1103,"href":"https:\/\/artvisionsculptures.com\/es\/wp-json\/wp\/v2\/product\/583\/revisions\/1103"}],"wp:featuredmedia":[{"embeddable":true,"href":"https:\/\/artvisionsculptures.com\/es\/wp-json\/wp\/v2\/media\/586"}],"wp:attachment":[{"href":"https:\/\/artvisionsculptures.com\/es\/wp-json\/wp\/v2\/media?parent=583"}],"wp:term":[{"taxonomy":"product_cat","embeddable":true,"href":"https:\/\/artvisionsculptures.com\/es\/wp-json\/wp\/v2\/product_cat?post=583"},{"taxonomy":"product_tag","embeddable":true,"href":"https:\/\/artvisionsculptures.com\/es\/wp-json\/wp\/v2\/product_tag?post=583"}],"curies":[{"name":"wp","href":"https:\/\/api.w.org\/{rel}","templated":true}]}}