{"id":1207,"date":"2023-12-01T06:55:34","date_gmt":"2023-12-01T06:55:34","guid":{"rendered":"http:\/\/artvisionsculptures.com\/?post_type=product&#038;p=1207"},"modified":"2024-01-15T07:50:00","modified_gmt":"2024-01-15T07:50:00","slug":"modern-casting-bronze-face-sculpture","status":"publish","type":"product","link":"https:\/\/artvisionsculptures.com\/fr\/produit\/modern-casting-bronze-face-sculpture\/","title":{"rendered":"Sculpture moderne en bronze moul\u00e9"},"content":{"rendered":"<p>Assis avec les jambes crois\u00e9es et tenant une \u00e9toile \u00e0 cinq branches en or dans les deux mains pour couvrir son visage, sa posture est naturelle et ajoute une couche de myst\u00e8re. Il s'appelle Face et est une \u0153uvre d'art du jeune artiste moderne Huang Yulong. Les \u0153uvres de l'artiste sont principalement en bronze. Cette sculpture en bronze assise est r\u00e9alis\u00e9e selon la technique traditionnelle de la cire perdue, et la surface a \u00e9t\u00e9 color\u00e9e pour pr\u00e9senter une texture brillante brun fonc\u00e9.<\/p>\n<p>Cette sculpture est disponible en version de 60 cm de hauteur, et il existe \u00e9galement des sculptures en bronze \u00e0 vendre qui peuvent \u00eatre personnalis\u00e9es sur demande. La sculpture en m\u00e9tal fondu convient comme d\u00e9coration int\u00e9rieure ou ext\u00e9rieure et est permanente.<\/p>\n<p>Artvision Sculpture est un fabricant sp\u00e9cialis\u00e9 dans les services de fabrication de sculptures en m\u00e9tal. Faites-nous savoir votre sculpture pr\u00e9f\u00e9r\u00e9e ou le design que vous souhaitez r\u00e9aliser, et nous serons heureux de vous fournir la meilleure solution de production. N'h\u00e9sitez pas \u00e0 venir pour une consultation et un devis.<\/p>","protected":false},"excerpt":{"rendered":"<p><strong>Informations de base :<\/strong><\/p>\n<p>Mat\u00e9riau : Bronze<\/p>\n<p>Dimension : H60cm<\/p>\n<p>Traitement de surface : Patine<\/p>","protected":false},"featured_media":1211,"template":"","meta":[],"product_cat":[47],"product_tag":[],"class_list":{"0":"post-1207","1":"product","2":"type-product","3":"status-publish","4":"has-post-thumbnail","6":"product_cat-bronze-sculpture","8":"first","9":"instock","10":"shipping-taxable","11":"product-type-simple"},"_links":{"self":[{"href":"https:\/\/artvisionsculptures.com\/fr\/wp-json\/wp\/v2\/product\/1207","targetHints":{"allow":["GET"]}}],"collection":[{"href":"https:\/\/artvisionsculptures.com\/fr\/wp-json\/wp\/v2\/product"}],"about":[{"href":"https:\/\/artvisionsculptures.com\/fr\/wp-json\/wp\/v2\/types\/product"}],"version-history":[{"count":1,"href":"https:\/\/artvisionsculptures.com\/fr\/wp-json\/wp\/v2\/product\/1207\/revisions"}],"predecessor-version":[{"id":1208,"href":"https:\/\/artvisionsculptures.com\/fr\/wp-json\/wp\/v2\/product\/1207\/revisions\/1208"}],"wp:featuredmedia":[{"embeddable":true,"href":"https:\/\/artvisionsculptures.com\/fr\/wp-json\/wp\/v2\/media\/1211"}],"wp:attachment":[{"href":"https:\/\/artvisionsculptures.com\/fr\/wp-json\/wp\/v2\/media?parent=1207"}],"wp:term":[{"taxonomy":"product_cat","embeddable":true,"href":"https:\/\/artvisionsculptures.com\/fr\/wp-json\/wp\/v2\/product_cat?post=1207"},{"taxonomy":"product_tag","embeddable":true,"href":"https:\/\/artvisionsculptures.com\/fr\/wp-json\/wp\/v2\/product_tag?post=1207"}],"curies":[{"name":"wp","href":"https:\/\/api.w.org\/{rel}","templated":true}]}}