{"id":1234,"date":"2023-08-23T07:10:39","date_gmt":"2023-08-23T07:10:39","guid":{"rendered":"http:\/\/artvisionsculptures.com\/?post_type=product&#038;p=1234"},"modified":"2024-01-15T07:35:08","modified_gmt":"2024-01-15T07:35:08","slug":"natural-rust-corten-steel-art-sculpture","status":"publish","type":"product","link":"https:\/\/artvisionsculptures.com\/fr\/produit\/natural-rust-corten-steel-art-sculpture\/","title":{"rendered":"Sculpture d'art en acier corten rouill\u00e9 naturel"},"content":{"rendered":"<p>L'acier Corten avec une surface naturellement rouill\u00e9e est un choix unique et populaire pour les sculptures et installations artistiques ext\u00e9rieures. Il s'agit d'une \u0153uvre d'art qui combine les mat\u00e9riaux de l'acier inoxydable 316L et de l'acier Corten. Il existe deux finitions, polie miroir et rouill\u00e9e naturellement, qui se fondent et contrastent magnifiquement et de mani\u00e8re unique l'une avec l'autre.<\/p>\n<p>L'acier inoxydable 316L et l'acier Corten sont deux types d'acier diff\u00e9rents qui peuvent \u00eatre joints et soud\u00e9s solidement gr\u00e2ce \u00e0 des techniques de soudage. En termes d'entretien, bien que la surface d'une sculpture en acier Corten puisse rouiller, cette rouille n'affecte pas l'int\u00e9grit\u00e9 de la sculpture. En fait, elle cr\u00e9e une couche protectrice, et apr\u00e8s une longue p\u00e9riode de corrosion naturelle, elle rouille de mani\u00e8re plus naturelle et esth\u00e9tique. Et, bien s\u00fbr, cela n'affectera pas la surface en acier inoxydable r\u00e9sistante \u00e0 la corrosion.<\/p>","protected":false},"excerpt":{"rendered":"<p><strong>Basique<\/strong>\u00a0<strong>Informations :<\/strong><\/p>\n<p>Mat\u00e9riau : Acier inoxydable 316L &amp; Acier Corten<\/p>\n<p>Dimension : Personnalis\u00e9e<\/p>\n<p>Traitement de surface : Polissage miroir &amp; Rouille<\/p>","protected":false},"featured_media":1242,"template":"","meta":[],"product_cat":[46,48],"product_tag":[],"class_list":{"0":"post-1234","1":"product","2":"type-product","3":"status-publish","4":"has-post-thumbnail","6":"product_cat-stainless-steel-sculpture","7":"product_cat-steel-sculpture","9":"first","10":"instock","11":"shipping-taxable","12":"product-type-simple"},"_links":{"self":[{"href":"https:\/\/artvisionsculptures.com\/fr\/wp-json\/wp\/v2\/product\/1234","targetHints":{"allow":["GET"]}}],"collection":[{"href":"https:\/\/artvisionsculptures.com\/fr\/wp-json\/wp\/v2\/product"}],"about":[{"href":"https:\/\/artvisionsculptures.com\/fr\/wp-json\/wp\/v2\/types\/product"}],"version-history":[{"count":2,"href":"https:\/\/artvisionsculptures.com\/fr\/wp-json\/wp\/v2\/product\/1234\/revisions"}],"predecessor-version":[{"id":1256,"href":"https:\/\/artvisionsculptures.com\/fr\/wp-json\/wp\/v2\/product\/1234\/revisions\/1256"}],"wp:featuredmedia":[{"embeddable":true,"href":"https:\/\/artvisionsculptures.com\/fr\/wp-json\/wp\/v2\/media\/1242"}],"wp:attachment":[{"href":"https:\/\/artvisionsculptures.com\/fr\/wp-json\/wp\/v2\/media?parent=1234"}],"wp:term":[{"taxonomy":"product_cat","embeddable":true,"href":"https:\/\/artvisionsculptures.com\/fr\/wp-json\/wp\/v2\/product_cat?post=1234"},{"taxonomy":"product_tag","embeddable":true,"href":"https:\/\/artvisionsculptures.com\/fr\/wp-json\/wp\/v2\/product_tag?post=1234"}],"curies":[{"name":"wp","href":"https:\/\/api.w.org\/{rel}","templated":true}]}}