{"id":1249,"date":"2023-09-15T07:28:05","date_gmt":"2023-09-15T07:28:05","guid":{"rendered":"http:\/\/artvisionsculptures.com\/?post_type=product&#038;p=1249"},"modified":"2024-01-15T07:52:32","modified_gmt":"2024-01-15T07:52:32","slug":"custom-mirror-polishing-stainless-steel-sculpture","status":"publish","type":"product","link":"https:\/\/artvisionsculptures.com\/fr\/produit\/custom-mirror-polishing-stainless-steel-sculpture\/","title":{"rendered":"Sculpture en acier inoxydable polie miroir sur mesure"},"content":{"rendered":"<p>Cette sculpture en acier inoxydable sur mesure mesure 60 cm de hauteur. Elle a \u00e9t\u00e9 fabriqu\u00e9e en acier inoxydable de qualit\u00e9 316L d'une \u00e9paisseur de 3-4 mm et r\u00e9alis\u00e9e par un proc\u00e9d\u00e9 de forgeage \u00e0 la main. La surface de la sculpture en acier inoxydable polie miroir de qualit\u00e9 est tr\u00e8s r\u00e9fl\u00e9chissante, sans trous de sable visibles, sans lignes de soudure, et avec des lignes globalement lisses, parfaite pour r\u00e9aliser la forme du design de l'artiste.<\/p>","protected":false},"excerpt":{"rendered":"<p><strong>Informations de base :<\/strong><\/p>\n<p>Mat\u00e9riau : acier inoxydable 316L<\/p>\n<p>Dimension : H60cm (1,97 pi)<\/p>\n<p>Traitement de surface : polissage miroir<\/p>","protected":false},"featured_media":1250,"template":"","meta":[],"product_cat":[46],"product_tag":[],"class_list":{"0":"post-1249","1":"product","2":"type-product","3":"status-publish","4":"has-post-thumbnail","6":"product_cat-stainless-steel-sculpture","8":"first","9":"instock","10":"shipping-taxable","11":"product-type-simple"},"_links":{"self":[{"href":"https:\/\/artvisionsculptures.com\/fr\/wp-json\/wp\/v2\/product\/1249","targetHints":{"allow":["GET"]}}],"collection":[{"href":"https:\/\/artvisionsculptures.com\/fr\/wp-json\/wp\/v2\/product"}],"about":[{"href":"https:\/\/artvisionsculptures.com\/fr\/wp-json\/wp\/v2\/types\/product"}],"version-history":[{"count":1,"href":"https:\/\/artvisionsculptures.com\/fr\/wp-json\/wp\/v2\/product\/1249\/revisions"}],"predecessor-version":[{"id":1255,"href":"https:\/\/artvisionsculptures.com\/fr\/wp-json\/wp\/v2\/product\/1249\/revisions\/1255"}],"wp:featuredmedia":[{"embeddable":true,"href":"https:\/\/artvisionsculptures.com\/fr\/wp-json\/wp\/v2\/media\/1250"}],"wp:attachment":[{"href":"https:\/\/artvisionsculptures.com\/fr\/wp-json\/wp\/v2\/media?parent=1249"}],"wp:term":[{"taxonomy":"product_cat","embeddable":true,"href":"https:\/\/artvisionsculptures.com\/fr\/wp-json\/wp\/v2\/product_cat?post=1249"},{"taxonomy":"product_tag","embeddable":true,"href":"https:\/\/artvisionsculptures.com\/fr\/wp-json\/wp\/v2\/product_tag?post=1249"}],"curies":[{"name":"wp","href":"https:\/\/api.w.org\/{rel}","templated":true}]}}