{"id":1257,"date":"2023-11-21T07:35:16","date_gmt":"2023-11-21T07:35:16","guid":{"rendered":"http:\/\/artvisionsculptures.com\/?post_type=product&#038;p=1257"},"modified":"2024-01-15T07:38:23","modified_gmt":"2024-01-15T07:38:23","slug":"modern-brushed-stainless-steel-sculpture","status":"publish","type":"product","link":"https:\/\/artvisionsculptures.com\/fr\/produit\/modern-brushed-stainless-steel-sculpture\/","title":{"rendered":"Sculpture moderne en acier inoxydable bross\u00e9"},"content":{"rendered":"<p>Il s'agit d'une \u0153uvre d'art con\u00e7ue par l'artiste Wong Yulong en collaboration avec Andy Lau gr\u00e2ce \u00e0 la technologie de mod\u00e9lisation 3D. La sculpture est maintenant install\u00e9e \u00e0 Freespace, District culturel de West Kowloon, Hong Kong. Cette sculpture en acier inoxydable est con\u00e7ue \u00e0 partir de l'image de l'artiste M. Andy Lau comme source d'inspiration, l'image exprimant vivement son charme personnel.<\/p>\n<p>Cette sculpture en acier inoxydable personnalis\u00e9e mesure 2 m\u00e8tres de haut. Sur la base d'un mod\u00e8le 3D, un mod\u00e8le en r\u00e9sine \u00e0 l'\u00e9chelle 1:1 a \u00e9t\u00e9 imprim\u00e9 pour la production. \u00c9tant donn\u00e9 que certaines parties de la surface de la sculpture comportent plus de d\u00e9tails, ce qui est plus difficile \u00e0 traiter finement \u00e0 la main, nous avons utilis\u00e9 une combinaison de processus de moulage et de forge \u00e0 la main pour la r\u00e9aliser. D'autres panneaux avec des surfaces relativement plates ont \u00e9t\u00e9 fabriqu\u00e9s par forge \u00e0 la main. Enfin, les panneaux fabriqu\u00e9s en pi\u00e8ces sont assembl\u00e9s par soudure. La production de sculptures en acier inoxydable moul\u00e9 et en bronze moul\u00e9 est essentiellement la m\u00eame, \u00e0 l'exception de la diff\u00e9rence de mat\u00e9riau, principalement r\u00e9alis\u00e9e par le proc\u00e9d\u00e9 traditionnel de cire perdue.<\/p>\n<p>Nous, Artvision Sculpture, sommes un fabricant et fournisseur de sculptures en m\u00e9tal r\u00e9alis\u00e9es par forge \u00e0 la main et moulage \u00e0 la cire perdue, avec une riche exp\u00e9rience. Particuli\u00e8rement dans la fabrication de sculptures en acier inoxydable, sculptures en bronze et sculptures en acier corten. Si vous souhaitez en savoir plus sur la sculpture personnalis\u00e9e, n'h\u00e9sitez pas \u00e0 nous contacter.<\/p>","protected":false},"excerpt":{"rendered":"<p><strong>Informations de base :<\/strong><\/p>\n<p>Mat\u00e9riau : acier inoxydable 316L<\/p>\n<p>Dimension : H200cm (6,6 pieds)<\/p>\n<p>Traitement de surface : bross\u00e9<\/p>","protected":false},"featured_media":1263,"template":"","meta":[],"product_cat":[46],"product_tag":[],"class_list":{"0":"post-1257","1":"product","2":"type-product","3":"status-publish","4":"has-post-thumbnail","6":"product_cat-stainless-steel-sculpture","8":"first","9":"instock","10":"shipping-taxable","11":"product-type-simple"},"_links":{"self":[{"href":"https:\/\/artvisionsculptures.com\/fr\/wp-json\/wp\/v2\/product\/1257","targetHints":{"allow":["GET"]}}],"collection":[{"href":"https:\/\/artvisionsculptures.com\/fr\/wp-json\/wp\/v2\/product"}],"about":[{"href":"https:\/\/artvisionsculptures.com\/fr\/wp-json\/wp\/v2\/types\/product"}],"version-history":[{"count":1,"href":"https:\/\/artvisionsculptures.com\/fr\/wp-json\/wp\/v2\/product\/1257\/revisions"}],"predecessor-version":[{"id":1265,"href":"https:\/\/artvisionsculptures.com\/fr\/wp-json\/wp\/v2\/product\/1257\/revisions\/1265"}],"wp:featuredmedia":[{"embeddable":true,"href":"https:\/\/artvisionsculptures.com\/fr\/wp-json\/wp\/v2\/media\/1263"}],"wp:attachment":[{"href":"https:\/\/artvisionsculptures.com\/fr\/wp-json\/wp\/v2\/media?parent=1257"}],"wp:term":[{"taxonomy":"product_cat","embeddable":true,"href":"https:\/\/artvisionsculptures.com\/fr\/wp-json\/wp\/v2\/product_cat?post=1257"},{"taxonomy":"product_tag","embeddable":true,"href":"https:\/\/artvisionsculptures.com\/fr\/wp-json\/wp\/v2\/product_tag?post=1257"}],"curies":[{"name":"wp","href":"https:\/\/api.w.org\/{rel}","templated":true}]}}