{"id":1266,"date":"2023-10-31T07:38:30","date_gmt":"2023-10-31T07:38:30","guid":{"rendered":"http:\/\/artvisionsculptures.com\/?post_type=product&#038;p=1266"},"modified":"2024-01-15T07:52:10","modified_gmt":"2024-01-15T07:52:10","slug":"coating-ox-figure-fiberglass-art-sculpture","status":"publish","type":"product","link":"https:\/\/artvisionsculptures.com\/fr\/produit\/coating-ox-figure-fiberglass-art-sculpture\/","title":{"rendered":"Sculpture d'art en fibre de verre OX Figure avec rev\u00eatement"},"content":{"rendered":"<p>La fibre de verre peut \u00eatre utilis\u00e9e pour r\u00e9aliser des sculptures de diff\u00e9rentes formes et tailles avec une grande libert\u00e9 de conception. De plus, elle peut r\u00e9sister aux effets des rayons UV, du vent, de la pluie et d'autres environnements naturels, et poss\u00e8de une bonne r\u00e9sistance aux intemp\u00e9ries. En outre, le processus de fabrication des sculptures en fibre de verre est relativement court et l\u00e9ger, ce qui facilite leur transport ainsi que leur installation sur site.<\/p>\n<p>Cette figure de dessin anim\u00e9 OX est l'une des \u0153uvres d'art importantes de l'artiste Andy Lau. La sculpture se compose de figures d'OX et d'un luminaire en forme de lune, qui sont solidement assembl\u00e9s par le montage de brides en acier inoxydable 304 avec des boulons. Toute l'\u0153uvre est r\u00e9alis\u00e9e en fibre de verre et tissu, install\u00e9e en ext\u00e9rieur et expos\u00e9e dans l'Espace Libre du District Culturel de West Kowloon \u00e0 Hong Kong.<\/p>","protected":false},"excerpt":{"rendered":"<p><strong>Informations de base :<\/strong><\/p>\n<p>Mat\u00e9riau : Fibre de verre &amp; Tissu<\/p>\n<p>Dimension : H250cm (8,2ft)<\/p>\n<p>Traitement de surface : Peinture<\/p>","protected":false},"featured_media":1272,"template":"","meta":[],"product_cat":[49],"product_tag":[],"class_list":{"0":"post-1266","1":"product","2":"type-product","3":"status-publish","4":"has-post-thumbnail","6":"product_cat-fiberglass-sculpture","8":"first","9":"instock","10":"shipping-taxable","11":"product-type-simple"},"_links":{"self":[{"href":"https:\/\/artvisionsculptures.com\/fr\/wp-json\/wp\/v2\/product\/1266","targetHints":{"allow":["GET"]}}],"collection":[{"href":"https:\/\/artvisionsculptures.com\/fr\/wp-json\/wp\/v2\/product"}],"about":[{"href":"https:\/\/artvisionsculptures.com\/fr\/wp-json\/wp\/v2\/types\/product"}],"version-history":[{"count":2,"href":"https:\/\/artvisionsculptures.com\/fr\/wp-json\/wp\/v2\/product\/1266\/revisions"}],"predecessor-version":[{"id":1273,"href":"https:\/\/artvisionsculptures.com\/fr\/wp-json\/wp\/v2\/product\/1266\/revisions\/1273"}],"wp:featuredmedia":[{"embeddable":true,"href":"https:\/\/artvisionsculptures.com\/fr\/wp-json\/wp\/v2\/media\/1272"}],"wp:attachment":[{"href":"https:\/\/artvisionsculptures.com\/fr\/wp-json\/wp\/v2\/media?parent=1266"}],"wp:term":[{"taxonomy":"product_cat","embeddable":true,"href":"https:\/\/artvisionsculptures.com\/fr\/wp-json\/wp\/v2\/product_cat?post=1266"},{"taxonomy":"product_tag","embeddable":true,"href":"https:\/\/artvisionsculptures.com\/fr\/wp-json\/wp\/v2\/product_tag?post=1266"}],"curies":[{"name":"wp","href":"https:\/\/api.w.org\/{rel}","templated":true}]}}