{"id":1274,"date":"2023-08-14T07:42:45","date_gmt":"2023-08-14T07:42:45","guid":{"rendered":"http:\/\/artvisionsculptures.com\/?post_type=product&#038;p=1274"},"modified":"2024-01-15T07:53:11","modified_gmt":"2024-01-15T07:53:11","slug":"contemporary-mirrored-stainless-steel-sculpture","status":"publish","type":"product","link":"https:\/\/artvisionsculptures.com\/fr\/produit\/contemporary-mirrored-stainless-steel-sculpture\/","title":{"rendered":"Sculpture Contemporaine en Acier Inoxydable Miroir"},"content":{"rendered":"<div id=\"smv_tem_28_34\" class=\"esmartMargin smartAbs expandFlag\">\n<div class=\"yibuFrameContent tem_28_34 area_Style1\">\n<div class=\"w-container\" data-effect-name=\"enterTop\">\n<div id=\"smc_Area0\" class=\"smAreaC expandFlag\">\n<div id=\"smv_tem_3_50\" class=\"smartRecpt esmartMargin smartAbs\">\n<div class=\"yibuFrameContent tem_3_50 productTitleBind_Style1\">\n<p class=\"w-title\"><span style=\"font-size: 16px;\">Une sculpture en figure, portant un costume avec des oreilles de lapin, a \u00e9t\u00e9 install\u00e9e sur le toit. Elle apporte une touche d'art technologique moderne \u00e0 ce caf\u00e9. Cette sculpture inspir\u00e9e de la technologie, mesurant 2 m\u00e8tres de haut, est forg\u00e9e \u00e0 la main en acier inoxydable 316L.<\/span><\/p>\n<\/div>\n<\/div>\n<div id=\"smv_tem_25_25\" class=\"smartRecpt esmartMargin smartAbs\">\n<div class=\"yibuFrameContent tem_25_25 productContentBind_Style1\">\n<div id=\"tem_25_25_txt\" class=\"w-detailcontent\">\n<div class=\"w-detail\">\n<p>Pour cr\u00e9er une sculpture en acier inoxydable miroir aussi r\u00e9fl\u00e9chissante, le processus commence par l'utilisation de la technologie de mod\u00e9lisation 3D pour concevoir un mod\u00e8le 3D d\u00e9taill\u00e9, en optimisant et en affinant chaque d\u00e9tail. Sur la base de cette conception, un mod\u00e8le physique \u00e0 l'\u00e9chelle 1:1 est cr\u00e9\u00e9 pour la production. Ensuite, des panneaux en acier inoxydable de grade 316L sont pr\u00e9par\u00e9s, d\u00e9coup\u00e9s, forg\u00e9s, soud\u00e9s, assembl\u00e9s, polis et fabriqu\u00e9s avec soin selon les exigences de taille. L'ensemble du processus n\u00e9cessite patience et comp\u00e9tence pour obtenir la forme souhait\u00e9e.<\/p>\n<p>Une fois la sculpture termin\u00e9e, notre \u00e9quipe de sculpture Artvision l'emballe soigneusement selon des normes pour garantir qu'elle ne sera pas endommag\u00e9e pendant le transport. Elle est ensuite organis\u00e9e pour le transport vers la destination d\u00e9sign\u00e9e. Enfin, selon les calculs et les conceptions des ing\u00e9nieurs, la sculpture est install\u00e9e \u00e0 l'emplacement sp\u00e9cifi\u00e9, en assurant sa stabilit\u00e9 et sa s\u00e9curit\u00e9.<\/p>\n<\/div>\n<\/div>\n<\/div>\n<\/div>\n<\/div>\n<\/div>\n<\/div>\n<\/div>\n<div id=\"smv_tem_26_2\" class=\"esmartMargin smartAbs\">\n<div class=\"yibuFrameContent tem_26_2 fullpageSlide_Style1\">\n<div id=\"lider_smv_tem_26_2_wrapper\">\n<div id=\"slider_smv_tem_26_2\" class=\"w-slide\" data-jssor-slider=\"1\">\n<div>\n<div data-scale-ratio=\"1\">\n<div class=\"w-slide-inner\" data-u=\"slides\"><\/div>\n<\/div>\n<\/div>\n<\/div>\n<\/div>\n<\/div>\n<\/div>","protected":false},"excerpt":{"rendered":"<p><strong>Informations de base :<\/strong><\/p>\n<p>Mat\u00e9riau : acier inoxydable 316L<\/p>\n<p>Dimension : H200cm (6,6 pieds)<\/p>\n<p>Finition de surface : Polissage miroir<\/p>","protected":false},"featured_media":1282,"template":"","meta":[],"product_cat":[46],"product_tag":[],"class_list":{"0":"post-1274","1":"product","2":"type-product","3":"status-publish","4":"has-post-thumbnail","6":"product_cat-stainless-steel-sculpture","8":"first","9":"instock","10":"shipping-taxable","11":"product-type-simple"},"_links":{"self":[{"href":"https:\/\/artvisionsculptures.com\/fr\/wp-json\/wp\/v2\/product\/1274","targetHints":{"allow":["GET"]}}],"collection":[{"href":"https:\/\/artvisionsculptures.com\/fr\/wp-json\/wp\/v2\/product"}],"about":[{"href":"https:\/\/artvisionsculptures.com\/fr\/wp-json\/wp\/v2\/types\/product"}],"version-history":[{"count":1,"href":"https:\/\/artvisionsculptures.com\/fr\/wp-json\/wp\/v2\/product\/1274\/revisions"}],"predecessor-version":[{"id":1285,"href":"https:\/\/artvisionsculptures.com\/fr\/wp-json\/wp\/v2\/product\/1274\/revisions\/1285"}],"wp:featuredmedia":[{"embeddable":true,"href":"https:\/\/artvisionsculptures.com\/fr\/wp-json\/wp\/v2\/media\/1282"}],"wp:attachment":[{"href":"https:\/\/artvisionsculptures.com\/fr\/wp-json\/wp\/v2\/media?parent=1274"}],"wp:term":[{"taxonomy":"product_cat","embeddable":true,"href":"https:\/\/artvisionsculptures.com\/fr\/wp-json\/wp\/v2\/product_cat?post=1274"},{"taxonomy":"product_tag","embeddable":true,"href":"https:\/\/artvisionsculptures.com\/fr\/wp-json\/wp\/v2\/product_tag?post=1274"}],"curies":[{"name":"wp","href":"https:\/\/api.w.org\/{rel}","templated":true}]}}