{"id":1286,"date":"2023-07-12T07:53:57","date_gmt":"2023-07-12T07:53:57","guid":{"rendered":"http:\/\/artvisionsculptures.com\/?post_type=product&#038;p=1286"},"modified":"2024-01-15T07:57:06","modified_gmt":"2024-01-15T07:57:06","slug":"spray-painting-and-drawing-stainless-steel-sculpture","status":"publish","type":"product","link":"https:\/\/artvisionsculptures.com\/fr\/produit\/spray-painting-and-drawing-stainless-steel-sculpture\/","title":{"rendered":"Sculpture en acier inoxydable spray peinture et dessin"},"content":{"rendered":"<p>Cette sculpture peinte est l'une des expressions artistiques de l'artiste. Cette sculpture en acier est une autre \u0153uvre repr\u00e9sentative du jeune artiste contemporain Luo Dan. Toute la sculpture est r\u00e9alis\u00e9e en acier inoxydable 316L, avec de la peinture et une d\u00e9coration color\u00e9e sur la surface, et elle mesure un m\u00e8tre de hauteur.<\/p>\n<p>La sculpture a \u00e9t\u00e9 cr\u00e9\u00e9e en utilisant le proc\u00e9d\u00e9 de forge \u00e0 la main. Elle a travers\u00e9 des \u00e9tapes telles que la fabrication du mod\u00e8le, la d\u00e9coupe des panneaux, la forge \u00e0 la main, la soudure, l'assemblage, le polissage et le traitement de surface pour r\u00e9aliser cette sculpture en acier inoxydable d'une finesse exceptionnelle. La forge \u00e0 la main est une technique traditionnelle de travail du m\u00e9tal qui consiste \u00e0 chauffer le mat\u00e9riau m\u00e9tallique \u00e0 sa temp\u00e9rature de plasticit\u00e9 et \u00e0 le fa\u00e7onner avec des outils comme des marteaux et des enclumes.<\/p>","protected":false},"excerpt":{"rendered":"<p><strong>Informations de base :<\/strong><\/p>\n<p>Mat\u00e9riau : acier inoxydable 316L<\/p>\n<p>Dimension : H100cm<\/p>\n<p>Traitement de surface : Peinture en spray &amp; Dessin<\/p>","protected":false},"featured_media":1287,"template":"","meta":[],"product_cat":[46],"product_tag":[],"class_list":{"0":"post-1286","1":"product","2":"type-product","3":"status-publish","4":"has-post-thumbnail","6":"product_cat-stainless-steel-sculpture","8":"first","9":"instock","10":"shipping-taxable","11":"product-type-simple"},"_links":{"self":[{"href":"https:\/\/artvisionsculptures.com\/fr\/wp-json\/wp\/v2\/product\/1286","targetHints":{"allow":["GET"]}}],"collection":[{"href":"https:\/\/artvisionsculptures.com\/fr\/wp-json\/wp\/v2\/product"}],"about":[{"href":"https:\/\/artvisionsculptures.com\/fr\/wp-json\/wp\/v2\/types\/product"}],"version-history":[{"count":1,"href":"https:\/\/artvisionsculptures.com\/fr\/wp-json\/wp\/v2\/product\/1286\/revisions"}],"predecessor-version":[{"id":1297,"href":"https:\/\/artvisionsculptures.com\/fr\/wp-json\/wp\/v2\/product\/1286\/revisions\/1297"}],"wp:featuredmedia":[{"embeddable":true,"href":"https:\/\/artvisionsculptures.com\/fr\/wp-json\/wp\/v2\/media\/1287"}],"wp:attachment":[{"href":"https:\/\/artvisionsculptures.com\/fr\/wp-json\/wp\/v2\/media?parent=1286"}],"wp:term":[{"taxonomy":"product_cat","embeddable":true,"href":"https:\/\/artvisionsculptures.com\/fr\/wp-json\/wp\/v2\/product_cat?post=1286"},{"taxonomy":"product_tag","embeddable":true,"href":"https:\/\/artvisionsculptures.com\/fr\/wp-json\/wp\/v2\/product_tag?post=1286"}],"curies":[{"name":"wp","href":"https:\/\/api.w.org\/{rel}","templated":true}]}}