{"id":1300,"date":"2023-05-23T07:59:33","date_gmt":"2023-05-23T07:59:33","guid":{"rendered":"http:\/\/artvisionsculptures.com\/?post_type=product&#038;p=1300"},"modified":"2024-01-15T08:04:28","modified_gmt":"2024-01-15T08:04:28","slug":"patina-stainless-steel-whale-sculpture","status":"publish","type":"product","link":"https:\/\/artvisionsculptures.com\/fr\/produit\/patina-stainless-steel-whale-sculpture\/","title":{"rendered":"Sculpture en Acier Inoxydable Patin\u00e9 et Baleine"},"content":{"rendered":"<p>Cette sculpture de baleine mesure 3,5 m\u00e8tres de haut et est en acier inoxydable 316L. Elle est install\u00e9e en France. Il existe deux traitements de surface, le polissage miroir et la patine, cr\u00e9ant un contraste marqu\u00e9 et mettant en valeur la texture et les lignes de la baleine. Les panneaux en acier inoxydable ont \u00e9t\u00e9 d\u00e9coup\u00e9s en formes \u00e9l\u00e9gantes par d\u00e9coupe laser selon le design de l'artiste, rendant la baleine plus gracieuse et agile. La grande baleine est entour\u00e9e de deux petites baleines et de deux plongeurs, repr\u00e9sentant de mani\u00e8re vivante un magnifique monde sous-marin.<\/p>\n<p>Pour cr\u00e9er une telle sculpture de baleine, nous avons utilis\u00e9 un processus de forge \u00e0 la main pour assurer que les lignes de la sculpture soient plates et lisses. Tout d'abord, un mod\u00e8le en mousse dure \u00e0 l\u2019\u00e9chelle 1:1 a \u00e9t\u00e9 r\u00e9alis\u00e9 selon le design. Ensuite, les panneaux d\u00e9coup\u00e9s ont \u00e9t\u00e9 soigneusement forg\u00e9s pour obtenir la forme appropri\u00e9e, et chaque panneau a \u00e9t\u00e9 assembl\u00e9 et soud\u00e9 avec soin. \u00c9tant donn\u00e9 que la sculpture est creuse, les panneaux int\u00e9rieurs sont \u00e9galement visibles, donc le travail de soudure et de polissage devait \u00eatre tr\u00e8s pr\u00e9cis pour garantir la perfection de la sculpture.<\/p>\n<p>&nbsp;<\/p>","protected":false},"excerpt":{"rendered":"<p><strong>Informations de base :<\/strong><\/p>\n<p>Mat\u00e9riau : acier inoxydable 316L<\/p>\n<p>Dimension : H200cm(H6.6ft)<\/p>\n<p>Traitement de surface : Polissage miroir &amp; Patine<\/p>\n<p>&nbsp;<\/p>","protected":false},"featured_media":1308,"template":"","meta":[],"product_cat":[46],"product_tag":[],"class_list":{"0":"post-1300","1":"product","2":"type-product","3":"status-publish","4":"has-post-thumbnail","6":"product_cat-stainless-steel-sculpture","8":"first","9":"instock","10":"shipping-taxable","11":"product-type-simple"},"_links":{"self":[{"href":"https:\/\/artvisionsculptures.com\/fr\/wp-json\/wp\/v2\/product\/1300","targetHints":{"allow":["GET"]}}],"collection":[{"href":"https:\/\/artvisionsculptures.com\/fr\/wp-json\/wp\/v2\/product"}],"about":[{"href":"https:\/\/artvisionsculptures.com\/fr\/wp-json\/wp\/v2\/types\/product"}],"version-history":[{"count":1,"href":"https:\/\/artvisionsculptures.com\/fr\/wp-json\/wp\/v2\/product\/1300\/revisions"}],"predecessor-version":[{"id":1307,"href":"https:\/\/artvisionsculptures.com\/fr\/wp-json\/wp\/v2\/product\/1300\/revisions\/1307"}],"wp:featuredmedia":[{"embeddable":true,"href":"https:\/\/artvisionsculptures.com\/fr\/wp-json\/wp\/v2\/media\/1308"}],"wp:attachment":[{"href":"https:\/\/artvisionsculptures.com\/fr\/wp-json\/wp\/v2\/media?parent=1300"}],"wp:term":[{"taxonomy":"product_cat","embeddable":true,"href":"https:\/\/artvisionsculptures.com\/fr\/wp-json\/wp\/v2\/product_cat?post=1300"},{"taxonomy":"product_tag","embeddable":true,"href":"https:\/\/artvisionsculptures.com\/fr\/wp-json\/wp\/v2\/product_tag?post=1300"}],"curies":[{"name":"wp","href":"https:\/\/api.w.org\/{rel}","templated":true}]}}