{"id":1320,"date":"2023-04-16T08:15:13","date_gmt":"2023-04-16T08:15:13","guid":{"rendered":"http:\/\/artvisionsculptures.com\/?post_type=product&#038;p=1320"},"modified":"2024-01-15T08:24:30","modified_gmt":"2024-01-15T08:24:30","slug":"golden-painting-stainless-steel-head-sculpture","status":"publish","type":"product","link":"https:\/\/artvisionsculptures.com\/fr\/produit\/golden-painting-stainless-steel-head-sculpture\/","title":{"rendered":"Sculpture de t\u00eate en acier inoxydable dor\u00e9e peinture"},"content":{"rendered":"<p class=\"p\">En regardant cette sculpture de t\u00eate, qui est fabriqu\u00e9e en acier inoxydable 316L de haute qualit\u00e9 avec un traitement de surface en peinture dor\u00e9e. Elle mesure 4,5 m\u00e8tres de haut et est install\u00e9e dans un jardin ext\u00e9rieur.<\/p>\n<p class=\"p\">La sculpture pr\u00e9sente un design \u00e9pur\u00e9 et minimaliste. Le visage se compose d'un agencement al\u00e9atoire de diff\u00e9rents textes, ce qui en fait un ajout parfait \u00e0 la fois pour les styles de d\u00e9coration contemporains et traditionnels. Le savoir-faire et l'attention port\u00e9e aux d\u00e9tails dans chaque courbe et chaque angle t\u00e9moignent de la passion et du d\u00e9vouement de nos artisans qualifi\u00e9s.<\/p>","protected":false},"excerpt":{"rendered":"<p class=\"p\"><strong><span class=\"15\">Informations de base :<\/span><\/strong><\/p>\n<p class=\"p\">Mat\u00e9riau : acier inoxydable 304<\/p>\n<p class=\"p\">Dimension : H4,5m<\/p>\n<p class=\"p\">Traitement de surface : Peinture en spray<\/p>\n<p class=\"p\">","protected":false},"featured_media":1324,"template":"","meta":[],"product_cat":[46],"product_tag":[],"class_list":{"0":"post-1320","1":"product","2":"type-product","3":"status-publish","4":"has-post-thumbnail","6":"product_cat-stainless-steel-sculpture","8":"first","9":"instock","10":"shipping-taxable","11":"product-type-simple"},"_links":{"self":[{"href":"https:\/\/artvisionsculptures.com\/fr\/wp-json\/wp\/v2\/product\/1320","targetHints":{"allow":["GET"]}}],"collection":[{"href":"https:\/\/artvisionsculptures.com\/fr\/wp-json\/wp\/v2\/product"}],"about":[{"href":"https:\/\/artvisionsculptures.com\/fr\/wp-json\/wp\/v2\/types\/product"}],"version-history":[{"count":1,"href":"https:\/\/artvisionsculptures.com\/fr\/wp-json\/wp\/v2\/product\/1320\/revisions"}],"predecessor-version":[{"id":1327,"href":"https:\/\/artvisionsculptures.com\/fr\/wp-json\/wp\/v2\/product\/1320\/revisions\/1327"}],"wp:featuredmedia":[{"embeddable":true,"href":"https:\/\/artvisionsculptures.com\/fr\/wp-json\/wp\/v2\/media\/1324"}],"wp:attachment":[{"href":"https:\/\/artvisionsculptures.com\/fr\/wp-json\/wp\/v2\/media?parent=1320"}],"wp:term":[{"taxonomy":"product_cat","embeddable":true,"href":"https:\/\/artvisionsculptures.com\/fr\/wp-json\/wp\/v2\/product_cat?post=1320"},{"taxonomy":"product_tag","embeddable":true,"href":"https:\/\/artvisionsculptures.com\/fr\/wp-json\/wp\/v2\/product_tag?post=1320"}],"curies":[{"name":"wp","href":"https:\/\/api.w.org\/{rel}","templated":true}]}}