{"id":1341,"date":"2023-08-08T08:27:55","date_gmt":"2023-08-08T08:27:55","guid":{"rendered":"http:\/\/artvisionsculptures.com\/?post_type=product&#038;p=1341"},"modified":"2024-01-15T08:37:07","modified_gmt":"2024-01-15T08:37:07","slug":"spray-painting-stainless-steel-tower-sculpture","status":"publish","type":"product","link":"https:\/\/artvisionsculptures.com\/fr\/produit\/spray-painting-stainless-steel-tower-sculpture\/","title":{"rendered":"Sculpture en acier inoxydable en spray"},"content":{"rendered":"<p class=\"p\">La haute tour, l\u2019un des b\u00e2timents embl\u00e9matiques de la ville, peut \u00eatre vue de loin. C\u2019est une sculpture en acier inoxydable 316L avec une finition laqu\u00e9e d\u2019une hauteur de 15 m.<\/p>\n<p class=\"p\">L\u2019acier inoxydable est de plus en plus populaire pour l\u2019art public, les sculptures et les \u00e9l\u00e9ments ext\u00e9rieurs car il peut \u00eatre soud\u00e9, forg\u00e9, pli\u00e9, et fini avec de nombreuses finitions de surface diff\u00e9rentes, telles que poli miroir, \u00e9lectroplac\u00e9, mat et peint.<\/p>\n<p class=\"p\">Le plus grand avantage de l\u2019acier inoxydable est sa r\u00e9sistance \u00e0 haute temp\u00e9rature et sa haute r\u00e9sistance \u00e0 la corrosion. Il reste sans rouille apr\u00e8s de longues p\u00e9riodes d\u2019exposition \u00e0 la pluie, ce qui lui permet de durer jusqu\u2019\u00e0 100 ans. Il est disponible en diff\u00e9rentes qualit\u00e9s, telles que 304 et 316, toutes deux souvent utilis\u00e9es.<\/p>","protected":false},"excerpt":{"rendered":"<p class=\"p\"><strong><span class=\"15\">Informations de base :<\/span><\/strong><\/p>\n<p class=\"p\">Mat\u00e9riau : acier inoxydable 316L<\/p>\n<p class=\"p\">Dimension : H15m<\/p>\n<p class=\"p\">Traitement de surface : Peinture par pulv\u00e9risation<\/p>","protected":false},"featured_media":1342,"template":"","meta":[],"product_cat":[46],"product_tag":[],"class_list":{"0":"post-1341","1":"product","2":"type-product","3":"status-publish","4":"has-post-thumbnail","6":"product_cat-stainless-steel-sculpture","8":"first","9":"instock","10":"shipping-taxable","11":"product-type-simple"},"_links":{"self":[{"href":"https:\/\/artvisionsculptures.com\/fr\/wp-json\/wp\/v2\/product\/1341","targetHints":{"allow":["GET"]}}],"collection":[{"href":"https:\/\/artvisionsculptures.com\/fr\/wp-json\/wp\/v2\/product"}],"about":[{"href":"https:\/\/artvisionsculptures.com\/fr\/wp-json\/wp\/v2\/types\/product"}],"version-history":[{"count":1,"href":"https:\/\/artvisionsculptures.com\/fr\/wp-json\/wp\/v2\/product\/1341\/revisions"}],"predecessor-version":[{"id":1349,"href":"https:\/\/artvisionsculptures.com\/fr\/wp-json\/wp\/v2\/product\/1341\/revisions\/1349"}],"wp:featuredmedia":[{"embeddable":true,"href":"https:\/\/artvisionsculptures.com\/fr\/wp-json\/wp\/v2\/media\/1342"}],"wp:attachment":[{"href":"https:\/\/artvisionsculptures.com\/fr\/wp-json\/wp\/v2\/media?parent=1341"}],"wp:term":[{"taxonomy":"product_cat","embeddable":true,"href":"https:\/\/artvisionsculptures.com\/fr\/wp-json\/wp\/v2\/product_cat?post=1341"},{"taxonomy":"product_tag","embeddable":true,"href":"https:\/\/artvisionsculptures.com\/fr\/wp-json\/wp\/v2\/product_tag?post=1341"}],"curies":[{"name":"wp","href":"https:\/\/api.w.org\/{rel}","templated":true}]}}