{"id":1350,"date":"2023-09-17T06:48:12","date_gmt":"2023-09-17T06:48:12","guid":{"rendered":"http:\/\/artvisionsculptures.com\/?post_type=product&#038;p=1350"},"modified":"2024-01-16T06:57:37","modified_gmt":"2024-01-16T06:57:37","slug":"gold-leaf-bronze-hulu-figure-sculpture","status":"publish","type":"product","link":"https:\/\/artvisionsculptures.com\/fr\/produit\/gold-leaf-bronze-hulu-figure-sculpture\/","title":{"rendered":"Sculpture en bronze Hulu en feuille d'or"},"content":{"rendered":"<p class=\"p\">La figure d'un adulte portant un enfant sur ses \u00e9paules, avec ses mains doucement touchant, comme dans la r\u00e9flexion. La sculpture dans son ensemble est en bronze avec une finition en feuille d'or qui scintille et brille.<\/p>\n<p>Cette \u0153uvre provient de l'artiste Huang Yulong et s'intitule Hulu, qui est la prononciation chinoise pour la gourde. C'est une plante qui peut \u00eatre consomm\u00e9e comme l\u00e9gume avant sa maturit\u00e9. La coque de la gourde peut \u00e9galement \u00eatre utilis\u00e9e comme r\u00e9cipient lorsqu'elle est s\u00e8che. Dans la culture chinoise, Hulu se prononce de mani\u00e8re similaire \u00e0 Fu Lu, donc les gens l'utilisent souvent comme un souhait de bonne chance et de succ\u00e8s.<\/p>","protected":false},"excerpt":{"rendered":"<p class=\"p\"><strong><span class=\"15\">Informations de base :<\/span><\/strong><\/p>\n<p class=\"p\">Mat\u00e9riau : Bronze<\/p>\n<p class=\"p\">Dimension : H100cm<\/p>\n<p class=\"p\">Traitement de surface : Feuille d'or<\/p>\n<p class=\"p\">","protected":false},"featured_media":1360,"template":"","meta":[],"product_cat":[47],"product_tag":[],"class_list":{"0":"post-1350","1":"product","2":"type-product","3":"status-publish","4":"has-post-thumbnail","6":"product_cat-bronze-sculpture","8":"first","9":"instock","10":"shipping-taxable","11":"product-type-simple"},"_links":{"self":[{"href":"https:\/\/artvisionsculptures.com\/fr\/wp-json\/wp\/v2\/product\/1350","targetHints":{"allow":["GET"]}}],"collection":[{"href":"https:\/\/artvisionsculptures.com\/fr\/wp-json\/wp\/v2\/product"}],"about":[{"href":"https:\/\/artvisionsculptures.com\/fr\/wp-json\/wp\/v2\/types\/product"}],"version-history":[{"count":1,"href":"https:\/\/artvisionsculptures.com\/fr\/wp-json\/wp\/v2\/product\/1350\/revisions"}],"predecessor-version":[{"id":1356,"href":"https:\/\/artvisionsculptures.com\/fr\/wp-json\/wp\/v2\/product\/1350\/revisions\/1356"}],"wp:featuredmedia":[{"embeddable":true,"href":"https:\/\/artvisionsculptures.com\/fr\/wp-json\/wp\/v2\/media\/1360"}],"wp:attachment":[{"href":"https:\/\/artvisionsculptures.com\/fr\/wp-json\/wp\/v2\/media?parent=1350"}],"wp:term":[{"taxonomy":"product_cat","embeddable":true,"href":"https:\/\/artvisionsculptures.com\/fr\/wp-json\/wp\/v2\/product_cat?post=1350"},{"taxonomy":"product_tag","embeddable":true,"href":"https:\/\/artvisionsculptures.com\/fr\/wp-json\/wp\/v2\/product_tag?post=1350"}],"curies":[{"name":"wp","href":"https:\/\/api.w.org\/{rel}","templated":true}]}}