{"id":1362,"date":"2023-06-24T06:58:46","date_gmt":"2023-06-24T06:58:46","guid":{"rendered":"http:\/\/artvisionsculptures.com\/?post_type=product&#038;p=1362"},"modified":"2024-01-16T07:04:18","modified_gmt":"2024-01-16T07:04:18","slug":"abstract-bronze-figure-sculpture-with-patina-finish","status":"publish","type":"product","link":"https:\/\/artvisionsculptures.com\/fr\/produit\/abstract-bronze-figure-sculpture-with-patina-finish\/","title":{"rendered":"Sculpture abstraite en bronze avec finition patine"},"content":{"rendered":"<p>L'art provient souvent de la vie et les artistes utilisent souvent des sculptures abstraites pour refl\u00e9ter leurs aspirations int\u00e9rieures et leurs r\u00e9alit\u00e9s psychologiques. Il s'agit d'une figure abstraite en bronze, mesurant 2 m\u00e8tres de haut, avec une base \u00e0 degr\u00e9s en bas. Cette \u0153uvre est de la main du jeune artiste moderne Huang Yulong, dont le travail est populaire et collectionn\u00e9 par de nombreux clients tant en France qu'\u00e0 l'\u00e9tranger.<\/p>\n<p>Elle se distingue par le traitement de patine effectu\u00e9 sur sa surface, une r\u00e9volution dans l'art r\u00e9cent. L'\u00e9mergence de ce proc\u00e9d\u00e9 a v\u00e9ritablement permis \u00e0 la sculpture en bronze d'entrer dans l'\u00e8re de la couleur. Il rend la surface de la sculpture en bronze riche en couleurs et lisse dans ses motifs en rouleaux, une avanc\u00e9e dans le concept traditionnel, tout en insufflant une nouvelle vie \u00e0 la surface de la sculpture en bronze.<\/p>","protected":false},"excerpt":{"rendered":"<p class=\"p\"><strong><span class=\"15\">Informations de base :<\/span><\/strong><\/p>\n<p class=\"p\">Mat\u00e9riau : Bronze<\/p>\n<p class=\"p\">Dimension : H200cm<\/p>\n<p class=\"p\">Traitement de surface : Patine et polissage<\/p>","protected":false},"featured_media":1366,"template":"","meta":[],"product_cat":[47],"product_tag":[],"class_list":{"0":"post-1362","1":"product","2":"type-product","3":"status-publish","4":"has-post-thumbnail","6":"product_cat-bronze-sculpture","8":"first","9":"instock","10":"shipping-taxable","11":"product-type-simple"},"_links":{"self":[{"href":"https:\/\/artvisionsculptures.com\/fr\/wp-json\/wp\/v2\/product\/1362","targetHints":{"allow":["GET"]}}],"collection":[{"href":"https:\/\/artvisionsculptures.com\/fr\/wp-json\/wp\/v2\/product"}],"about":[{"href":"https:\/\/artvisionsculptures.com\/fr\/wp-json\/wp\/v2\/types\/product"}],"version-history":[{"count":1,"href":"https:\/\/artvisionsculptures.com\/fr\/wp-json\/wp\/v2\/product\/1362\/revisions"}],"predecessor-version":[{"id":1367,"href":"https:\/\/artvisionsculptures.com\/fr\/wp-json\/wp\/v2\/product\/1362\/revisions\/1367"}],"wp:featuredmedia":[{"embeddable":true,"href":"https:\/\/artvisionsculptures.com\/fr\/wp-json\/wp\/v2\/media\/1366"}],"wp:attachment":[{"href":"https:\/\/artvisionsculptures.com\/fr\/wp-json\/wp\/v2\/media?parent=1362"}],"wp:term":[{"taxonomy":"product_cat","embeddable":true,"href":"https:\/\/artvisionsculptures.com\/fr\/wp-json\/wp\/v2\/product_cat?post=1362"},{"taxonomy":"product_tag","embeddable":true,"href":"https:\/\/artvisionsculptures.com\/fr\/wp-json\/wp\/v2\/product_tag?post=1362"}],"curies":[{"name":"wp","href":"https:\/\/api.w.org\/{rel}","templated":true}]}}