{"id":1368,"date":"2023-04-12T07:05:10","date_gmt":"2023-04-12T07:05:10","guid":{"rendered":"http:\/\/artvisionsculptures.com\/?post_type=product&#038;p=1368"},"modified":"2024-01-16T07:08:36","modified_gmt":"2024-01-16T07:08:36","slug":"outdoor-patina-portrait-bronze-statue","status":"publish","type":"product","link":"https:\/\/artvisionsculptures.com\/fr\/produit\/outdoor-patina-portrait-bronze-statue\/","title":{"rendered":"Statue en bronze portrait en patine pour ext\u00e9rieur"},"content":{"rendered":"<p class=\"p\">Il s'agit d'une sculpture en bronze patin\u00e9 repr\u00e9sentant une figure \u00e9l\u00e9gante d'un homme et d'un enfant debout, droite et calme. La finition patin\u00e9e met en valeur la couleur du bronze et cr\u00e9e une douce lueur \u00e0 la lumi\u00e8re.<\/p>","protected":false},"excerpt":{"rendered":"<p class=\"p\"><strong><span class=\"15\">Informations de base :<\/span><\/strong><\/p>\n<p class=\"p\">Mat\u00e9riau : Bronze<\/p>\n<p class=\"p\">Dimension : H123cm<\/p>\n<p class=\"p\">Traitement de surface : Patine<\/p>","protected":false},"featured_media":1369,"template":"","meta":[],"product_cat":[47],"product_tag":[],"class_list":{"0":"post-1368","1":"product","2":"type-product","3":"status-publish","4":"has-post-thumbnail","6":"product_cat-bronze-sculpture","8":"first","9":"instock","10":"shipping-taxable","11":"product-type-simple"},"_links":{"self":[{"href":"https:\/\/artvisionsculptures.com\/fr\/wp-json\/wp\/v2\/product\/1368","targetHints":{"allow":["GET"]}}],"collection":[{"href":"https:\/\/artvisionsculptures.com\/fr\/wp-json\/wp\/v2\/product"}],"about":[{"href":"https:\/\/artvisionsculptures.com\/fr\/wp-json\/wp\/v2\/types\/product"}],"version-history":[{"count":1,"href":"https:\/\/artvisionsculptures.com\/fr\/wp-json\/wp\/v2\/product\/1368\/revisions"}],"predecessor-version":[{"id":1374,"href":"https:\/\/artvisionsculptures.com\/fr\/wp-json\/wp\/v2\/product\/1368\/revisions\/1374"}],"wp:featuredmedia":[{"embeddable":true,"href":"https:\/\/artvisionsculptures.com\/fr\/wp-json\/wp\/v2\/media\/1369"}],"wp:attachment":[{"href":"https:\/\/artvisionsculptures.com\/fr\/wp-json\/wp\/v2\/media?parent=1368"}],"wp:term":[{"taxonomy":"product_cat","embeddable":true,"href":"https:\/\/artvisionsculptures.com\/fr\/wp-json\/wp\/v2\/product_cat?post=1368"},{"taxonomy":"product_tag","embeddable":true,"href":"https:\/\/artvisionsculptures.com\/fr\/wp-json\/wp\/v2\/product_tag?post=1368"}],"curies":[{"name":"wp","href":"https:\/\/api.w.org\/{rel}","templated":true}]}}