{"id":1389,"date":"2023-08-19T07:18:52","date_gmt":"2023-08-19T07:18:52","guid":{"rendered":"http:\/\/artvisionsculptures.com\/?post_type=product&#038;p=1389"},"modified":"2024-01-16T07:24:59","modified_gmt":"2024-01-16T07:24:59","slug":"gold-leaf-bronze-breathe-statue","status":"publish","type":"product","link":"https:\/\/artvisionsculptures.com\/fr\/produit\/gold-leaf-bronze-breathe-statue\/","title":{"rendered":"Statue en bronze feuille d'or Breathe"},"content":{"rendered":"<p>Cet homme fume, il semble d\u00e9tendu et \u00e0 l'aise. Il s'appuie un peu sur la cl\u00f4ture avec une attitude indisciplin\u00e9e. Cette sculpture en bronze a \u00e9t\u00e9 con\u00e7ue par un artiste talentueux, M. Huang Yulong, et c'est une pi\u00e8ce d'art originale de sa cr\u00e9ation. Le processus de fabrication est r\u00e9alis\u00e9 par notre proc\u00e9d\u00e9 habituel de moulage \u00e0 cire perdue. Elle est en bronze, avec une finition patin\u00e9e. Avec le temps, sa surface changera progressivement en contact avec l'eau et l'oxyg\u00e8ne de l'air, lui donnant un aspect plus naturel.<\/p>","protected":false},"excerpt":{"rendered":"<p><strong>Informations de base :<\/strong><\/p>\n<p>Mat\u00e9riau : Bronze<\/p>\n<p>Dimension : H192cm<\/p>\n<p>Traitement de surface : Patine et feuille d'or<\/p>","protected":false},"featured_media":1391,"template":"","meta":[],"product_cat":[47],"product_tag":[],"class_list":{"0":"post-1389","1":"product","2":"type-product","3":"status-publish","4":"has-post-thumbnail","6":"product_cat-bronze-sculpture","8":"first","9":"instock","10":"shipping-taxable","11":"product-type-simple"},"_links":{"self":[{"href":"https:\/\/artvisionsculptures.com\/fr\/wp-json\/wp\/v2\/product\/1389","targetHints":{"allow":["GET"]}}],"collection":[{"href":"https:\/\/artvisionsculptures.com\/fr\/wp-json\/wp\/v2\/product"}],"about":[{"href":"https:\/\/artvisionsculptures.com\/fr\/wp-json\/wp\/v2\/types\/product"}],"version-history":[{"count":1,"href":"https:\/\/artvisionsculptures.com\/fr\/wp-json\/wp\/v2\/product\/1389\/revisions"}],"predecessor-version":[{"id":1395,"href":"https:\/\/artvisionsculptures.com\/fr\/wp-json\/wp\/v2\/product\/1389\/revisions\/1395"}],"wp:featuredmedia":[{"embeddable":true,"href":"https:\/\/artvisionsculptures.com\/fr\/wp-json\/wp\/v2\/media\/1391"}],"wp:attachment":[{"href":"https:\/\/artvisionsculptures.com\/fr\/wp-json\/wp\/v2\/media?parent=1389"}],"wp:term":[{"taxonomy":"product_cat","embeddable":true,"href":"https:\/\/artvisionsculptures.com\/fr\/wp-json\/wp\/v2\/product_cat?post=1389"},{"taxonomy":"product_tag","embeddable":true,"href":"https:\/\/artvisionsculptures.com\/fr\/wp-json\/wp\/v2\/product_tag?post=1389"}],"curies":[{"name":"wp","href":"https:\/\/api.w.org\/{rel}","templated":true}]}}