{"id":1396,"date":"2023-01-12T07:30:12","date_gmt":"2023-01-12T07:30:12","guid":{"rendered":"http:\/\/artvisionsculptures.com\/?post_type=product&#038;p=1396"},"modified":"2024-01-16T07:33:43","modified_gmt":"2024-01-16T07:33:43","slug":"stainless-steel-namito-sculpture","status":"publish","type":"product","link":"https:\/\/artvisionsculptures.com\/fr\/produit\/stainless-steel-namito-sculpture\/","title":{"rendered":"Sculpture Namito en Acier Inoxydable"},"content":{"rendered":"<p>Il s'agit d'un groupe d'images d'art cartoon tr\u00e8s mignonnes, appel\u00e9 Namito. Elles sont fabriqu\u00e9es respectivement en acier inoxydable et en bronze. Diff\u00e9rents mat\u00e9riaux sont associ\u00e9s \u00e0 diff\u00e9rents traitements de surface pour montrer la diversit\u00e9 des \u0153uvres d'art sous diff\u00e9rents angles. L'acier inoxydable et le bronze sont \u00e9galement les deux mat\u00e9riaux les plus couramment utilis\u00e9s pour la fabrication de sculptures. Ils sont populaires pour leur r\u00e9sistance \u00e0 la corrosion et leur r\u00e9sistance \u00e0 haute temp\u00e9rature, en particulier leur dur\u00e9e de vie pouvant atteindre cent ans.<\/p>\n<p>Portant une tenue de lapin, les mains dans les poches, les yeux ferm\u00e9s, et la petite bouche pinc\u00e9e, c'est vraiment \u00e0 la mode et mignon. Ce groupe de sculptures provient d'une des \u0153uvres repr\u00e9sentatives du jeune artiste tendance Zhang Ge. Zhang Ge a d\u00e9clar\u00e9 qu'\u00e0 travers cette image artistique, elle transmet son amour pour cette carri\u00e8re. Namito, comme elle-m\u00eame, aime la beaut\u00e9, aime l'aventure, est ind\u00e9pendante et recherche la libert\u00e9. Briser les cha\u00eenes de la tradition et donner vie audacieusement aux \u0153uvres d'art.<\/p>","protected":false},"excerpt":{"rendered":"<p><strong>Informations de base :<\/strong><\/p>\n<p>Mat\u00e9riau : Acier inoxydable \/ Bronze<\/p>\n<p>Dimension : H40cm<\/p>\n<p>Traitement de surface : \u00c9lectrolyse ou peinture<\/p>","protected":false},"featured_media":1397,"template":"","meta":[],"product_cat":[46],"product_tag":[],"class_list":{"0":"post-1396","1":"product","2":"type-product","3":"status-publish","4":"has-post-thumbnail","6":"product_cat-stainless-steel-sculpture","8":"first","9":"instock","10":"shipping-taxable","11":"product-type-simple"},"_links":{"self":[{"href":"https:\/\/artvisionsculptures.com\/fr\/wp-json\/wp\/v2\/product\/1396","targetHints":{"allow":["GET"]}}],"collection":[{"href":"https:\/\/artvisionsculptures.com\/fr\/wp-json\/wp\/v2\/product"}],"about":[{"href":"https:\/\/artvisionsculptures.com\/fr\/wp-json\/wp\/v2\/types\/product"}],"version-history":[{"count":2,"href":"https:\/\/artvisionsculptures.com\/fr\/wp-json\/wp\/v2\/product\/1396\/revisions"}],"predecessor-version":[{"id":1404,"href":"https:\/\/artvisionsculptures.com\/fr\/wp-json\/wp\/v2\/product\/1396\/revisions\/1404"}],"wp:featuredmedia":[{"embeddable":true,"href":"https:\/\/artvisionsculptures.com\/fr\/wp-json\/wp\/v2\/media\/1397"}],"wp:attachment":[{"href":"https:\/\/artvisionsculptures.com\/fr\/wp-json\/wp\/v2\/media?parent=1396"}],"wp:term":[{"taxonomy":"product_cat","embeddable":true,"href":"https:\/\/artvisionsculptures.com\/fr\/wp-json\/wp\/v2\/product_cat?post=1396"},{"taxonomy":"product_tag","embeddable":true,"href":"https:\/\/artvisionsculptures.com\/fr\/wp-json\/wp\/v2\/product_tag?post=1396"}],"curies":[{"name":"wp","href":"https:\/\/api.w.org\/{rel}","templated":true}]}}