{"id":1415,"date":"2024-01-16T07:41:24","date_gmt":"2024-01-16T07:41:24","guid":{"rendered":"http:\/\/artvisionsculptures.com\/?post_type=product&#038;p=1415"},"modified":"2024-01-16T07:42:50","modified_gmt":"2024-01-16T07:42:50","slug":"electroplate-stainless-steel-hollow-out-sculpture","status":"publish","type":"product","link":"https:\/\/artvisionsculptures.com\/fr\/produit\/electroplate-stainless-steel-hollow-out-sculpture\/","title":{"rendered":"Sculpture creuse en acier inoxydable \u00e9lectroplac\u00e9"},"content":{"rendered":"<p>En tant que sculpture ext\u00e9rieure, la sculpture en acier inoxydable poss\u00e8de ses caract\u00e9ristiques de haute qualit\u00e9, telles qu'une r\u00e9sistance \u00e9lev\u00e9e \u00e0 la corrosion et \u00e0 la temp\u00e9rature. Il s'agit d'une sculpture en acier inoxydable repr\u00e9sentant une femme, avec une finition dor\u00e9e \u00e9lectrolytique et une finition en acier inoxydable gris mat. La hauteur totale de la sculpture est de 2 m\u00e8tres, avec un haut du corps \u00e9lanc\u00e9, et un design de corps creux, ce qui est vraiment gracieux et magnifique. Avec le d\u00e9veloppement de la culture sociale, les sculptures ne sont plus seulement une marque de la ville, mais aussi une partie importante de l'embellissement de l'environnement. Et elles ont g\u00e9n\u00e9ralement une signification monumentale et symbolique.<\/p>","protected":false},"excerpt":{"rendered":"<p><strong>Informations de base :<\/strong><\/p>\n<p>Mat\u00e9riau : acier inoxydable 316L<\/p>\n<p>Dimension : H2 m\u00e8tres<\/p>\n<p>Traitement de surface : Dorure \u00e9lectrolytique<\/p>","protected":false},"featured_media":1425,"template":"","meta":[],"product_cat":[46],"product_tag":[],"class_list":{"0":"post-1415","1":"product","2":"type-product","3":"status-publish","4":"has-post-thumbnail","6":"product_cat-stainless-steel-sculpture","8":"first","9":"instock","10":"shipping-taxable","11":"product-type-simple"},"_links":{"self":[{"href":"https:\/\/artvisionsculptures.com\/fr\/wp-json\/wp\/v2\/product\/1415","targetHints":{"allow":["GET"]}}],"collection":[{"href":"https:\/\/artvisionsculptures.com\/fr\/wp-json\/wp\/v2\/product"}],"about":[{"href":"https:\/\/artvisionsculptures.com\/fr\/wp-json\/wp\/v2\/types\/product"}],"version-history":[{"count":1,"href":"https:\/\/artvisionsculptures.com\/fr\/wp-json\/wp\/v2\/product\/1415\/revisions"}],"predecessor-version":[{"id":1419,"href":"https:\/\/artvisionsculptures.com\/fr\/wp-json\/wp\/v2\/product\/1415\/revisions\/1419"}],"wp:featuredmedia":[{"embeddable":true,"href":"https:\/\/artvisionsculptures.com\/fr\/wp-json\/wp\/v2\/media\/1425"}],"wp:attachment":[{"href":"https:\/\/artvisionsculptures.com\/fr\/wp-json\/wp\/v2\/media?parent=1415"}],"wp:term":[{"taxonomy":"product_cat","embeddable":true,"href":"https:\/\/artvisionsculptures.com\/fr\/wp-json\/wp\/v2\/product_cat?post=1415"},{"taxonomy":"product_tag","embeddable":true,"href":"https:\/\/artvisionsculptures.com\/fr\/wp-json\/wp\/v2\/product_tag?post=1415"}],"curies":[{"name":"wp","href":"https:\/\/api.w.org\/{rel}","templated":true}]}}