{"id":1426,"date":"2024-01-16T07:46:16","date_gmt":"2024-01-16T07:46:16","guid":{"rendered":"http:\/\/artvisionsculptures.com\/?post_type=product&#038;p=1426"},"modified":"2024-01-16T07:46:16","modified_gmt":"2024-01-16T07:46:16","slug":"golden-stainless-steel-girl-sculpture","status":"publish","type":"product","link":"https:\/\/artvisionsculptures.com\/fr\/produit\/golden-stainless-steel-girl-sculpture\/","title":{"rendered":"Sculpture de fille en acier inoxydable dor\u00e9"},"content":{"rendered":"<p>La finition \u00e9lectrolytique est un proc\u00e9d\u00e9 couramment utilis\u00e9 sur les surfaces de sculptures en m\u00e9tal, et il est souvent employ\u00e9 de mani\u00e8re extensive, notamment sur des sculptures en acier inoxydable. Cette sculpture abstraite dor\u00e9e est r\u00e9alis\u00e9e en acier inoxydable 316L de haute qualit\u00e9 avec une finition \u00e9lectrolytique pour une couleur dor\u00e9e, d'une hauteur de 2 m. En raison du design relativement d\u00e9taill\u00e9 de la surface, l'artisanat a \u00e9t\u00e9 r\u00e9alis\u00e9 en utilisant un proc\u00e9d\u00e9 de moulage traditionnel pour maximiser la restauration du design de la sculpture.<\/p>","protected":false},"excerpt":{"rendered":"<p><strong>Informations de base :<\/strong><\/p>\n<p>Mat\u00e9riau : acier inoxydable 316L<\/p>\n<p>Dimension : H2 m\u00e8tres<\/p>\n<p>Traitement de surface : Dorure \u00e9lectrolytique<\/p>","protected":false},"featured_media":1418,"template":"","meta":[],"product_cat":[46],"product_tag":[],"class_list":{"0":"post-1426","1":"product","2":"type-product","3":"status-publish","4":"has-post-thumbnail","6":"product_cat-stainless-steel-sculpture","8":"first","9":"instock","10":"shipping-taxable","11":"product-type-simple"},"_links":{"self":[{"href":"https:\/\/artvisionsculptures.com\/fr\/wp-json\/wp\/v2\/product\/1426","targetHints":{"allow":["GET"]}}],"collection":[{"href":"https:\/\/artvisionsculptures.com\/fr\/wp-json\/wp\/v2\/product"}],"about":[{"href":"https:\/\/artvisionsculptures.com\/fr\/wp-json\/wp\/v2\/types\/product"}],"version-history":[{"count":2,"href":"https:\/\/artvisionsculptures.com\/fr\/wp-json\/wp\/v2\/product\/1426\/revisions"}],"predecessor-version":[{"id":1428,"href":"https:\/\/artvisionsculptures.com\/fr\/wp-json\/wp\/v2\/product\/1426\/revisions\/1428"}],"wp:featuredmedia":[{"embeddable":true,"href":"https:\/\/artvisionsculptures.com\/fr\/wp-json\/wp\/v2\/media\/1418"}],"wp:attachment":[{"href":"https:\/\/artvisionsculptures.com\/fr\/wp-json\/wp\/v2\/media?parent=1426"}],"wp:term":[{"taxonomy":"product_cat","embeddable":true,"href":"https:\/\/artvisionsculptures.com\/fr\/wp-json\/wp\/v2\/product_cat?post=1426"},{"taxonomy":"product_tag","embeddable":true,"href":"https:\/\/artvisionsculptures.com\/fr\/wp-json\/wp\/v2\/product_tag?post=1426"}],"curies":[{"name":"wp","href":"https:\/\/api.w.org\/{rel}","templated":true}]}}