{"id":1429,"date":"2022-08-10T07:46:27","date_gmt":"2022-08-10T07:46:27","guid":{"rendered":"http:\/\/artvisionsculptures.com\/?post_type=product&#038;p=1429"},"modified":"2024-01-16T07:50:22","modified_gmt":"2024-01-16T07:50:22","slug":"painted-stainless-steel-fish-sculpture","status":"publish","type":"product","link":"https:\/\/artvisionsculptures.com\/fr\/produit\/painted-stainless-steel-fish-sculpture\/","title":{"rendered":"Sculpture en acier inoxydable peinte en forme de poisson"},"content":{"rendered":"<p>De blanc, bleu clair \u00e0 bleu fonc\u00e9, ce groupe de sculptures abstraites de poissons est install\u00e9 au bord de la mer. Ils avancent tous dans la m\u00eame direction, s'effor\u00e7ant d'aller de l'avant, comme de vrais poissons nageant dans la mer. Toute la sculpture est faite en acier inoxydable 304, avec une hauteur de 12 m et peinte en diff\u00e9rentes couleurs sur la surface. Par ailleurs, des structures en acier sont install\u00e9es \u00e0 l'int\u00e9rieur pour soutenir les panneaux contre la d\u00e9formation. Nos ing\u00e9nieurs professionnels ont effectu\u00e9 des calculs et une conception approfondis et minutieux pour garantir la stabilit\u00e9 et la s\u00e9curit\u00e9 de la sculpture.<\/p>","protected":false},"excerpt":{"rendered":"<p><strong>Informations de base :<\/strong><\/p>\n<p>Mat\u00e9riau : acier inoxydable 304<\/p>\n<p>Dimension : H12 m\u00e8tres<\/p>\n<p>Traitement de surface : Peinture par pulv\u00e9risation<\/p>","protected":false},"featured_media":1434,"template":"","meta":[],"product_cat":[46],"product_tag":[],"class_list":{"0":"post-1429","1":"product","2":"type-product","3":"status-publish","4":"has-post-thumbnail","6":"product_cat-stainless-steel-sculpture","8":"first","9":"instock","10":"shipping-taxable","11":"product-type-simple"},"_links":{"self":[{"href":"https:\/\/artvisionsculptures.com\/fr\/wp-json\/wp\/v2\/product\/1429","targetHints":{"allow":["GET"]}}],"collection":[{"href":"https:\/\/artvisionsculptures.com\/fr\/wp-json\/wp\/v2\/product"}],"about":[{"href":"https:\/\/artvisionsculptures.com\/fr\/wp-json\/wp\/v2\/types\/product"}],"version-history":[{"count":1,"href":"https:\/\/artvisionsculptures.com\/fr\/wp-json\/wp\/v2\/product\/1429\/revisions"}],"predecessor-version":[{"id":1435,"href":"https:\/\/artvisionsculptures.com\/fr\/wp-json\/wp\/v2\/product\/1429\/revisions\/1435"}],"wp:featuredmedia":[{"embeddable":true,"href":"https:\/\/artvisionsculptures.com\/fr\/wp-json\/wp\/v2\/media\/1434"}],"wp:attachment":[{"href":"https:\/\/artvisionsculptures.com\/fr\/wp-json\/wp\/v2\/media?parent=1429"}],"wp:term":[{"taxonomy":"product_cat","embeddable":true,"href":"https:\/\/artvisionsculptures.com\/fr\/wp-json\/wp\/v2\/product_cat?post=1429"},{"taxonomy":"product_tag","embeddable":true,"href":"https:\/\/artvisionsculptures.com\/fr\/wp-json\/wp\/v2\/product_tag?post=1429"}],"curies":[{"name":"wp","href":"https:\/\/api.w.org\/{rel}","templated":true}]}}