{"id":1436,"date":"2022-07-11T07:51:00","date_gmt":"2022-07-11T07:51:00","guid":{"rendered":"http:\/\/artvisionsculptures.com\/?post_type=product&#038;p=1436"},"modified":"2024-01-16T08:01:13","modified_gmt":"2024-01-16T08:01:13","slug":"mirror-polished-number-stainless-steel-sculpture","status":"publish","type":"product","link":"https:\/\/artvisionsculptures.com\/fr\/produit\/mirror-polished-number-stainless-steel-sculpture\/","title":{"rendered":"Sculpture en acier inoxydable num\u00e9rot\u00e9 poli miroir"},"content":{"rendered":"<p>Le Centre d'Exposition Num\u00e9rique de Fuzhou a \u00e9t\u00e9 achev\u00e9 en 2019. \u00c0 l'ext\u00e9rieur du lieu, la sculpture tridimensionnelle en forme de chiffre attire l'attention des passants. Il s'agit d'une sculpture abstraite en forme de huit plac\u00e9 horizontalement. Elle est fabriqu\u00e9e en acier inoxydable 316L avec une finition polie miroir d'une hauteur de 3 m\u00e8tres. La sculpture est d\u00e9j\u00e0 un point de rep\u00e8re du Centre d'Exposition et fait \u00e9cho au th\u00e8me du Num\u00e9rique en France.<\/p>","protected":false},"excerpt":{"rendered":"<p><strong>Informations de base :<\/strong><\/p>\n<p>Mat\u00e9riau : acier inoxydable 316L<\/p>\n<p>Dimension : H3m<\/p>\n<p>Finition de surface : Polissage miroir<\/p>\n<p>&nbsp;<\/p>","protected":false},"featured_media":1438,"template":"","meta":[],"product_cat":[46],"product_tag":[],"class_list":{"0":"post-1436","1":"product","2":"type-product","3":"status-publish","4":"has-post-thumbnail","6":"product_cat-stainless-steel-sculpture","8":"first","9":"instock","10":"shipping-taxable","11":"product-type-simple"},"_links":{"self":[{"href":"https:\/\/artvisionsculptures.com\/fr\/wp-json\/wp\/v2\/product\/1436","targetHints":{"allow":["GET"]}}],"collection":[{"href":"https:\/\/artvisionsculptures.com\/fr\/wp-json\/wp\/v2\/product"}],"about":[{"href":"https:\/\/artvisionsculptures.com\/fr\/wp-json\/wp\/v2\/types\/product"}],"version-history":[{"count":1,"href":"https:\/\/artvisionsculptures.com\/fr\/wp-json\/wp\/v2\/product\/1436\/revisions"}],"predecessor-version":[{"id":1440,"href":"https:\/\/artvisionsculptures.com\/fr\/wp-json\/wp\/v2\/product\/1436\/revisions\/1440"}],"wp:featuredmedia":[{"embeddable":true,"href":"https:\/\/artvisionsculptures.com\/fr\/wp-json\/wp\/v2\/media\/1438"}],"wp:attachment":[{"href":"https:\/\/artvisionsculptures.com\/fr\/wp-json\/wp\/v2\/media?parent=1436"}],"wp:term":[{"taxonomy":"product_cat","embeddable":true,"href":"https:\/\/artvisionsculptures.com\/fr\/wp-json\/wp\/v2\/product_cat?post=1436"},{"taxonomy":"product_tag","embeddable":true,"href":"https:\/\/artvisionsculptures.com\/fr\/wp-json\/wp\/v2\/product_tag?post=1436"}],"curies":[{"name":"wp","href":"https:\/\/api.w.org\/{rel}","templated":true}]}}