{"id":1441,"date":"2023-11-11T08:06:45","date_gmt":"2023-11-11T08:06:45","guid":{"rendered":"http:\/\/artvisionsculptures.com\/?post_type=product&#038;p=1441"},"modified":"2024-01-16T08:13:37","modified_gmt":"2024-01-16T08:13:37","slug":"abstracted-casting-mirrored-stainless-steel-sculpture","status":"publish","type":"product","link":"https:\/\/artvisionsculptures.com\/fr\/produit\/abstracted-casting-mirrored-stainless-steel-sculpture\/","title":{"rendered":"Sculpture en acier inoxydable miroir abstrait\u00e9e"},"content":{"rendered":"<p>La sculpture L'Archer s'inspire de figures humaines abstraites, repr\u00e9sentant une pose de tir \u00e0 l'arc \u00e9l\u00e9gante. Fabriqu\u00e9e en acier inoxydable 316L de haute qualit\u00e9, cette \u0153uvre d'art \u00e9blouissante pr\u00e9sente une surface polie miroir, ressemblant \u00e0 un miroir \u00e0 haute r\u00e9flectivit\u00e9, et met en valeur des lignes douces et dynamiques.<\/p>\n<p>D'une hauteur de 70 cm, cette brillante sculpture est cr\u00e9\u00e9e \u00e0 l'aide d'un processus de moulage traditionnel, garantissant la pr\u00e9cision et la reproduction fid\u00e8le du design original de l'artiste. Elle convient aux environnements int\u00e9rieurs et ext\u00e9rieurs, elle trouve sa place dans les jardins, les cours, les halls ou les collections priv\u00e9es, s'harmonisant sans effort avec l'environnement naturel et l'architecture moderne.<\/p>","protected":false},"excerpt":{"rendered":"<p><strong>Informations de base :<\/strong><\/p>\n<p>Mat\u00e9riau : acier inoxydable 316L<\/p>\n<p>Dimension : H70cm<\/p>\n<p>Finition de surface : Polissage miroir<\/p>","protected":false},"featured_media":1443,"template":"","meta":[],"product_cat":[46],"product_tag":[],"class_list":{"0":"post-1441","1":"product","2":"type-product","3":"status-publish","4":"has-post-thumbnail","6":"product_cat-stainless-steel-sculpture","8":"first","9":"instock","10":"shipping-taxable","11":"product-type-simple"},"_links":{"self":[{"href":"https:\/\/artvisionsculptures.com\/fr\/wp-json\/wp\/v2\/product\/1441","targetHints":{"allow":["GET"]}}],"collection":[{"href":"https:\/\/artvisionsculptures.com\/fr\/wp-json\/wp\/v2\/product"}],"about":[{"href":"https:\/\/artvisionsculptures.com\/fr\/wp-json\/wp\/v2\/types\/product"}],"version-history":[{"count":1,"href":"https:\/\/artvisionsculptures.com\/fr\/wp-json\/wp\/v2\/product\/1441\/revisions"}],"predecessor-version":[{"id":1447,"href":"https:\/\/artvisionsculptures.com\/fr\/wp-json\/wp\/v2\/product\/1441\/revisions\/1447"}],"wp:featuredmedia":[{"embeddable":true,"href":"https:\/\/artvisionsculptures.com\/fr\/wp-json\/wp\/v2\/media\/1443"}],"wp:attachment":[{"href":"https:\/\/artvisionsculptures.com\/fr\/wp-json\/wp\/v2\/media?parent=1441"}],"wp:term":[{"taxonomy":"product_cat","embeddable":true,"href":"https:\/\/artvisionsculptures.com\/fr\/wp-json\/wp\/v2\/product_cat?post=1441"},{"taxonomy":"product_tag","embeddable":true,"href":"https:\/\/artvisionsculptures.com\/fr\/wp-json\/wp\/v2\/product_tag?post=1441"}],"curies":[{"name":"wp","href":"https:\/\/api.w.org\/{rel}","templated":true}]}}