{"id":1866,"date":"2024-09-30T05:32:45","date_gmt":"2024-09-30T05:32:45","guid":{"rendered":"http:\/\/artvisionsculptures.com\/?post_type=product&#038;p=1866"},"modified":"2024-09-30T05:32:45","modified_gmt":"2024-09-30T05:32:45","slug":"mirror-polishing-stainless-steel-bull-sculpture","status":"publish","type":"product","link":"https:\/\/artvisionsculptures.com\/fr\/produit\/mirror-polishing-stainless-steel-bull-sculpture\/","title":{"rendered":"Sculpture de taureau en acier inoxydable miroir poli"},"content":{"rendered":"<p><span style=\"font-family: arial, helvetica, sans-serif;\">La sculpture pr\u00e9sent\u00e9e ci-dessus est une pi\u00e8ce d'art magnifique r\u00e9alis\u00e9e en acier inoxydable 316L. Cette \u0153uvre d'art impressionnante mesure 450 cm de hauteur et s'\u00e9tend sur 500 cm de longueur, y compris sa base. La base, fabriqu\u00e9e en acier Corten, ajoute une hauteur suppl\u00e9mentaire de 120 cm \u00e0 la sculpture, lui conf\u00e9rant une pr\u00e9sence remarquable et saisissante dans tout espace. La surface de la sculpture a \u00e9t\u00e9 soigneusement trait\u00e9e avec une finition polie miroir, renfor\u00e7ant sa qualit\u00e9 r\u00e9fl\u00e9chissante.<\/span><\/p>\n<p><span style=\"font-family: arial, helvetica, sans-serif;\">Le choix de l'acier inoxydable 316L garantit non seulement une brillance esth\u00e9tique mais aussi une durabilit\u00e9 et une r\u00e9sistance \u00e0 la corrosion, ce qui le rend adapt\u00e9 \u00e0 une exposition en int\u00e9rieur comme en ext\u00e9rieur. La base de la sculpture est con\u00e7ue en acier Corten, un mat\u00e9riau reconnu pour ses propri\u00e9t\u00e9s de vieillissement. Avec le temps, l'acier Corten d\u00e9veloppe une apparence rouill\u00e9e qui sert de couche protectrice, emp\u00eachant toute corrosion suppl\u00e9mentaire. Cette caract\u00e9ristique unique ajoute un \u00e9l\u00e9ment organique \u00e0 la sculpture, contrastant magnifiquement avec l'aspect moderne et \u00e9pur\u00e9 de l'acier inoxydable. L'effet rouill\u00e9 de la base est intentionnellement con\u00e7u pour renforcer son attrait visuel et s'harmoniser avec les paysages naturels.<\/span><\/p>\n<p><span style=\"font-family: arial, helvetica, sans-serif;\">Le processus de forgeage de l'acier inoxydable comporte plusieurs \u00e9tapes cl\u00e9s, chacune contribuant \u00e0 la qualit\u00e9 et \u00e0 l'apparence de l'\u0153uvre finale. Initialement, l'acier inoxydable est chauff\u00e9 \u00e0 une temp\u00e9rature sp\u00e9cifique pour le rendre mall\u00e9able. Des artisans qualifi\u00e9s utilisent ensuite des marteaux, presses ou rouleaux pour fa\u00e7onner le m\u00e9tal selon la forme d\u00e9sir\u00e9e. Ce processus de fa\u00e7onnage requiert pr\u00e9cision et expertise, car il influence l'int\u00e9grit\u00e9 structurelle et l'esth\u00e9tique de la sculpture.<\/span><\/p>","protected":false},"excerpt":{"rendered":"<p><span style=\"font-family: arial, helvetica, sans-serif;\">Informations de base :<\/span><\/p>\n<p><span style=\"font-family: arial, helvetica, sans-serif;\">Mat\u00e9riau : acier inoxydable 316L<\/span><\/p>\n<p><span style=\"font-family: arial, helvetica, sans-serif;\">Dimension : Sculpture : H450cm x L500cm, Base : H120cm<\/span><\/p>\n<p><span style=\"font-family: arial, helvetica, sans-serif;\">Traitement de surface : Sculpture : Polissage miroir, Base : Rouill\u00e9<\/span><\/p>","protected":false},"featured_media":1873,"template":"","meta":[],"product_cat":[46],"product_tag":[],"class_list":{"0":"post-1866","1":"product","2":"type-product","3":"status-publish","4":"has-post-thumbnail","6":"product_cat-stainless-steel-sculpture","8":"first","9":"instock","10":"shipping-taxable","11":"product-type-simple"},"_links":{"self":[{"href":"https:\/\/artvisionsculptures.com\/fr\/wp-json\/wp\/v2\/product\/1866","targetHints":{"allow":["GET"]}}],"collection":[{"href":"https:\/\/artvisionsculptures.com\/fr\/wp-json\/wp\/v2\/product"}],"about":[{"href":"https:\/\/artvisionsculptures.com\/fr\/wp-json\/wp\/v2\/types\/product"}],"version-history":[{"count":2,"href":"https:\/\/artvisionsculptures.com\/fr\/wp-json\/wp\/v2\/product\/1866\/revisions"}],"predecessor-version":[{"id":1877,"href":"https:\/\/artvisionsculptures.com\/fr\/wp-json\/wp\/v2\/product\/1866\/revisions\/1877"}],"wp:featuredmedia":[{"embeddable":true,"href":"https:\/\/artvisionsculptures.com\/fr\/wp-json\/wp\/v2\/media\/1873"}],"wp:attachment":[{"href":"https:\/\/artvisionsculptures.com\/fr\/wp-json\/wp\/v2\/media?parent=1866"}],"wp:term":[{"taxonomy":"product_cat","embeddable":true,"href":"https:\/\/artvisionsculptures.com\/fr\/wp-json\/wp\/v2\/product_cat?post=1866"},{"taxonomy":"product_tag","embeddable":true,"href":"https:\/\/artvisionsculptures.com\/fr\/wp-json\/wp\/v2\/product_tag?post=1866"}],"curies":[{"name":"wp","href":"https:\/\/api.w.org\/{rel}","templated":true}]}}