{"id":2632,"date":"2025-05-23T07:32:27","date_gmt":"2025-05-23T07:32:27","guid":{"rendered":"https:\/\/artvisionsculptures.com\/?post_type=product&#038;p=2632"},"modified":"2025-05-23T07:45:55","modified_gmt":"2025-05-23T07:45:55","slug":"stunning-patina-brass-statue","status":"publish","type":"product","link":"https:\/\/artvisionsculptures.com\/fr\/produit\/stunning-patina-brass-statue\/","title":{"rendered":"Statue en laiton \u00e0 la patine \u00e9poustouflante"},"content":{"rendered":"<p><span style=\"font-family: arial, helvetica, sans-serif;\">En tant que fabricant de sculptures m\u00e9talliques de confiance, nous sommes fiers de pr\u00e9senter notre derni\u00e8re \u0153uvre ma\u00eetresse \u2014 une sculpture en laiton magnifiquement forg\u00e9e \u00e0 la main qui allie art et signification culturelle. Mesurant 1,8 m\u00e8tre de haut, cette pi\u00e8ce exquise montre la fusion parfaite des triangles architecturaux et de la forme \u00e9l\u00e9gante du n\u0153ud chinois, symbolisant la chance, l\u2019unit\u00e9 et le bonheur.<\/span><\/p>\n<p><span style=\"font-family: arial, helvetica, sans-serif;\">Con\u00e7ue par des artisans qualifi\u00e9s, chaque courbe et chaque angle sont m\u00e9ticuleusement fa\u00e7onn\u00e9s \u00e0 l\u2019aide de techniques traditionnelles de forge \u00e0 la main, garantissant durabilit\u00e9 et finition intemporelle. La lueur chaleureuse du laiton de haute qualit\u00e9 ajoute une touche de sophistication, faisant de cette pi\u00e8ce un point focal saisissant pour les maisons, h\u00f4tels ou espaces publics.<\/span><\/p>\n<p><span style=\"font-family: arial, helvetica, sans-serif;\">Ce qui nous distingue en tant que fabricant de sculptures de premier plan, c\u2019est notre engagement envers les sculptures m\u00e9talliques sur mesure. Que vous recherchiez un design unique ou une taille adapt\u00e9e, nous collaborons \u00e9troitement avec nos clients pour donner vie \u00e0 leurs visions.<\/span><\/p>\n<p><span style=\"font-family: arial, helvetica, sans-serif;\">Cette sculpture n\u2019est pas seulement une d\u00e9coration \u2014 c\u2019est une histoire d\u2019artisanat et d\u2019harmonie culturelle. \u00c9levez votre espace avec un symbole de beaut\u00e9 et de positivit\u00e9.<\/span><\/p>\n<p><span style=\"font-family: arial, helvetica, sans-serif;\">Int\u00e9ress\u00e9 par l\u2019art en laiton personnalis\u00e9 ? Contactez-nous d\u00e8s aujourd\u2019hui !<\/span><\/p>","protected":false},"excerpt":{"rendered":"<p><span style=\"font-family: arial, helvetica, sans-serif;\">Informations de base :<\/span><\/p>\n<p><span style=\"font-family: arial, helvetica, sans-serif;\">Mat\u00e9riau : Laiton<\/span><\/p>\n<p><span style=\"font-family: arial, helvetica, sans-serif;\">Dimension : H180cm<\/span><\/p>\n<p><span style=\"font-family: arial, helvetica, sans-serif;\">Traitement de surface : Patine<\/span><\/p>","protected":false},"featured_media":2634,"template":"","meta":[],"product_cat":[64],"product_tag":[],"class_list":{"0":"post-2632","1":"product","2":"type-product","3":"status-publish","4":"has-post-thumbnail","6":"product_cat-brass-sculptures","8":"first","9":"instock","10":"shipping-taxable","11":"product-type-simple"},"_links":{"self":[{"href":"https:\/\/artvisionsculptures.com\/fr\/wp-json\/wp\/v2\/product\/2632","targetHints":{"allow":["GET"]}}],"collection":[{"href":"https:\/\/artvisionsculptures.com\/fr\/wp-json\/wp\/v2\/product"}],"about":[{"href":"https:\/\/artvisionsculptures.com\/fr\/wp-json\/wp\/v2\/types\/product"}],"version-history":[{"count":3,"href":"https:\/\/artvisionsculptures.com\/fr\/wp-json\/wp\/v2\/product\/2632\/revisions"}],"predecessor-version":[{"id":4598,"href":"https:\/\/artvisionsculptures.com\/fr\/wp-json\/wp\/v2\/product\/2632\/revisions\/4598"}],"wp:featuredmedia":[{"embeddable":true,"href":"https:\/\/artvisionsculptures.com\/fr\/wp-json\/wp\/v2\/media\/2634"}],"wp:attachment":[{"href":"https:\/\/artvisionsculptures.com\/fr\/wp-json\/wp\/v2\/media?parent=2632"}],"wp:term":[{"taxonomy":"product_cat","embeddable":true,"href":"https:\/\/artvisionsculptures.com\/fr\/wp-json\/wp\/v2\/product_cat?post=2632"},{"taxonomy":"product_tag","embeddable":true,"href":"https:\/\/artvisionsculptures.com\/fr\/wp-json\/wp\/v2\/product_tag?post=2632"}],"curies":[{"name":"wp","href":"https:\/\/api.w.org\/{rel}","templated":true}]}}