{"id":2649,"date":"2025-05-15T07:40:22","date_gmt":"2025-05-15T07:40:22","guid":{"rendered":"https:\/\/artvisionsculptures.com\/?post_type=product&#038;p=2649"},"modified":"2025-05-23T07:44:08","modified_gmt":"2025-05-23T07:44:08","slug":"timeless-brass-art-sculpture","status":"publish","type":"product","link":"https:\/\/artvisionsculptures.com\/fr\/produit\/timeless-brass-art-sculpture\/","title":{"rendered":"Sculpture d\u2019art en laiton intemporelle"},"content":{"rendered":"<p><span style=\"font-family: arial, helvetica, sans-serif;\">Chez Artvision, nous sommes fiers de cr\u00e9er des sculptures en laiton forg\u00e9 \u00e0 la main d'une beaut\u00e9 exquise qui allient art et artisanat. Notre derni\u00e8re \u0153uvre ma\u00eetresse est une sculpture en laiton de 1,9 m\u00e8tre de haut, fa\u00e7onn\u00e9e m\u00e9ticuleusement par des artisans qualifi\u00e9s.<\/span><\/p>\n<p><span style=\"font-family: arial, helvetica, sans-serif;\">Con\u00e7ues \u00e0 partir de laiton de haute qualit\u00e9, nos sculptures offrent durabilit\u00e9, une teinte dor\u00e9e chaleureuse et un attrait intemporel. Contrairement aux pi\u00e8ces produites en s\u00e9rie, chaque sculpture est forg\u00e9e \u00e0 la main, garantissant des textures uniques et des d\u00e9tails fins que seul l'artisanat traditionnel peut r\u00e9aliser.<\/span><\/p>\n<p><span style=\"font-family: arial, helvetica, sans-serif;\">Cr\u00e9er une sculpture m\u00e9tallique personnalis\u00e9e est un travail d'amour. Voici un aper\u00e7u de notre processus :<\/span><br \/>\n<span style=\"font-family: arial, helvetica, sans-serif;\">Conception &amp; Id\u00e9e \u2013 Nous collaborons avec les clients ou nous inspirons de croquis originaux pour fa\u00e7onner la vision.<\/span><br \/>\n<span style=\"font-family: arial, helvetica, sans-serif;\">Choix du Mat\u00e9riau \u2013 Des feuilles de laiton premium sont s\u00e9lectionn\u00e9es pour leur mall\u00e9abilit\u00e9 et leur finition riche.<\/span><br \/>\n<span style=\"font-family: arial, helvetica, sans-serif;\">Frappe \u00e0 la Main \u2013 Les artisans fa\u00e7onnent soigneusement le m\u00e9tal en utilisant des techniques de forge ancestrales, donnant \u00e0 chaque pi\u00e8ce son caract\u00e8re distinctif.<\/span><br \/>\n<span style=\"font-family: arial, helvetica, sans-serif;\">Finitions \u2013 La sculpture est polie, patin\u00e9e et scell\u00e9e pour renforcer sa long\u00e9vit\u00e9.<\/span><\/p>\n<p><span style=\"font-family: arial, helvetica, sans-serif;\">Parfait pour la Personnalisation<\/span><br \/>\n<span style=\"font-family: arial, helvetica, sans-serif;\">Que vous ayez besoin d'une sculpture m\u00e9tallique sur mesure pour un hall d'h\u00f4tel, un jardin ou une collection priv\u00e9e, nous adaptons les designs \u00e0 votre esth\u00e9tique. Notre sculpture en laiton de 1,9 m\u00e8tre fait une d\u00e9claration audacieuse, mais nous r\u00e9alisons \u00e9galement des pi\u00e8ces plus petites ou plus grandes sur demande.<\/span><\/p>","protected":false},"excerpt":{"rendered":"<p><span style=\"font-family: arial, helvetica, sans-serif;\">Informations de base :<\/span><\/p>\n<p><span style=\"font-family: arial, helvetica, sans-serif;\">Mat\u00e9riau : Laiton<\/span><\/p>\n<p><span style=\"font-family: arial, helvetica, sans-serif;\">Dimension : H190cm<\/span><\/p>\n<p><span style=\"font-family: arial, helvetica, sans-serif;\">Traitement de surface : Patine<\/span><\/p>","protected":false},"featured_media":2639,"template":"","meta":[],"product_cat":[64],"product_tag":[],"class_list":{"0":"post-2649","1":"product","2":"type-product","3":"status-publish","4":"has-post-thumbnail","6":"product_cat-brass-sculptures","8":"first","9":"instock","10":"shipping-taxable","11":"product-type-simple"},"_links":{"self":[{"href":"https:\/\/artvisionsculptures.com\/fr\/wp-json\/wp\/v2\/product\/2649","targetHints":{"allow":["GET"]}}],"collection":[{"href":"https:\/\/artvisionsculptures.com\/fr\/wp-json\/wp\/v2\/product"}],"about":[{"href":"https:\/\/artvisionsculptures.com\/fr\/wp-json\/wp\/v2\/types\/product"}],"version-history":[{"count":1,"href":"https:\/\/artvisionsculptures.com\/fr\/wp-json\/wp\/v2\/product\/2649\/revisions"}],"predecessor-version":[{"id":2650,"href":"https:\/\/artvisionsculptures.com\/fr\/wp-json\/wp\/v2\/product\/2649\/revisions\/2650"}],"wp:featuredmedia":[{"embeddable":true,"href":"https:\/\/artvisionsculptures.com\/fr\/wp-json\/wp\/v2\/media\/2639"}],"wp:attachment":[{"href":"https:\/\/artvisionsculptures.com\/fr\/wp-json\/wp\/v2\/media?parent=2649"}],"wp:term":[{"taxonomy":"product_cat","embeddable":true,"href":"https:\/\/artvisionsculptures.com\/fr\/wp-json\/wp\/v2\/product_cat?post=2649"},{"taxonomy":"product_tag","embeddable":true,"href":"https:\/\/artvisionsculptures.com\/fr\/wp-json\/wp\/v2\/product_tag?post=2649"}],"curies":[{"name":"wp","href":"https:\/\/api.w.org\/{rel}","templated":true}]}}