{"id":2653,"date":"2025-05-18T09:13:56","date_gmt":"2025-05-18T09:13:56","guid":{"rendered":"https:\/\/artvisionsculptures.com\/?post_type=product&#038;p=2653"},"modified":"2025-05-24T13:25:58","modified_gmt":"2025-05-24T13:25:58","slug":"monumental-matte-stainless-steel-sculpture","status":"publish","type":"product","link":"https:\/\/artvisionsculptures.com\/fr\/produit\/monumental-matte-stainless-steel-sculpture\/","title":{"rendered":"Sculpture monumentale en acier inoxydable mat"},"content":{"rendered":"<p><span style=\"font-family: arial, helvetica, sans-serif;\">En tant que fabricant de sculptures m\u00e9talliques de premier plan en Chine, nous sommes fiers de cr\u00e9er des sculptures en acier inoxydable exceptionnelles qui allient art et ing\u00e9nierie. Notre derni\u00e8re pi\u00e8ce monumentale \u2014 une sculpture m\u00e9tallique personnalis\u00e9e de 3 m\u00e8tres de haut sur 15 m\u00e8tres de long \u2014 illustre la fusion parfaite entre l\u2019artisanat moderne et la technique intemporelle.<\/span><\/p>\n<p><span style=\"font-family: arial, helvetica, sans-serif;\">Forg\u00e9e \u00e0 partir d\u2019un acier inoxydable 304 de qualit\u00e9 sup\u00e9rieure, cette sculpture incarne la durabilit\u00e9 et l\u2019\u00e9l\u00e9gance. La r\u00e9sistance \u00e0 la corrosion du mat\u00e9riau garantit sa long\u00e9vit\u00e9, ce qui la rend id\u00e9ale pour des installations artistiques publiques en int\u00e9rieur comme en ext\u00e9rieur. Nos artisans qualifi\u00e9s utilisent une combinaison unique de forge \u00e0 la main et de moulage traditionnel \u00e0 la cire perdue, un processus m\u00e9ticuleux qui commence par la sculpture d\u2019un mod\u00e8le en cire d\u00e9taill\u00e9, son encastrement dans un moule en c\u00e9ramique, puis le coulage du m\u00e9tal en fusion pour capturer chaque d\u00e9tail complexe.<\/span><\/p>\n<p><span style=\"font-family: arial, helvetica, sans-serif;\">Inspir\u00e9e par le mouvement fluide des rames de bateau de canal \u2014 o\u00f9 les courbes rythmiques imitent le flux de l\u2019eau et la vitalit\u00e9 semblable \u00e0 celle d\u2019un dragon \u2014 cette \u0153uvre d\u2019art contemporaine pr\u00e9sente une s\u00e9rie de formes r\u00e9p\u00e9titives et progressives qui cr\u00e9ent une sensation de mouvement hypnotisante. L\u2019interaction de la lumi\u00e8re et de l\u2019ombre sur ses surfaces polies renforce sa profondeur visuelle.<\/span><\/p>\n<p><span style=\"font-family: arial, helvetica, sans-serif;\">En tant que fabricant de sculptures d\u2019art moderne de confiance, nous sommes sp\u00e9cialis\u00e9s dans la cr\u00e9ation de pi\u00e8ces m\u00e9talliques sur mesure adapt\u00e9es \u00e0 votre vision. Que ce soit pour des paysages urbains, des espaces d\u2019entreprise ou des monuments culturels, nos sculptures red\u00e9finissent les environnements avec des designs audacieux et imaginatifs. Collaborez avec nous pour donner vie \u00e0 vos aspirations artistiques avec pr\u00e9cision, passion et un savoir-faire in\u00e9gal\u00e9.<\/span><\/p>\n<p><span style=\"font-family: arial, helvetica, sans-serif;\">Fa\u00e7onnons ensemble l\u2019avenir de l\u2019art public.<\/span><\/p>","protected":false},"excerpt":{"rendered":"<p><span style=\"font-family: arial, helvetica, sans-serif;\">Informations de base :<\/span><\/p>\n<p><span style=\"font-family: arial, helvetica, sans-serif;\">Mat\u00e9riau : acier inoxydable 304<\/span><\/p>\n<p><span style=\"font-family: arial, helvetica, sans-serif;\">Dimension : H3m x L15m<\/span><\/p>\n<p><span style=\"font-family: arial, helvetica, sans-serif;\">Traitement de surface : Mat<\/span><\/p>","protected":false},"featured_media":2654,"template":"","meta":[],"product_cat":[46],"product_tag":[],"class_list":{"0":"post-2653","1":"product","2":"type-product","3":"status-publish","4":"has-post-thumbnail","6":"product_cat-stainless-steel-sculpture","8":"first","9":"instock","10":"shipping-taxable","11":"product-type-simple"},"_links":{"self":[{"href":"https:\/\/artvisionsculptures.com\/fr\/wp-json\/wp\/v2\/product\/2653","targetHints":{"allow":["GET"]}}],"collection":[{"href":"https:\/\/artvisionsculptures.com\/fr\/wp-json\/wp\/v2\/product"}],"about":[{"href":"https:\/\/artvisionsculptures.com\/fr\/wp-json\/wp\/v2\/types\/product"}],"version-history":[{"count":1,"href":"https:\/\/artvisionsculptures.com\/fr\/wp-json\/wp\/v2\/product\/2653\/revisions"}],"predecessor-version":[{"id":2664,"href":"https:\/\/artvisionsculptures.com\/fr\/wp-json\/wp\/v2\/product\/2653\/revisions\/2664"}],"wp:featuredmedia":[{"embeddable":true,"href":"https:\/\/artvisionsculptures.com\/fr\/wp-json\/wp\/v2\/media\/2654"}],"wp:attachment":[{"href":"https:\/\/artvisionsculptures.com\/fr\/wp-json\/wp\/v2\/media?parent=2653"}],"wp:term":[{"taxonomy":"product_cat","embeddable":true,"href":"https:\/\/artvisionsculptures.com\/fr\/wp-json\/wp\/v2\/product_cat?post=2653"},{"taxonomy":"product_tag","embeddable":true,"href":"https:\/\/artvisionsculptures.com\/fr\/wp-json\/wp\/v2\/product_tag?post=2653"}],"curies":[{"name":"wp","href":"https:\/\/api.w.org\/{rel}","templated":true}]}}