{"id":2832,"date":"2025-06-07T05:58:11","date_gmt":"2025-06-07T05:58:11","guid":{"rendered":"https:\/\/artvisionsculptures.com\/?post_type=product&#038;p=2832"},"modified":"2025-06-20T06:08:16","modified_gmt":"2025-06-20T06:08:16","slug":"hand-painted-stainless-steel-globe-sculpture","status":"publish","type":"product","link":"https:\/\/artvisionsculptures.com\/fr\/produit\/hand-painted-stainless-steel-globe-sculpture\/","title":{"rendered":"Sculpture de globe en acier inoxydable peint \u00e0 la main"},"content":{"rendered":"<p><span style=\"font-family: arial, helvetica, sans-serif; font-size: 12pt;\">La sculpture Artvision est un fabricant professionnel de sculptures en m\u00e9tal bas\u00e9 en Chine, sp\u00e9cialis\u00e9 dans les sculptures en acier inoxydable sur mesure pour l'art public, les espaces urbains et les installations contemporaines. Cette sculpture est l'une de nos \u0153uvres r\u00e9centes qui allie artisanat avanc\u00e9 et conception r\u00e9fl\u00e9chie.<\/span><\/p>\n<p><span style=\"font-family: arial, helvetica, sans-serif; font-size: 12pt;\">Cette pi\u00e8ce est une sculpture en acier inoxydable d'un diam\u00e8tre de 1,5 m\u00e8tre, repr\u00e9sentant une demi-globe stylis\u00e9e. Elle est fabriqu\u00e9e en acier inoxydable 304 de haute qualit\u00e9, choisi pour sa durabilit\u00e9 exceptionnelle et sa r\u00e9sistance \u00e0 la corrosion, ce qui la rend id\u00e9ale pour une exposition en ext\u00e9rieur par tous les temps. La forme g\u00e9n\u00e9rale est une h\u00e9misph\u00e8re propre, avec des d\u00e9tails de surface qui la distinguent des sculptures sph\u00e9riques typiques.<\/span><\/p>\n<p><span style=\"font-family: arial, helvetica, sans-serif; font-size: 12pt;\">La partie sup\u00e9rieure de l'h\u00e9misph\u00e8re comporte deux zones d\u00e9coratives, chacune symbolisant diff\u00e9rentes textures g\u00e9ologiques. Ces anneaux ont \u00e9t\u00e9 con\u00e7us non seulement pour enrichir l'exp\u00e9rience visuelle mais aussi pour \u00e9voquer un sentiment de d\u00e9couverte stratifi\u00e9e\u2014comme explorer diff\u00e9rentes couches de la terre. Les textures ext\u00e9rieures ne sont pas des cartes litt\u00e9rales, mais plut\u00f4t des interpr\u00e9tations sculpturales, cr\u00e9\u00e9es pour inviter \u00e0 la curiosit\u00e9 sur la diversit\u00e9 des paysages mondiaux. Le concept s'inspire vaguement de l'exploration g\u00e9ographique, bien que l'\u0153uvre finale se suffise \u00e0 elle-m\u00eame en tant que sculpture d'art moderne.<\/span><\/p>\n<p><span style=\"font-family: arial, helvetica, sans-serif; font-size: 12pt;\">Chaque partie de cette sculpture a \u00e9t\u00e9 cr\u00e9\u00e9e en utilisant un processus traditionnel de forge \u00e0 la main. Nos artisans exp\u00e9riment\u00e9s commencent par fa\u00e7onner des feuilles d'acier inoxydable, en martelant et en affinant progressivement la forme sur une structure de base sur mesure. Contrairement aux objets de production de masse, chaque courbe et contour est fa\u00e7onn\u00e9 avec soin pour atteindre un \u00e9quilibre visuel et une solidit\u00e9 physique. Les zones textur\u00e9es sont d\u00e9velopp\u00e9es par dessin \u00e0 la main, appliqu\u00e9 \u00e0 la main pour garantir que chaque d\u00e9tail soit pr\u00e9cis et expressif.<\/span><\/p>\n<p><span style=\"font-family: arial, helvetica, sans-serif; font-size: 12pt;\">En tant qu'usine de sculptures en m\u00e9tal en Chine, nous nous concentrons sur la combinaison de pr\u00e9cision technique et de cr\u00e9ativit\u00e9 esth\u00e9tique. Notre \u00e9quipe de fabricateurs et de designers travaille en \u00e9troite collaboration pour faire en sorte que chaque pi\u00e8ce, qu'elle soit destin\u00e9e \u00e0 une place de ville, un parc ou un environnement institutionnel, devienne un symbole durable d'art public. Cette sculpture peut \u00eatre adapt\u00e9e \u00e0 diff\u00e9rents finitions de surface\u2014comme bross\u00e9 satin ou poli miroir\u2014en fonction de l'environnement et de l'\u00e9clairage de votre projet.<\/span><\/p>\n<p><span style=\"font-family: arial, helvetica, sans-serif; font-size: 12pt;\">Nous sommes fiers d'\u00eatre l'un des rares fabricants de sculptures d'art moderne \u00e0 pouvoir offrir un tel niveau de personnalisation, d'expertise mat\u00e9rielle et de sensibilit\u00e9 artistique sous un m\u00eame toit. Nos clients incluent des architectes paysagistes, des urbanistes, des conservateurs et des collectionneurs priv\u00e9s qui recherchent des sculptures en m\u00e9tal sur mesure, \u00e0 la fois durables et profond\u00e9ment expressives.<\/span><\/p>\n<p><span style=\"font-family: arial, helvetica, sans-serif; font-size: 12pt;\">Cette sculpture en h\u00e9misph\u00e8re repr\u00e9sente un exemple fort de ce que nous faisons de mieux\u2014une sculpture en acier inoxydable qui m\u00eale forme significative, artisanat qualifi\u00e9 et mat\u00e9riau moderne dans une \u0153uvre qui transcende les cultures. Ce n'est pas juste un globe, c'est un d\u00e9clencheur de conversation, une ancre visuelle pour les espaces ouverts, et une r\u00e9flexion de la pens\u00e9e globale dans le design contemporain.<\/span><\/p>","protected":false},"excerpt":{"rendered":"<p>Informations de base :<\/p>\n<p>Mat\u00e9riau : acier inoxydable 304<\/p>\n<p>Taille : Diam\u00e8tre 150cm<\/p>\n<p>Traitement de surface : Peint<\/p>","protected":false},"featured_media":2839,"template":"","meta":[],"product_cat":[46],"product_tag":[83,84,61,60,59,58],"class_list":{"0":"post-2832","1":"product","2":"type-product","3":"status-publish","4":"has-post-thumbnail","6":"product_cat-stainless-steel-sculpture","7":"product_tag-contemporarysculpture","8":"product_tag-fineart","9":"product_tag-outdoor-sculpture","10":"product_tag-public-art","11":"product_tag-sculpture-factory","12":"product_tag-stainless-steel-sculpture","14":"first","15":"instock","16":"shipping-taxable","17":"product-type-simple"},"_links":{"self":[{"href":"https:\/\/artvisionsculptures.com\/fr\/wp-json\/wp\/v2\/product\/2832","targetHints":{"allow":["GET"]}}],"collection":[{"href":"https:\/\/artvisionsculptures.com\/fr\/wp-json\/wp\/v2\/product"}],"about":[{"href":"https:\/\/artvisionsculptures.com\/fr\/wp-json\/wp\/v2\/types\/product"}],"version-history":[{"count":1,"href":"https:\/\/artvisionsculptures.com\/fr\/wp-json\/wp\/v2\/product\/2832\/revisions"}],"predecessor-version":[{"id":2841,"href":"https:\/\/artvisionsculptures.com\/fr\/wp-json\/wp\/v2\/product\/2832\/revisions\/2841"}],"wp:featuredmedia":[{"embeddable":true,"href":"https:\/\/artvisionsculptures.com\/fr\/wp-json\/wp\/v2\/media\/2839"}],"wp:attachment":[{"href":"https:\/\/artvisionsculptures.com\/fr\/wp-json\/wp\/v2\/media?parent=2832"}],"wp:term":[{"taxonomy":"product_cat","embeddable":true,"href":"https:\/\/artvisionsculptures.com\/fr\/wp-json\/wp\/v2\/product_cat?post=2832"},{"taxonomy":"product_tag","embeddable":true,"href":"https:\/\/artvisionsculptures.com\/fr\/wp-json\/wp\/v2\/product_tag?post=2832"}],"curies":[{"name":"wp","href":"https:\/\/api.w.org\/{rel}","templated":true}]}}