{"id":472,"date":"2023-11-26T06:47:16","date_gmt":"2023-11-26T06:47:16","guid":{"rendered":"http:\/\/artvisionsculptures.com\/?post_type=product&#038;p=472"},"modified":"2024-01-16T06:47:36","modified_gmt":"2024-01-16T06:47:36","slug":"large-modern-painting-stainless-steel-sculpture","status":"publish","type":"product","link":"https:\/\/artvisionsculptures.com\/fr\/produit\/large-modern-painting-stainless-steel-sculpture\/","title":{"rendered":"Grande sculpture moderne en acier inoxydable peint"},"content":{"rendered":"<p>La 81e Convention mondiale de science-fiction s'est tenue \u00e0 Chengdu, en Chine, en octobre. Artvision \u00e9tait enthousiaste et honor\u00e9e d'\u00eatre l'un des fabricants de cette sculpture d'installation g\u00e9ante, nomm\u00e9e Benben, tir\u00e9e d'un film de science-fiction chinois.<\/p>\n<p>Cette grande sculpture en acier inoxydable a n\u00e9cessit\u00e9 trois mois de fabrication et d'installation sur site. Notre \u00e9quipe \u00e9tait principalement responsable des parties des jambes de la sculpture ainsi que des pi\u00e8ces en acier inoxydable poli miroir auxquelles les jambes sont attach\u00e9es. Les concepteurs ont utilis\u00e9 la technologie 3D pour diviser pr\u00e9cis\u00e9ment la sculpture en sections pour la fabrication, puis ont soigneusement assembl\u00e9 et soud\u00e9 chaque section une fois termin\u00e9e. Le processus de production a \u00e9t\u00e9 difficile. Pour une grande sculpture en acier inoxydable, l'int\u00e9rieur doit \u00eatre soutenu par une structure suffisamment solide. Nos ing\u00e9nieurs ont con\u00e7u la structure principale et la sous-structure selon une analyse et des calculs de force. La structure principale garantit la stabilit\u00e9 et la s\u00e9curit\u00e9 de la sculpture, tandis que la sous-structure assure que les panneaux sont plats et ne se d\u00e9forment pas. La structure globale est \u00e9galement fabriqu\u00e9e en acier inoxydable de haute qualit\u00e9 et tr\u00e8s r\u00e9sistant \u00e0 la corrosion en tant que mat\u00e9riau principal.<\/p>\n<p>De plus, l'\u00e9quipe d'Artvision \u00e9tait \u00e9galement responsable du transport et de l'installation sur site de la sculpture apr\u00e8s son ach\u00e8vement. L'installation n'est pas seulement une sculpture, mais aussi une \u0153uvre d'art scientifique moderne. Il est \u00e9galement remarquable qu'elle int\u00e8gre une technologie de projection, qui projette divers styles d'images de science-fiction sur la pi\u00e8ce, ce qui est tr\u00e8s impressionnant et spectaculaire.<\/p>\n<p>Bienvenue pour rencontrer le futur \u00e0 Chengdu.<\/p>","protected":false},"excerpt":{"rendered":"<p><strong>Informations de base :<\/strong><\/p>\n<p>Mat\u00e9riau : Acier inoxydable 304<\/p>\n<p>Dimension : H900cm x L1230cm x P1140cm<\/p>\n<p>Traitement de surface : Peinture par pulv\u00e9risation<\/p>\n<p>&nbsp;<\/p>","protected":false},"featured_media":477,"template":"","meta":[],"product_cat":[46],"product_tag":[61,60,59,58],"class_list":{"0":"post-472","1":"product","2":"type-product","3":"status-publish","4":"has-post-thumbnail","6":"product_cat-stainless-steel-sculpture","7":"product_tag-outdoor-sculpture","8":"product_tag-public-art","9":"product_tag-sculpture-factory","10":"product_tag-stainless-steel-sculpture","12":"first","13":"instock","14":"shipping-taxable","15":"product-type-simple"},"_links":{"self":[{"href":"https:\/\/artvisionsculptures.com\/fr\/wp-json\/wp\/v2\/product\/472","targetHints":{"allow":["GET"]}}],"collection":[{"href":"https:\/\/artvisionsculptures.com\/fr\/wp-json\/wp\/v2\/product"}],"about":[{"href":"https:\/\/artvisionsculptures.com\/fr\/wp-json\/wp\/v2\/types\/product"}],"version-history":[{"count":2,"href":"https:\/\/artvisionsculptures.com\/fr\/wp-json\/wp\/v2\/product\/472\/revisions"}],"predecessor-version":[{"id":1248,"href":"https:\/\/artvisionsculptures.com\/fr\/wp-json\/wp\/v2\/product\/472\/revisions\/1248"}],"wp:featuredmedia":[{"embeddable":true,"href":"https:\/\/artvisionsculptures.com\/fr\/wp-json\/wp\/v2\/media\/477"}],"wp:attachment":[{"href":"https:\/\/artvisionsculptures.com\/fr\/wp-json\/wp\/v2\/media?parent=472"}],"wp:term":[{"taxonomy":"product_cat","embeddable":true,"href":"https:\/\/artvisionsculptures.com\/fr\/wp-json\/wp\/v2\/product_cat?post=472"},{"taxonomy":"product_tag","embeddable":true,"href":"https:\/\/artvisionsculptures.com\/fr\/wp-json\/wp\/v2\/product_tag?post=472"}],"curies":[{"name":"wp","href":"https:\/\/api.w.org\/{rel}","templated":true}]}}