{"id":484,"date":"2023-07-18T07:18:18","date_gmt":"2023-07-18T07:18:18","guid":{"rendered":"http:\/\/artvisionsculptures.com\/?post_type=product&#038;p=484"},"modified":"2025-09-26T10:06:51","modified_gmt":"2025-09-26T10:06:51","slug":"large-urban-stailnless-steel-sculpture","status":"publish","type":"product","link":"https:\/\/artvisionsculptures.com\/fr\/produit\/large-urban-stailnless-steel-sculpture\/","title":{"rendered":"Grande sculpture urbaine en acier inoxydable"},"content":{"rendered":"<div id=\"smv_tem_28_34\" class=\"esmartMargin smartAbs expandFlag\">\n<div class=\"yibuFrameContent tem_28_34 area_Style1\">\n<div class=\"w-container\" data-effect-name=\"enterTop\">\n<div id=\"smc_Area0\" class=\"smAreaC expandFlag\">\n<div id=\"smv_tem_25_25\" class=\"smartRecpt esmartMargin smartAbs\">\n<div class=\"yibuFrameContent tem_25_25 productContentBind_Style1\">\n<div id=\"tem_25_25_txt\" class=\"w-detailcontent\">\n<div class=\"w-detail\">\n<p>En tant que type de sculpture urbaine, les grandes sculptures en acier inoxydable enrichissent non seulement les paysages urbains, mais aussi mettent en valeur le patrimoine culturel des villes aupr\u00e8s des habitants. Cette sculpture en acier inoxydable mesure environ 12 m\u00e8tres de haut, fabriqu\u00e9e en acier inoxydable 304, avec deux types de finitions : polissage miroir et mat. Les lignes de la sculpture sont lisses, concises, dynamiques et pleines de vitalit\u00e9, refl\u00e9tant parfaitement l\u2019atmosph\u00e8re et les caract\u00e9ristiques des villes modernes.<\/p>\n<p>L\u2019ensemble de la sculpture est r\u00e9alis\u00e9 par des processus de forge \u00e0 la main, depuis la conception, l\u2019optimisation du mod\u00e8le, la production, le transport jusqu\u2019\u00e0 l\u2019installation sur site, tout cela \u00e9tant effectu\u00e9 par notre \u00e9quipe. Pour garantir que cette sculpture en acier inoxydable puisse tenir de mani\u00e8re stable, nos ing\u00e9nieurs ont collabor\u00e9 avec des instituts de recherche professionnels pour analyser et calculer soigneusement la structure interne. Cela garantit que la structure respecte les normes de construction, assurant une s\u00e9curit\u00e9 et une stabilit\u00e9 \u00e0 long terme.<\/p>\n<p>Cette sculpture en acier inoxydable forg\u00e9 n\u2019est pas seulement une sculpture, mais aussi une \u0153uvre d\u2019art, apportant une beaut\u00e9 et une surprise infinies \u00e0 la ville.<\/p>\n<\/div>\n<\/div>\n<\/div>\n<\/div>\n<\/div>\n<\/div>\n<\/div>\n<\/div>\n<div id=\"smv_tem_26_2\" class=\"esmartMargin smartAbs\">\n<div class=\"yibuFrameContent tem_26_2 fullpageSlide_Style1\">\n<div id=\"lider_smv_tem_26_2_wrapper\">\n<div id=\"slider_smv_tem_26_2\" class=\"w-slide\" data-jssor-slider=\"1\">\n<div>\n<div data-scale-ratio=\"1\">\n<div class=\"w-slide-inner\" data-u=\"slides\"><\/div>\n<\/div>\n<\/div>\n<\/div>\n<\/div>\n<\/div>\n<\/div>","protected":false},"excerpt":{"rendered":"<p><strong>Informations de base :<\/strong><\/p>\n<p>Mat\u00e9riau : acier inoxydable 316L<\/p>\n<p>Dimension : H100cm (3,3 pieds)<\/p>\n<p>Finition de surface : Polissage miroir<\/p>","protected":false},"featured_media":491,"template":"","meta":[],"product_cat":[46],"product_tag":[],"class_list":{"0":"post-484","1":"product","2":"type-product","3":"status-publish","4":"has-post-thumbnail","6":"product_cat-stainless-steel-sculpture","8":"first","9":"instock","10":"shipping-taxable","11":"product-type-simple"},"_links":{"self":[{"href":"https:\/\/artvisionsculptures.com\/fr\/wp-json\/wp\/v2\/product\/484","targetHints":{"allow":["GET"]}}],"collection":[{"href":"https:\/\/artvisionsculptures.com\/fr\/wp-json\/wp\/v2\/product"}],"about":[{"href":"https:\/\/artvisionsculptures.com\/fr\/wp-json\/wp\/v2\/types\/product"}],"version-history":[{"count":3,"href":"https:\/\/artvisionsculptures.com\/fr\/wp-json\/wp\/v2\/product\/484\/revisions"}],"predecessor-version":[{"id":4430,"href":"https:\/\/artvisionsculptures.com\/fr\/wp-json\/wp\/v2\/product\/484\/revisions\/4430"}],"wp:featuredmedia":[{"embeddable":true,"href":"https:\/\/artvisionsculptures.com\/fr\/wp-json\/wp\/v2\/media\/491"}],"wp:attachment":[{"href":"https:\/\/artvisionsculptures.com\/fr\/wp-json\/wp\/v2\/media?parent=484"}],"wp:term":[{"taxonomy":"product_cat","embeddable":true,"href":"https:\/\/artvisionsculptures.com\/fr\/wp-json\/wp\/v2\/product_cat?post=484"},{"taxonomy":"product_tag","embeddable":true,"href":"https:\/\/artvisionsculptures.com\/fr\/wp-json\/wp\/v2\/product_tag?post=484"}],"curies":[{"name":"wp","href":"https:\/\/api.w.org\/{rel}","templated":true}]}}