{"id":497,"date":"2023-02-16T08:55:22","date_gmt":"2023-02-16T08:55:22","guid":{"rendered":"http:\/\/artvisionsculptures.com\/?post_type=product&#038;p=497"},"modified":"2024-01-15T08:14:26","modified_gmt":"2024-01-15T08:14:26","slug":"mirror-polished-stainless-steel-dragon-sculpture","status":"publish","type":"product","link":"https:\/\/artvisionsculptures.com\/fr\/produit\/mirror-polished-stainless-steel-dragon-sculpture\/","title":{"rendered":"Sculpture de dragon en acier inoxydable poli miroir"},"content":{"rendered":"<p>Il s'agit d'une sculpture en miroir courb\u00e9e polie avec une hauteur de 2 m\u00e8tres, et elle est fabriqu\u00e9e en acier inoxydable 316L de haute qualit\u00e9. Cette belle sculpture provient d'un excellent artiste chinois et est interconnect\u00e9e avec des courbes arrondies pour pr\u00e9senter une forme abstraite de dragon en suspension de mani\u00e8re naturelle et confortable.<\/p>","protected":false},"excerpt":{"rendered":"<p><strong>Informations de base :<\/strong><\/p>\n<p>Mat\u00e9riau : acier inoxydable 316L<\/p>\n<p>Dimension : H2m<\/p>\n<p>Traitement de surface : Polissage miroir<\/p>","protected":false},"featured_media":499,"template":"","meta":[],"product_cat":[46],"product_tag":[],"class_list":{"0":"post-497","1":"product","2":"type-product","3":"status-publish","4":"has-post-thumbnail","6":"product_cat-stainless-steel-sculpture","8":"first","9":"instock","10":"featured","11":"shipping-taxable","12":"product-type-simple"},"_links":{"self":[{"href":"https:\/\/artvisionsculptures.com\/fr\/wp-json\/wp\/v2\/product\/497","targetHints":{"allow":["GET"]}}],"collection":[{"href":"https:\/\/artvisionsculptures.com\/fr\/wp-json\/wp\/v2\/product"}],"about":[{"href":"https:\/\/artvisionsculptures.com\/fr\/wp-json\/wp\/v2\/types\/product"}],"version-history":[{"count":2,"href":"https:\/\/artvisionsculptures.com\/fr\/wp-json\/wp\/v2\/product\/497\/revisions"}],"predecessor-version":[{"id":1117,"href":"https:\/\/artvisionsculptures.com\/fr\/wp-json\/wp\/v2\/product\/497\/revisions\/1117"}],"wp:featuredmedia":[{"embeddable":true,"href":"https:\/\/artvisionsculptures.com\/fr\/wp-json\/wp\/v2\/media\/499"}],"wp:attachment":[{"href":"https:\/\/artvisionsculptures.com\/fr\/wp-json\/wp\/v2\/media?parent=497"}],"wp:term":[{"taxonomy":"product_cat","embeddable":true,"href":"https:\/\/artvisionsculptures.com\/fr\/wp-json\/wp\/v2\/product_cat?post=497"},{"taxonomy":"product_tag","embeddable":true,"href":"https:\/\/artvisionsculptures.com\/fr\/wp-json\/wp\/v2\/product_tag?post=497"}],"curies":[{"name":"wp","href":"https:\/\/api.w.org\/{rel}","templated":true}]}}