{"id":502,"date":"2022-11-21T08:57:44","date_gmt":"2022-11-21T08:57:44","guid":{"rendered":"http:\/\/artvisionsculptures.com\/?post_type=product&#038;p=502"},"modified":"2024-01-12T09:25:23","modified_gmt":"2024-01-12T09:25:23","slug":"mirror-stainless-steel-loop-sculpture","status":"publish","type":"product","link":"https:\/\/artvisionsculptures.com\/fr\/produit\/mirror-stainless-steel-loop-sculpture\/","title":{"rendered":"Sculpture Boucle en Acier Inoxydable Miroir"},"content":{"rendered":"<div id=\"smv_tem_28_34\" class=\"esmartMargin smartAbs\">\n<div class=\"yibuFrameContent tem_28_34 area_Style1\">\n<div class=\"w-container\" data-effect-name=\"enterTop\">\n<div id=\"smc_Area0\" class=\"smAreaC\">\n<div id=\"smv_tem_25_25\" class=\"smartRecpt esmartMargin smartAbs\">\n<div class=\"yibuFrameContent tem_25_25 productContentBind_Style1\">\n<div id=\"tem_25_25_txt\" class=\"w-detailcontent\">\n<div class=\"w-detail\">\n<p>La boucle est un \u00e9l\u00e9ment de conception courant pour les artistes, en particulier dans la conception et la fabrication de sculptures ext\u00e9rieures. Il s'agit d'une sculpture en boucle simple en acier inoxydable 304 d'une \u00e9paisseur de 3-4 mm, avec une finition miroir. Lors de la r\u00e9alisation d'une sculpture de 5 m de haut comme celle-ci, des structures suppl\u00e9mentaires doivent \u00eatre ajout\u00e9es \u00e0 l'int\u00e9rieur de la sculpture pour le support. Pour garantir sa s\u00e9curit\u00e9 et sa stabilit\u00e9.<\/p>\n<p>Elle est vraiment brillante et refl\u00e8te clairement son environnement. De plus, la boucle a une belle connotation de pl\u00e9nitude et d'int\u00e9gralit\u00e9, et symbolise \u00e9galement l'harmonie et la beaut\u00e9.<\/p>\n<\/div>\n<\/div>\n<\/div>\n<\/div>\n<\/div>\n<\/div>\n<\/div>\n<\/div>\n<div id=\"smv_tem_26_2\" class=\"esmartMargin smartAbs\">\n<div class=\"yibuFrameContent tem_26_2 fullpageSlide_Style1\">\n<div id=\"lider_smv_tem_26_2_wrapper\">\n<div id=\"slider_smv_tem_26_2\" class=\"w-slide\" data-jssor-slider=\"1\">\n<div>\n<div data-scale-ratio=\"1\">\n<div class=\"w-slide-inner\" data-u=\"slides\"><\/div>\n<\/div>\n<\/div>\n<\/div>\n<\/div>\n<\/div>\n<\/div>","protected":false},"excerpt":{"rendered":"<p><strong>Informations de base :<\/strong><\/p>\n<p>Mat\u00e9riau : acier inoxydable 304<\/p>\n<p>Dimension : H5m<\/p>\n<p>Finition de surface : Polissage miroir<\/p>","protected":false},"featured_media":503,"template":"","meta":[],"product_cat":[46],"product_tag":[],"class_list":{"0":"post-502","1":"product","2":"type-product","3":"status-publish","4":"has-post-thumbnail","6":"product_cat-stainless-steel-sculpture","8":"first","9":"instock","10":"shipping-taxable","11":"product-type-simple"},"_links":{"self":[{"href":"https:\/\/artvisionsculptures.com\/fr\/wp-json\/wp\/v2\/product\/502","targetHints":{"allow":["GET"]}}],"collection":[{"href":"https:\/\/artvisionsculptures.com\/fr\/wp-json\/wp\/v2\/product"}],"about":[{"href":"https:\/\/artvisionsculptures.com\/fr\/wp-json\/wp\/v2\/types\/product"}],"version-history":[{"count":2,"href":"https:\/\/artvisionsculptures.com\/fr\/wp-json\/wp\/v2\/product\/502\/revisions"}],"predecessor-version":[{"id":1116,"href":"https:\/\/artvisionsculptures.com\/fr\/wp-json\/wp\/v2\/product\/502\/revisions\/1116"}],"wp:featuredmedia":[{"embeddable":true,"href":"https:\/\/artvisionsculptures.com\/fr\/wp-json\/wp\/v2\/media\/503"}],"wp:attachment":[{"href":"https:\/\/artvisionsculptures.com\/fr\/wp-json\/wp\/v2\/media?parent=502"}],"wp:term":[{"taxonomy":"product_cat","embeddable":true,"href":"https:\/\/artvisionsculptures.com\/fr\/wp-json\/wp\/v2\/product_cat?post=502"},{"taxonomy":"product_tag","embeddable":true,"href":"https:\/\/artvisionsculptures.com\/fr\/wp-json\/wp\/v2\/product_tag?post=502"}],"curies":[{"name":"wp","href":"https:\/\/api.w.org\/{rel}","templated":true}]}}