{"id":512,"date":"2023-05-08T09:02:17","date_gmt":"2023-05-08T09:02:17","guid":{"rendered":"http:\/\/artvisionsculptures.com\/?post_type=product&#038;p=512"},"modified":"2024-01-12T09:13:40","modified_gmt":"2024-01-12T09:13:40","slug":"512","status":"publish","type":"product","link":"https:\/\/artvisionsculptures.com\/fr\/produit\/512\/","title":{"rendered":"Sculpture en acier inoxydable polie en forme de baiser"},"content":{"rendered":"<p class=\"p\">Il existe de nombreux types de pi\u00e8ces de danse \u00e0 deux, interpr\u00e9t\u00e9es par deux acteurs, enti\u00e8rement structur\u00e9es et ayant des th\u00e8mes distincts. Cette sculpture s'appelle Kiss, a \u00e9t\u00e9 con\u00e7ue par le c\u00e9l\u00e8bre artiste chinois M. Xu Hongfei. L'homme soutient doucement sa partenaire f\u00e9minine \u00e9lanc\u00e9e, qui a les bras tendus en arri\u00e8re, dans une combinaison vive de mouvement et d'imagerie.<\/p>\n<p>La sculpture dans son ensemble est r\u00e9alis\u00e9e en acier inoxydable 316L et mesure 1,2 m\u00e8tre de hauteur. Sa surface est finie avec un polissage miroir incomplet. Une base en acier inoxydable est fix\u00e9e en dessous de la sculpture, permettant \u00e0 l'ensemble de tenir debout de mani\u00e8re autonome, facilitant ainsi son d\u00e9placement et son transport.<\/p>","protected":false},"excerpt":{"rendered":"<p class=\"p\"><strong><span class=\"15\">Informations de base :<\/span><\/strong><\/p>\n<p class=\"p\">Mat\u00e9riau : acier inoxydable 316L<\/p>\n<p class=\"p\">Dimension : H1,2m<\/p>\n<p class=\"p\">Traitement de surface : Polissage<\/p>","protected":false},"featured_media":515,"template":"","meta":[],"product_cat":[46],"product_tag":[],"class_list":{"0":"post-512","1":"product","2":"type-product","3":"status-publish","4":"has-post-thumbnail","6":"product_cat-stainless-steel-sculpture","8":"first","9":"instock","10":"shipping-taxable","11":"product-type-simple"},"_links":{"self":[{"href":"https:\/\/artvisionsculptures.com\/fr\/wp-json\/wp\/v2\/product\/512","targetHints":{"allow":["GET"]}}],"collection":[{"href":"https:\/\/artvisionsculptures.com\/fr\/wp-json\/wp\/v2\/product"}],"about":[{"href":"https:\/\/artvisionsculptures.com\/fr\/wp-json\/wp\/v2\/types\/product"}],"version-history":[{"count":3,"href":"https:\/\/artvisionsculptures.com\/fr\/wp-json\/wp\/v2\/product\/512\/revisions"}],"predecessor-version":[{"id":1114,"href":"https:\/\/artvisionsculptures.com\/fr\/wp-json\/wp\/v2\/product\/512\/revisions\/1114"}],"wp:featuredmedia":[{"embeddable":true,"href":"https:\/\/artvisionsculptures.com\/fr\/wp-json\/wp\/v2\/media\/515"}],"wp:attachment":[{"href":"https:\/\/artvisionsculptures.com\/fr\/wp-json\/wp\/v2\/media?parent=512"}],"wp:term":[{"taxonomy":"product_cat","embeddable":true,"href":"https:\/\/artvisionsculptures.com\/fr\/wp-json\/wp\/v2\/product_cat?post=512"},{"taxonomy":"product_tag","embeddable":true,"href":"https:\/\/artvisionsculptures.com\/fr\/wp-json\/wp\/v2\/product_tag?post=512"}],"curies":[{"name":"wp","href":"https:\/\/api.w.org\/{rel}","templated":true}]}}